{"id":963,"date":"2020-11-03T18:32:21","date_gmt":"2020-11-03T18:32:21","guid":{"rendered":"https:\/\/airgunslp.com.ar\/home\/?post_type=product&#038;p=963"},"modified":"2026-04-23T12:42:57","modified_gmt":"2026-04-23T12:42:57","slug":"mira-telescopica-discovery-vt-2-8x44-sf-hmd-sfp-mil","status":"publish","type":"product","link":"https:\/\/airgunslp.com.ar\/home\/producto\/mira-telescopica-discovery-vt-2-8x44-sf-hmd-sfp-mil\/","title":{"rendered":"Mira Telesc\u00f3pica Discovery VT-2 8X44 SF HMD SFP MIL"},"content":{"rendered":"<ul>\n<li>Modelo: VT-2 8X44 SF HMD SFP MIL<\/li>\n<li>Aumentos: 8X<\/li>\n<li>Di\u00e1metro de Objetivo: 44mm<\/li>\n<li>Di\u00e1metro del Tubo: 30mm(1.1pulgadas)<\/li>\n<li>Largo: 31.4cm(12.26pulgadas)<\/li>\n<li>Peso: 478g(16.86oz)<\/li>\n<li>Ret\u00edculo: Mil Dot<\/li>\n<li>Plano Focal: Segundo Plano Focal<\/li>\n<li>Iluminaci\u00f3n: No<\/li>\n<li>Ajuste de Enfoque: Paralaje Lateral<\/li>\n<li>Ajuste del Paralaje Lateral(Yds): 10Yds-Infinito<\/li>\n<li>Zero Reset: Si<\/li>\n<li>Zero Stop: No<\/li>\n<li>Indicador de Revolucion: No<\/li>\n<li>Zero Lock: Si(Lock=Abajo)<\/li>\n<li>Valor de Ajuste por Click: 1\/10Mil<\/li>\n<li>Ajuste por Revolucion: 7.5MOA<\/li>\n<li>Recubrimiento: Lentes Multicapa<\/li>\n<li>Relleno de Nitr\u00f3geno: Si<\/li>\n<li>A Prueba de Golpes: Si<\/li>\n<li>A Prueba de Agua: si<\/li>\n<li>A Prueba de Niebla: Si<\/li>\n<\/ul>\n<h1 style=\"text-align: center;\"><\/h1>\n","protected":false},"excerpt":{"rendered":"<p>Modelo: VT-2 8X44 SF HMD SFP MIL Aumentos: 8X Di\u00e1metro de Objetivo: 44mm Di\u00e1metro del Tubo: 30mm(1.1pulgadas) Largo: 31.4cm(12.26pulgadas) Peso: 478g(16.86oz) Ret\u00edculo: Mil Dot Plano Focal: Segundo Plano Focal Iluminaci\u00f3n: No Ajuste de Enfoque: Paralaje Lateral Ajuste del Paralaje Lateral(Yds): 10Yds-Infinito Zero Reset: Si Zero Stop: No Indicador de Revolucion: No Zero Lock: Si(Lock=Abajo) Valor [&#8230;]\n","protected":false},"featured_media":968,"template":"","meta":{"_joinchat":[]},"yoast_head":"<!-- This site is optimized with the Yoast SEO plugin v23.3 - https:\/\/yoast.com\/wordpress\/plugins\/seo\/ -->\n<title>Mira Telesc\u00f3pica Discovery VT-2 8X44 SF HMD SFP MIL - AirGunsLP<\/title>\n<meta name=\"description\" content=\"Importador de armas de aire comprimido. Venta mayorista y minorista de todas las marcas nacionales. Stock permanente de todos los modelos.\" \/>\n<meta name=\"robots\" content=\"index, follow, max-snippet:-1, max-image-preview:large, max-video-preview:-1\" \/>\n<link rel=\"canonical\" href=\"https:\/\/airgunslp.com.ar\/home\/producto\/mira-telescopica-discovery-vt-2-8x44-sf-hmd-sfp-mil\/\" \/>\n<meta property=\"og:locale\" content=\"es_ES\" \/>\n<meta property=\"og:type\" content=\"article\" \/>\n<meta property=\"og:title\" content=\"Mira Telesc\u00f3pica Discovery VT-2 8X44 SF HMD SFP MIL - AirGunsLP\" \/>\n<meta property=\"og:description\" content=\"Importador de armas de aire comprimido. Venta mayorista y minorista de todas las marcas nacionales. Stock permanente de todos los modelos.\" \/>\n<meta property=\"og:url\" content=\"https:\/\/airgunslp.com.ar\/home\/producto\/mira-telescopica-discovery-vt-2-8x44-sf-hmd-sfp-mil\/\" \/>\n<meta property=\"og:site_name\" content=\"AirGunsLP\" \/>\n<meta property=\"article:publisher\" content=\"https:\/\/www.facebook.com\/airgunslp\/\" \/>\n<meta property=\"article:modified_time\" content=\"2026-04-23T12:42:57+00:00\" \/>\n<meta property=\"og:image\" content=\"https:\/\/airgunslp.com.ar\/home\/wp-content\/uploads\/1-1P926112H2-50.jpg\" \/>\n\t<meta property=\"og:image:width\" content=\"700\" \/>\n\t<meta property=\"og:image:height\" content=\"700\" \/>\n\t<meta property=\"og:image:type\" content=\"image\/jpeg\" \/>\n<meta name=\"twitter:card\" content=\"summary_large_image\" \/>\n<meta name=\"twitter:site\" content=\"@airgunslp\" \/>\n<script type=\"application\/ld+json\" class=\"yoast-schema-graph\">{\"@context\":\"https:\/\/schema.org\",\"@graph\":[{\"@type\":\"WebPage\",\"@id\":\"https:\/\/airgunslp.com.ar\/home\/producto\/mira-telescopica-discovery-vt-2-8x44-sf-hmd-sfp-mil\/\",\"url\":\"https:\/\/airgunslp.com.ar\/home\/producto\/mira-telescopica-discovery-vt-2-8x44-sf-hmd-sfp-mil\/\",\"name\":\"Mira Telesc\u00f3pica Discovery VT-2 8X44 SF HMD SFP MIL - AirGunsLP\",\"isPartOf\":{\"@id\":\"https:\/\/airgunslp.com.ar\/home\/#website\"},\"primaryImageOfPage\":{\"@id\":\"https:\/\/airgunslp.com.ar\/home\/producto\/mira-telescopica-discovery-vt-2-8x44-sf-hmd-sfp-mil\/#primaryimage\"},\"image\":{\"@id\":\"https:\/\/airgunslp.com.ar\/home\/producto\/mira-telescopica-discovery-vt-2-8x44-sf-hmd-sfp-mil\/#primaryimage\"},\"thumbnailUrl\":\"https:\/\/airgunslp.com.ar\/home\/wp-content\/uploads\/1-1P926112H2-50.jpg\",\"datePublished\":\"2020-11-03T18:32:21+00:00\",\"dateModified\":\"2026-04-23T12:42:57+00:00\",\"description\":\"Importador de armas de aire comprimido. Venta mayorista y minorista de todas las marcas nacionales. Stock permanente de todos los modelos.\",\"breadcrumb\":{\"@id\":\"https:\/\/airgunslp.com.ar\/home\/producto\/mira-telescopica-discovery-vt-2-8x44-sf-hmd-sfp-mil\/#breadcrumb\"},\"inLanguage\":\"es\",\"potentialAction\":[{\"@type\":\"ReadAction\",\"target\":[\"https:\/\/airgunslp.com.ar\/home\/producto\/mira-telescopica-discovery-vt-2-8x44-sf-hmd-sfp-mil\/\"]}]},{\"@type\":\"ImageObject\",\"inLanguage\":\"es\",\"@id\":\"https:\/\/airgunslp.com.ar\/home\/producto\/mira-telescopica-discovery-vt-2-8x44-sf-hmd-sfp-mil\/#primaryimage\",\"url\":\"https:\/\/airgunslp.com.ar\/home\/wp-content\/uploads\/1-1P926112H2-50.jpg\",\"contentUrl\":\"https:\/\/airgunslp.com.ar\/home\/wp-content\/uploads\/1-1P926112H2-50.jpg\",\"width\":700,\"height\":700},{\"@type\":\"BreadcrumbList\",\"@id\":\"https:\/\/airgunslp.com.ar\/home\/producto\/mira-telescopica-discovery-vt-2-8x44-sf-hmd-sfp-mil\/#breadcrumb\",\"itemListElement\":[{\"@type\":\"ListItem\",\"position\":1,\"name\":\"Portada\",\"item\":\"https:\/\/airgunslp.com.ar\/home\/\"},{\"@type\":\"ListItem\",\"position\":2,\"name\":\"Productos\",\"item\":\"https:\/\/airgunslp.com.ar\/home\/productos\/\"},{\"@type\":\"ListItem\",\"position\":3,\"name\":\"Mira Telesc\u00f3pica Discovery VT-2 8X44 SF HMD SFP MIL\"}]},{\"@type\":\"WebSite\",\"@id\":\"https:\/\/airgunslp.com.ar\/home\/#website\",\"url\":\"https:\/\/airgunslp.com.ar\/home\/\",\"name\":\"AirGunsLP\",\"description\":\"Venta de armas de aire comprimido\",\"potentialAction\":[{\"@type\":\"SearchAction\",\"target\":{\"@type\":\"EntryPoint\",\"urlTemplate\":\"https:\/\/airgunslp.com.ar\/home\/?s={search_term_string}\"},\"query-input\":\"required name=search_term_string\"}],\"inLanguage\":\"es\"}]}<\/script>\n<!-- \/ Yoast SEO plugin. -->","yoast_head_json":{"title":"Mira Telesc\u00f3pica Discovery VT-2 8X44 SF HMD SFP MIL - AirGunsLP","description":"Importador de armas de aire comprimido. Venta mayorista y minorista de todas las marcas nacionales. Stock permanente de todos los modelos.","robots":{"index":"index","follow":"follow","max-snippet":"max-snippet:-1","max-image-preview":"max-image-preview:large","max-video-preview":"max-video-preview:-1"},"canonical":"https:\/\/airgunslp.com.ar\/home\/producto\/mira-telescopica-discovery-vt-2-8x44-sf-hmd-sfp-mil\/","og_locale":"es_ES","og_type":"article","og_title":"Mira Telesc\u00f3pica Discovery VT-2 8X44 SF HMD SFP MIL - AirGunsLP","og_description":"Importador de armas de aire comprimido. Venta mayorista y minorista de todas las marcas nacionales. Stock permanente de todos los modelos.","og_url":"https:\/\/airgunslp.com.ar\/home\/producto\/mira-telescopica-discovery-vt-2-8x44-sf-hmd-sfp-mil\/","og_site_name":"AirGunsLP","article_publisher":"https:\/\/www.facebook.com\/airgunslp\/","article_modified_time":"2026-04-23T12:42:57+00:00","og_image":[{"width":700,"height":700,"url":"https:\/\/airgunslp.com.ar\/home\/wp-content\/uploads\/1-1P926112H2-50.jpg","type":"image\/jpeg"}],"twitter_card":"summary_large_image","twitter_site":"@airgunslp","schema":{"@context":"https:\/\/schema.org","@graph":[{"@type":"WebPage","@id":"https:\/\/airgunslp.com.ar\/home\/producto\/mira-telescopica-discovery-vt-2-8x44-sf-hmd-sfp-mil\/","url":"https:\/\/airgunslp.com.ar\/home\/producto\/mira-telescopica-discovery-vt-2-8x44-sf-hmd-sfp-mil\/","name":"Mira Telesc\u00f3pica Discovery VT-2 8X44 SF HMD SFP MIL - AirGunsLP","isPartOf":{"@id":"https:\/\/airgunslp.com.ar\/home\/#website"},"primaryImageOfPage":{"@id":"https:\/\/airgunslp.com.ar\/home\/producto\/mira-telescopica-discovery-vt-2-8x44-sf-hmd-sfp-mil\/#primaryimage"},"image":{"@id":"https:\/\/airgunslp.com.ar\/home\/producto\/mira-telescopica-discovery-vt-2-8x44-sf-hmd-sfp-mil\/#primaryimage"},"thumbnailUrl":"https:\/\/airgunslp.com.ar\/home\/wp-content\/uploads\/1-1P926112H2-50.jpg","datePublished":"2020-11-03T18:32:21+00:00","dateModified":"2026-04-23T12:42:57+00:00","description":"Importador de armas de aire comprimido. Venta mayorista y minorista de todas las marcas nacionales. Stock permanente de todos los modelos.","breadcrumb":{"@id":"https:\/\/airgunslp.com.ar\/home\/producto\/mira-telescopica-discovery-vt-2-8x44-sf-hmd-sfp-mil\/#breadcrumb"},"inLanguage":"es","potentialAction":[{"@type":"ReadAction","target":["https:\/\/airgunslp.com.ar\/home\/producto\/mira-telescopica-discovery-vt-2-8x44-sf-hmd-sfp-mil\/"]}]},{"@type":"ImageObject","inLanguage":"es","@id":"https:\/\/airgunslp.com.ar\/home\/producto\/mira-telescopica-discovery-vt-2-8x44-sf-hmd-sfp-mil\/#primaryimage","url":"https:\/\/airgunslp.com.ar\/home\/wp-content\/uploads\/1-1P926112H2-50.jpg","contentUrl":"https:\/\/airgunslp.com.ar\/home\/wp-content\/uploads\/1-1P926112H2-50.jpg","width":700,"height":700},{"@type":"BreadcrumbList","@id":"https:\/\/airgunslp.com.ar\/home\/producto\/mira-telescopica-discovery-vt-2-8x44-sf-hmd-sfp-mil\/#breadcrumb","itemListElement":[{"@type":"ListItem","position":1,"name":"Portada","item":"https:\/\/airgunslp.com.ar\/home\/"},{"@type":"ListItem","position":2,"name":"Productos","item":"https:\/\/airgunslp.com.ar\/home\/productos\/"},{"@type":"ListItem","position":3,"name":"Mira Telesc\u00f3pica Discovery VT-2 8X44 SF HMD SFP MIL"}]},{"@type":"WebSite","@id":"https:\/\/airgunslp.com.ar\/home\/#website","url":"https:\/\/airgunslp.com.ar\/home\/","name":"AirGunsLP","description":"Venta de armas de aire comprimido","potentialAction":[{"@type":"SearchAction","target":{"@type":"EntryPoint","urlTemplate":"https:\/\/airgunslp.com.ar\/home\/?s={search_term_string}"},"query-input":"required name=search_term_string"}],"inLanguage":"es"}]}},"_links":{"self":[{"href":"https:\/\/airgunslp.com.ar\/home\/wp-json\/wp\/v2\/product\/963"}],"collection":[{"href":"https:\/\/airgunslp.com.ar\/home\/wp-json\/wp\/v2\/product"}],"about":[{"href":"https:\/\/airgunslp.com.ar\/home\/wp-json\/wp\/v2\/types\/product"}],"wp:featuredmedia":[{"embeddable":true,"href":"https:\/\/airgunslp.com.ar\/home\/wp-json\/wp\/v2\/media\/968"}],"wp:attachment":[{"href":"https:\/\/airgunslp.com.ar\/home\/wp-json\/wp\/v2\/media?parent=963"}],"curies":[{"name":"wp","href":"https:\/\/api.w.org\/{rel}","templated":true}]}}