{"id":756,"date":"2019-09-26T12:24:56","date_gmt":"2019-09-26T12:24:56","guid":{"rendered":"https:\/\/airgunslp.com.ar\/home\/?post_type=product&#038;p=756"},"modified":"2026-02-13T16:06:00","modified_gmt":"2026-02-13T16:06:00","slug":"hn-baracuda-hunter-extreme-5-5mm","status":"publish","type":"product","link":"https:\/\/airgunslp.com.ar\/home\/producto\/hn-baracuda-hunter-extreme-5-5mm\/","title":{"rendered":"H&#038;N Baracuda Hunter Extreme 5.5mm"},"content":{"rendered":"<p>Bal\u00edn pesado, de precisi\u00f3n excepcional para distancias largas. Punta hueca profunda, en forma de cruz, para un gran efecto de choque y transferencia energ\u00e9tica r\u00e1pida. Propiedades aerodin\u00e1micas \u00f3ptimas para alta precisi\u00f3n. Liso.<\/p>\n<p>&nbsp;<\/p>\n<p>&nbsp;<\/p>\n","protected":false},"excerpt":{"rendered":"<p>Bal\u00edn pesado, de precisi\u00f3n excepcional para distancias largas. Punta hueca profunda, en forma de cruz, para un gran efecto de choque y transferencia energ\u00e9tica r\u00e1pida. Propiedades aerodin\u00e1micas \u00f3ptimas para alta precisi\u00f3n. Liso. &nbsp; &nbsp;<\/p>\n","protected":false},"featured_media":1576,"template":"","meta":{"_joinchat":[]},"yoast_head":"<!-- This site is optimized with the Yoast SEO plugin v23.3 - https:\/\/yoast.com\/wordpress\/plugins\/seo\/ -->\n<title>H&amp;N Baracuda Hunter Extreme 5.5mm - AirGunsLP<\/title>\n<meta name=\"description\" content=\"Importador de armas de aire comprimido. Venta mayorista y minorista de todas las marcas nacionales. Stock permanente de todos los modelos.\" \/>\n<meta name=\"robots\" content=\"index, follow, max-snippet:-1, max-image-preview:large, max-video-preview:-1\" \/>\n<link rel=\"canonical\" href=\"https:\/\/airgunslp.com.ar\/home\/producto\/hn-baracuda-hunter-extreme-5-5mm\/\" \/>\n<meta property=\"og:locale\" content=\"es_ES\" \/>\n<meta property=\"og:type\" content=\"article\" \/>\n<meta property=\"og:title\" content=\"H&amp;N Baracuda Hunter Extreme 5.5mm - AirGunsLP\" \/>\n<meta property=\"og:description\" content=\"Importador de armas de aire comprimido. Venta mayorista y minorista de todas las marcas nacionales. Stock permanente de todos los modelos.\" \/>\n<meta property=\"og:url\" content=\"https:\/\/airgunslp.com.ar\/home\/producto\/hn-baracuda-hunter-extreme-5-5mm\/\" \/>\n<meta property=\"og:site_name\" content=\"AirGunsLP\" \/>\n<meta property=\"article:publisher\" content=\"https:\/\/www.facebook.com\/airgunslp\/\" \/>\n<meta property=\"article:modified_time\" content=\"2026-02-13T16:06:00+00:00\" \/>\n<meta property=\"og:image\" content=\"https:\/\/airgunslp.com.ar\/home\/wp-content\/uploads\/Barracuda-Hunter-Extreme-55.png\" \/>\n\t<meta property=\"og:image:width\" content=\"500\" \/>\n\t<meta property=\"og:image:height\" content=\"500\" \/>\n\t<meta property=\"og:image:type\" content=\"image\/png\" \/>\n<meta name=\"twitter:card\" content=\"summary_large_image\" \/>\n<meta name=\"twitter:site\" content=\"@airgunslp\" \/>\n<script type=\"application\/ld+json\" class=\"yoast-schema-graph\">{\"@context\":\"https:\/\/schema.org\",\"@graph\":[{\"@type\":\"WebPage\",\"@id\":\"https:\/\/airgunslp.com.ar\/home\/producto\/hn-baracuda-hunter-extreme-5-5mm\/\",\"url\":\"https:\/\/airgunslp.com.ar\/home\/producto\/hn-baracuda-hunter-extreme-5-5mm\/\",\"name\":\"H&N Baracuda Hunter Extreme 5.5mm - AirGunsLP\",\"isPartOf\":{\"@id\":\"https:\/\/airgunslp.com.ar\/home\/#website\"},\"primaryImageOfPage\":{\"@id\":\"https:\/\/airgunslp.com.ar\/home\/producto\/hn-baracuda-hunter-extreme-5-5mm\/#primaryimage\"},\"image\":{\"@id\":\"https:\/\/airgunslp.com.ar\/home\/producto\/hn-baracuda-hunter-extreme-5-5mm\/#primaryimage\"},\"thumbnailUrl\":\"https:\/\/airgunslp.com.ar\/home\/wp-content\/uploads\/Barracuda-Hunter-Extreme-55.png\",\"datePublished\":\"2019-09-26T12:24:56+00:00\",\"dateModified\":\"2026-02-13T16:06:00+00:00\",\"description\":\"Importador de armas de aire comprimido. Venta mayorista y minorista de todas las marcas nacionales. Stock permanente de todos los modelos.\",\"breadcrumb\":{\"@id\":\"https:\/\/airgunslp.com.ar\/home\/producto\/hn-baracuda-hunter-extreme-5-5mm\/#breadcrumb\"},\"inLanguage\":\"es\",\"potentialAction\":[{\"@type\":\"ReadAction\",\"target\":[\"https:\/\/airgunslp.com.ar\/home\/producto\/hn-baracuda-hunter-extreme-5-5mm\/\"]}]},{\"@type\":\"ImageObject\",\"inLanguage\":\"es\",\"@id\":\"https:\/\/airgunslp.com.ar\/home\/producto\/hn-baracuda-hunter-extreme-5-5mm\/#primaryimage\",\"url\":\"https:\/\/airgunslp.com.ar\/home\/wp-content\/uploads\/Barracuda-Hunter-Extreme-55.png\",\"contentUrl\":\"https:\/\/airgunslp.com.ar\/home\/wp-content\/uploads\/Barracuda-Hunter-Extreme-55.png\",\"width\":500,\"height\":500},{\"@type\":\"BreadcrumbList\",\"@id\":\"https:\/\/airgunslp.com.ar\/home\/producto\/hn-baracuda-hunter-extreme-5-5mm\/#breadcrumb\",\"itemListElement\":[{\"@type\":\"ListItem\",\"position\":1,\"name\":\"Portada\",\"item\":\"https:\/\/airgunslp.com.ar\/home\/\"},{\"@type\":\"ListItem\",\"position\":2,\"name\":\"Productos\",\"item\":\"https:\/\/airgunslp.com.ar\/home\/productos\/\"},{\"@type\":\"ListItem\",\"position\":3,\"name\":\"H&#038;N Baracuda Hunter Extreme 5.5mm\"}]},{\"@type\":\"WebSite\",\"@id\":\"https:\/\/airgunslp.com.ar\/home\/#website\",\"url\":\"https:\/\/airgunslp.com.ar\/home\/\",\"name\":\"AirGunsLP\",\"description\":\"Venta de armas de aire comprimido\",\"potentialAction\":[{\"@type\":\"SearchAction\",\"target\":{\"@type\":\"EntryPoint\",\"urlTemplate\":\"https:\/\/airgunslp.com.ar\/home\/?s={search_term_string}\"},\"query-input\":\"required name=search_term_string\"}],\"inLanguage\":\"es\"}]}<\/script>\n<!-- \/ Yoast SEO plugin. -->","yoast_head_json":{"title":"H&N Baracuda Hunter Extreme 5.5mm - AirGunsLP","description":"Importador de armas de aire comprimido. Venta mayorista y minorista de todas las marcas nacionales. Stock permanente de todos los modelos.","robots":{"index":"index","follow":"follow","max-snippet":"max-snippet:-1","max-image-preview":"max-image-preview:large","max-video-preview":"max-video-preview:-1"},"canonical":"https:\/\/airgunslp.com.ar\/home\/producto\/hn-baracuda-hunter-extreme-5-5mm\/","og_locale":"es_ES","og_type":"article","og_title":"H&N Baracuda Hunter Extreme 5.5mm - AirGunsLP","og_description":"Importador de armas de aire comprimido. Venta mayorista y minorista de todas las marcas nacionales. Stock permanente de todos los modelos.","og_url":"https:\/\/airgunslp.com.ar\/home\/producto\/hn-baracuda-hunter-extreme-5-5mm\/","og_site_name":"AirGunsLP","article_publisher":"https:\/\/www.facebook.com\/airgunslp\/","article_modified_time":"2026-02-13T16:06:00+00:00","og_image":[{"width":500,"height":500,"url":"https:\/\/airgunslp.com.ar\/home\/wp-content\/uploads\/Barracuda-Hunter-Extreme-55.png","type":"image\/png"}],"twitter_card":"summary_large_image","twitter_site":"@airgunslp","schema":{"@context":"https:\/\/schema.org","@graph":[{"@type":"WebPage","@id":"https:\/\/airgunslp.com.ar\/home\/producto\/hn-baracuda-hunter-extreme-5-5mm\/","url":"https:\/\/airgunslp.com.ar\/home\/producto\/hn-baracuda-hunter-extreme-5-5mm\/","name":"H&N Baracuda Hunter Extreme 5.5mm - AirGunsLP","isPartOf":{"@id":"https:\/\/airgunslp.com.ar\/home\/#website"},"primaryImageOfPage":{"@id":"https:\/\/airgunslp.com.ar\/home\/producto\/hn-baracuda-hunter-extreme-5-5mm\/#primaryimage"},"image":{"@id":"https:\/\/airgunslp.com.ar\/home\/producto\/hn-baracuda-hunter-extreme-5-5mm\/#primaryimage"},"thumbnailUrl":"https:\/\/airgunslp.com.ar\/home\/wp-content\/uploads\/Barracuda-Hunter-Extreme-55.png","datePublished":"2019-09-26T12:24:56+00:00","dateModified":"2026-02-13T16:06:00+00:00","description":"Importador de armas de aire comprimido. Venta mayorista y minorista de todas las marcas nacionales. Stock permanente de todos los modelos.","breadcrumb":{"@id":"https:\/\/airgunslp.com.ar\/home\/producto\/hn-baracuda-hunter-extreme-5-5mm\/#breadcrumb"},"inLanguage":"es","potentialAction":[{"@type":"ReadAction","target":["https:\/\/airgunslp.com.ar\/home\/producto\/hn-baracuda-hunter-extreme-5-5mm\/"]}]},{"@type":"ImageObject","inLanguage":"es","@id":"https:\/\/airgunslp.com.ar\/home\/producto\/hn-baracuda-hunter-extreme-5-5mm\/#primaryimage","url":"https:\/\/airgunslp.com.ar\/home\/wp-content\/uploads\/Barracuda-Hunter-Extreme-55.png","contentUrl":"https:\/\/airgunslp.com.ar\/home\/wp-content\/uploads\/Barracuda-Hunter-Extreme-55.png","width":500,"height":500},{"@type":"BreadcrumbList","@id":"https:\/\/airgunslp.com.ar\/home\/producto\/hn-baracuda-hunter-extreme-5-5mm\/#breadcrumb","itemListElement":[{"@type":"ListItem","position":1,"name":"Portada","item":"https:\/\/airgunslp.com.ar\/home\/"},{"@type":"ListItem","position":2,"name":"Productos","item":"https:\/\/airgunslp.com.ar\/home\/productos\/"},{"@type":"ListItem","position":3,"name":"H&#038;N Baracuda Hunter Extreme 5.5mm"}]},{"@type":"WebSite","@id":"https:\/\/airgunslp.com.ar\/home\/#website","url":"https:\/\/airgunslp.com.ar\/home\/","name":"AirGunsLP","description":"Venta de armas de aire comprimido","potentialAction":[{"@type":"SearchAction","target":{"@type":"EntryPoint","urlTemplate":"https:\/\/airgunslp.com.ar\/home\/?s={search_term_string}"},"query-input":"required name=search_term_string"}],"inLanguage":"es"}]}},"_links":{"self":[{"href":"https:\/\/airgunslp.com.ar\/home\/wp-json\/wp\/v2\/product\/756"}],"collection":[{"href":"https:\/\/airgunslp.com.ar\/home\/wp-json\/wp\/v2\/product"}],"about":[{"href":"https:\/\/airgunslp.com.ar\/home\/wp-json\/wp\/v2\/types\/product"}],"wp:featuredmedia":[{"embeddable":true,"href":"https:\/\/airgunslp.com.ar\/home\/wp-json\/wp\/v2\/media\/1576"}],"wp:attachment":[{"href":"https:\/\/airgunslp.com.ar\/home\/wp-json\/wp\/v2\/media?parent=756"}],"curies":[{"name":"wp","href":"https:\/\/api.w.org\/{rel}","templated":true}]}}