{"id":693,"date":"2019-09-23T20:09:01","date_gmt":"2019-09-23T20:09:01","guid":{"rendered":"https:\/\/airgunslp.com.ar\/home\/?post_type=product&#038;p=693"},"modified":"2023-02-13T13:09:36","modified_gmt":"2023-02-13T13:09:36","slug":"carabina-shark-pcp-deposito-negro-cal-5-5mm-cano-largo","status":"publish","type":"product","link":"https:\/\/airgunslp.com.ar\/home\/producto\/carabina-shark-pcp-deposito-negro-cal-5-5mm-cano-largo\/","title":{"rendered":"CARABINA SHARK PCP DEPOSITO NEGRO, CAL 5.5MM (ca\u00f1o largo)"},"content":{"rendered":"<p>&nbsp;<\/p>\n<ul>\n<li>Este rifle permite recargarse con di\u00f3xido de carbono (CO2, usando garrafa Drago) como con aire o nitr\u00f3geno<\/li>\n<li>Ca\u00f1\u00f3n de 24\u201d ( 610 mm.)<\/li>\n<li>Con CO2:<br \/>\nAutonom\u00eda 30 disparos a 210 m \/seg (700 fps) con bal\u00edn de 1 Gramo<\/li>\n<li>Con Aire \u00f3 Nitr\u00f3geno:<br \/>\nAutonom\u00eda 20 disparos a 340 m \/seg. (1100 fps) promedio con bal\u00edn de 1 Gramo.<\/li>\n<li>Cantonera de goma<\/li>\n<li>Culata de madera lustrada<\/li>\n<li>Solidez, confiabilidad y sencillez de mecanismos<\/li>\n<li>Garant\u00eda y repuestos disponibles<\/li>\n<li>CARGA DE 200 BARES DE AIRE<\/li>\n<\/ul>\n<p>&nbsp;<\/p>\n<p>&nbsp;<\/p>\n","protected":false},"excerpt":{"rendered":"<p>&nbsp; Este rifle permite recargarse con di\u00f3xido de carbono (CO2, usando garrafa Drago) como con aire o nitr\u00f3geno Ca\u00f1\u00f3n de 24\u201d ( 610 mm.) Con CO2: Autonom\u00eda 30 disparos a 210 m \/seg (700 fps) con bal\u00edn de 1 Gramo Con Aire \u00f3 Nitr\u00f3geno: Autonom\u00eda 20 disparos a 340 m \/seg. (1100 fps) promedio con [&#8230;]\n","protected":false},"featured_media":0,"template":"","meta":{"_joinchat":[]},"yoast_head":"<!-- This site is optimized with the Yoast SEO plugin v23.3 - https:\/\/yoast.com\/wordpress\/plugins\/seo\/ -->\n<title>CARABINA SHARK PCP DEPOSITO NEGRO, CAL 5.5MM (ca\u00f1o largo) - AirGunsLP<\/title>\n<meta name=\"description\" content=\"Importador de armas de aire comprimido. Venta mayorista y minorista de todas las marcas nacionales. Stock permanente de todos los modelos.\" \/>\n<meta name=\"robots\" content=\"index, follow, max-snippet:-1, max-image-preview:large, max-video-preview:-1\" \/>\n<link rel=\"canonical\" href=\"https:\/\/airgunslp.com.ar\/home\/producto\/carabina-shark-pcp-deposito-negro-cal-5-5mm-cano-largo\/\" \/>\n<meta property=\"og:locale\" content=\"es_ES\" \/>\n<meta property=\"og:type\" content=\"article\" \/>\n<meta property=\"og:title\" content=\"CARABINA SHARK PCP DEPOSITO NEGRO, CAL 5.5MM (ca\u00f1o largo) - AirGunsLP\" \/>\n<meta property=\"og:description\" content=\"Importador de armas de aire comprimido. Venta mayorista y minorista de todas las marcas nacionales. Stock permanente de todos los modelos.\" \/>\n<meta property=\"og:url\" content=\"https:\/\/airgunslp.com.ar\/home\/producto\/carabina-shark-pcp-deposito-negro-cal-5-5mm-cano-largo\/\" \/>\n<meta property=\"og:site_name\" content=\"AirGunsLP\" \/>\n<meta property=\"article:publisher\" content=\"https:\/\/www.facebook.com\/airgunslp\/\" \/>\n<meta property=\"article:modified_time\" content=\"2023-02-13T13:09:36+00:00\" \/>\n<meta name=\"twitter:card\" content=\"summary_large_image\" \/>\n<meta name=\"twitter:site\" content=\"@airgunslp\" \/>\n<script type=\"application\/ld+json\" class=\"yoast-schema-graph\">{\"@context\":\"https:\/\/schema.org\",\"@graph\":[{\"@type\":\"WebPage\",\"@id\":\"https:\/\/airgunslp.com.ar\/home\/producto\/carabina-shark-pcp-deposito-negro-cal-5-5mm-cano-largo\/\",\"url\":\"https:\/\/airgunslp.com.ar\/home\/producto\/carabina-shark-pcp-deposito-negro-cal-5-5mm-cano-largo\/\",\"name\":\"CARABINA SHARK PCP DEPOSITO NEGRO, CAL 5.5MM (ca\u00f1o largo) - AirGunsLP\",\"isPartOf\":{\"@id\":\"https:\/\/airgunslp.com.ar\/home\/#website\"},\"datePublished\":\"2019-09-23T20:09:01+00:00\",\"dateModified\":\"2023-02-13T13:09:36+00:00\",\"description\":\"Importador de armas de aire comprimido. Venta mayorista y minorista de todas las marcas nacionales. Stock permanente de todos los modelos.\",\"breadcrumb\":{\"@id\":\"https:\/\/airgunslp.com.ar\/home\/producto\/carabina-shark-pcp-deposito-negro-cal-5-5mm-cano-largo\/#breadcrumb\"},\"inLanguage\":\"es\",\"potentialAction\":[{\"@type\":\"ReadAction\",\"target\":[\"https:\/\/airgunslp.com.ar\/home\/producto\/carabina-shark-pcp-deposito-negro-cal-5-5mm-cano-largo\/\"]}]},{\"@type\":\"BreadcrumbList\",\"@id\":\"https:\/\/airgunslp.com.ar\/home\/producto\/carabina-shark-pcp-deposito-negro-cal-5-5mm-cano-largo\/#breadcrumb\",\"itemListElement\":[{\"@type\":\"ListItem\",\"position\":1,\"name\":\"Portada\",\"item\":\"https:\/\/airgunslp.com.ar\/home\/\"},{\"@type\":\"ListItem\",\"position\":2,\"name\":\"Productos\",\"item\":\"https:\/\/airgunslp.com.ar\/home\/productos\/\"},{\"@type\":\"ListItem\",\"position\":3,\"name\":\"CARABINA SHARK PCP DEPOSITO NEGRO, CAL 5.5MM (ca\u00f1o largo)\"}]},{\"@type\":\"WebSite\",\"@id\":\"https:\/\/airgunslp.com.ar\/home\/#website\",\"url\":\"https:\/\/airgunslp.com.ar\/home\/\",\"name\":\"AirGunsLP\",\"description\":\"Venta de armas de aire comprimido\",\"potentialAction\":[{\"@type\":\"SearchAction\",\"target\":{\"@type\":\"EntryPoint\",\"urlTemplate\":\"https:\/\/airgunslp.com.ar\/home\/?s={search_term_string}\"},\"query-input\":\"required name=search_term_string\"}],\"inLanguage\":\"es\"}]}<\/script>\n<!-- \/ Yoast SEO plugin. -->","yoast_head_json":{"title":"CARABINA SHARK PCP DEPOSITO NEGRO, CAL 5.5MM (ca\u00f1o largo) - AirGunsLP","description":"Importador de armas de aire comprimido. Venta mayorista y minorista de todas las marcas nacionales. Stock permanente de todos los modelos.","robots":{"index":"index","follow":"follow","max-snippet":"max-snippet:-1","max-image-preview":"max-image-preview:large","max-video-preview":"max-video-preview:-1"},"canonical":"https:\/\/airgunslp.com.ar\/home\/producto\/carabina-shark-pcp-deposito-negro-cal-5-5mm-cano-largo\/","og_locale":"es_ES","og_type":"article","og_title":"CARABINA SHARK PCP DEPOSITO NEGRO, CAL 5.5MM (ca\u00f1o largo) - AirGunsLP","og_description":"Importador de armas de aire comprimido. Venta mayorista y minorista de todas las marcas nacionales. Stock permanente de todos los modelos.","og_url":"https:\/\/airgunslp.com.ar\/home\/producto\/carabina-shark-pcp-deposito-negro-cal-5-5mm-cano-largo\/","og_site_name":"AirGunsLP","article_publisher":"https:\/\/www.facebook.com\/airgunslp\/","article_modified_time":"2023-02-13T13:09:36+00:00","twitter_card":"summary_large_image","twitter_site":"@airgunslp","schema":{"@context":"https:\/\/schema.org","@graph":[{"@type":"WebPage","@id":"https:\/\/airgunslp.com.ar\/home\/producto\/carabina-shark-pcp-deposito-negro-cal-5-5mm-cano-largo\/","url":"https:\/\/airgunslp.com.ar\/home\/producto\/carabina-shark-pcp-deposito-negro-cal-5-5mm-cano-largo\/","name":"CARABINA SHARK PCP DEPOSITO NEGRO, CAL 5.5MM (ca\u00f1o largo) - AirGunsLP","isPartOf":{"@id":"https:\/\/airgunslp.com.ar\/home\/#website"},"datePublished":"2019-09-23T20:09:01+00:00","dateModified":"2023-02-13T13:09:36+00:00","description":"Importador de armas de aire comprimido. Venta mayorista y minorista de todas las marcas nacionales. Stock permanente de todos los modelos.","breadcrumb":{"@id":"https:\/\/airgunslp.com.ar\/home\/producto\/carabina-shark-pcp-deposito-negro-cal-5-5mm-cano-largo\/#breadcrumb"},"inLanguage":"es","potentialAction":[{"@type":"ReadAction","target":["https:\/\/airgunslp.com.ar\/home\/producto\/carabina-shark-pcp-deposito-negro-cal-5-5mm-cano-largo\/"]}]},{"@type":"BreadcrumbList","@id":"https:\/\/airgunslp.com.ar\/home\/producto\/carabina-shark-pcp-deposito-negro-cal-5-5mm-cano-largo\/#breadcrumb","itemListElement":[{"@type":"ListItem","position":1,"name":"Portada","item":"https:\/\/airgunslp.com.ar\/home\/"},{"@type":"ListItem","position":2,"name":"Productos","item":"https:\/\/airgunslp.com.ar\/home\/productos\/"},{"@type":"ListItem","position":3,"name":"CARABINA SHARK PCP DEPOSITO NEGRO, CAL 5.5MM (ca\u00f1o largo)"}]},{"@type":"WebSite","@id":"https:\/\/airgunslp.com.ar\/home\/#website","url":"https:\/\/airgunslp.com.ar\/home\/","name":"AirGunsLP","description":"Venta de armas de aire comprimido","potentialAction":[{"@type":"SearchAction","target":{"@type":"EntryPoint","urlTemplate":"https:\/\/airgunslp.com.ar\/home\/?s={search_term_string}"},"query-input":"required name=search_term_string"}],"inLanguage":"es"}]}},"_links":{"self":[{"href":"https:\/\/airgunslp.com.ar\/home\/wp-json\/wp\/v2\/product\/693"}],"collection":[{"href":"https:\/\/airgunslp.com.ar\/home\/wp-json\/wp\/v2\/product"}],"about":[{"href":"https:\/\/airgunslp.com.ar\/home\/wp-json\/wp\/v2\/types\/product"}],"wp:attachment":[{"href":"https:\/\/airgunslp.com.ar\/home\/wp-json\/wp\/v2\/media?parent=693"}],"curies":[{"name":"wp","href":"https:\/\/api.w.org\/{rel}","templated":true}]}}