{"id":680,"date":"2019-09-23T13:51:25","date_gmt":"2019-09-23T13:51:25","guid":{"rendered":"https:\/\/airgunslp.com.ar\/home\/?post_type=product&#038;p=680"},"modified":"2026-04-22T18:07:15","modified_gmt":"2026-04-22T18:07:15","slug":"air-arms-s410-zurdo-45mm-16j-culata-de-nogal","status":"publish","type":"product","link":"https:\/\/airgunslp.com.ar\/home\/producto\/air-arms-s410-zurdo-45mm-16j-culata-de-nogal\/","title":{"rendered":"Air Arms S410 zurdo (4,5mm, 16J, culata de nogal)"},"content":{"rendered":"<h1>S410 Sporter: donde el estilo cl\u00e1sico se encuentra con el m\u00e1ximo rendimiento en la cacer\u00eda.<\/h1>\n<p>&nbsp;<\/p>\n<p>El rifle Air Arms S410 es el rifle PCP cl\u00e1sico de tiro deportivo galardonado a trav\u00e9s del mundo entero del tiro con armas de aire comprimido como el m\u00e1s fino en su clase. Dise\u00f1ado y construido de acuerdo los m\u00e1s altos est\u00e1ndares, y con una merecida reputaci\u00f3n para la satisfacci\u00f3n de sus usuarios, hacen al Air Arms S410 la primera elecci\u00f3n para los participantes de eventos de fiel target de todo el mundo.<\/p>\n<p>El S410 es una combinaci\u00f3n funcional de precisi\u00f3n quir\u00fargica, confiabilidad y dise\u00f1o cl\u00e1sico. Con su acci\u00f3n a cerrojo y sistema de cargador multi tiro, usted descubrir\u00e1 un grado de satisfacci\u00f3n altamente agradable gracias al rendimiento de su comportamiento. Tras el paso del tiempo, nuestros equipos de pruebas, y junto a nuestros clientes han registrado sesiones de tiro en las que logran hacer agrupaciones incre\u00edblemente cerradas con sus S410, en rangos de tiro mucho mayores a las de los rangos habituales de caza.<\/p>\n<p>Esta acci\u00f3n mec\u00e1nica del Air Arms S410 se encuentra junto a una hermosa culata elaborada por el Minelli Group, dise\u00f1ada con el fin de guiarlo al \u00e9xito de cada disparo que usted merece. Preg\u00fantele a cualquiera que posea un Air Arms S410 y le dir\u00e1 por que este rifle posee su status como uno de los rifles deportivos de air comprimido m\u00e1s populares del mundo.<\/p>\n<p>&nbsp;<\/p>\n<p>&nbsp;<\/p>\n<h4>Caracter\u00edsticas:<\/h4>\n<ul>\n<li>Acci\u00f3n a cerrojo tradicional.<\/li>\n<li>Pico de carga de acero inoxidable con filtro de 20 micrones.<\/li>\n<li>Gatillo regulable de dos etapas.<\/li>\n<li>Seguro de accionamiento manual montado en el gatillo.<\/li>\n<li>Breech ancho, para facilitar la carga de los balines.<\/li>\n<li>Man\u00f3metro incorporado.<\/li>\n<li>Un cargador de 10 balines.<\/li>\n<li>Riel de 11mm para montar mira telesc\u00f3pica (mira no incluida).<\/li>\n<li>Culata montecarlo de madera de nogal, para tiradores zurdos.<\/li>\n<\/ul>\n<p>&nbsp;<\/p>\n<p>&nbsp;<\/p>\n<h4>Especificaciones t\u00e9cnicas:<\/h4>\n<table width=\"573\">\n<tbody>\n<tr>\n<td width=\"76\"><strong>Formato:<\/strong><\/td>\n<td width=\"59\"><strong>Peso:<\/strong><\/td>\n<td width=\"68\"><strong>Largo:<\/strong><\/td>\n<td width=\"63\"><strong>Largo del ca\u00f1\u00f3n:<\/strong><\/td>\n<td width=\"65\"><strong>Calibre:<\/strong><\/td>\n<td width=\"68\"><strong>Energ\u00eda:<\/strong><\/td>\n<td width=\"98\"><strong>Autonom\u00eda:<\/strong><\/td>\n<td width=\"76\"><strong>Presi\u00f3n de llenado m\u00e1xima:<\/strong><\/td>\n<\/tr>\n<tr>\n<td width=\"76\">Rifle PCP tiro a tiro de acci\u00f3n a cerrojo<\/td>\n<td width=\"59\">3,1Kg (culata de nogal)<\/td>\n<td width=\"68\">1020mm<\/td>\n<td width=\"63\">493mm<\/td>\n<td width=\"65\">4,5mm<\/td>\n<td width=\"68\">16J<\/td>\n<td width=\"98\">80 disparos por carga de aire<\/td>\n<td width=\"76\">190bar<\/td>\n<\/tr>\n<\/tbody>\n<\/table>\n<h1 style=\"text-align: center;\"><\/h1>\n","protected":false},"excerpt":{"rendered":"<p>S410 Sporter: donde el estilo cl\u00e1sico se encuentra con el m\u00e1ximo rendimiento en la cacer\u00eda. &nbsp; El rifle Air Arms S410 es el rifle PCP cl\u00e1sico de tiro deportivo galardonado a trav\u00e9s del mundo entero del tiro con armas de aire comprimido como el m\u00e1s fino en su clase. Dise\u00f1ado y construido de acuerdo los [&#8230;]\n","protected":false},"featured_media":284,"template":"","meta":{"_joinchat":[]},"yoast_head":"<!-- This site is optimized with the Yoast SEO plugin v23.3 - https:\/\/yoast.com\/wordpress\/plugins\/seo\/ -->\n<title>Air Arms S410 zurdo (4,5mm, 16J, culata de nogal) - AirGunsLP<\/title>\n<meta name=\"description\" content=\"Importador de armas de aire comprimido. Venta mayorista y minorista de todas las marcas nacionales. Stock permanente de todos los modelos.\" \/>\n<meta name=\"robots\" content=\"index, follow, max-snippet:-1, max-image-preview:large, max-video-preview:-1\" \/>\n<link rel=\"canonical\" href=\"https:\/\/airgunslp.com.ar\/home\/producto\/air-arms-s410-zurdo-45mm-16j-culata-de-nogal\/\" \/>\n<meta property=\"og:locale\" content=\"es_ES\" \/>\n<meta property=\"og:type\" content=\"article\" \/>\n<meta property=\"og:title\" content=\"Air Arms S410 zurdo (4,5mm, 16J, culata de nogal) - AirGunsLP\" \/>\n<meta property=\"og:description\" content=\"Importador de armas de aire comprimido. Venta mayorista y minorista de todas las marcas nacionales. Stock permanente de todos los modelos.\" \/>\n<meta property=\"og:url\" content=\"https:\/\/airgunslp.com.ar\/home\/producto\/air-arms-s410-zurdo-45mm-16j-culata-de-nogal\/\" \/>\n<meta property=\"og:site_name\" content=\"AirGunsLP\" \/>\n<meta property=\"article:publisher\" content=\"https:\/\/www.facebook.com\/airgunslp\/\" \/>\n<meta property=\"article:modified_time\" content=\"2026-04-22T18:07:15+00:00\" \/>\n<meta property=\"og:image\" content=\"https:\/\/airgunslp.com.ar\/home\/wp-content\/uploads\/AAS410.jpg\" \/>\n\t<meta property=\"og:image:width\" content=\"500\" \/>\n\t<meta property=\"og:image:height\" content=\"500\" \/>\n\t<meta property=\"og:image:type\" content=\"image\/jpeg\" \/>\n<meta name=\"twitter:card\" content=\"summary_large_image\" \/>\n<meta name=\"twitter:site\" content=\"@airgunslp\" \/>\n<meta name=\"twitter:label1\" content=\"Tiempo de lectura\" \/>\n\t<meta name=\"twitter:data1\" content=\"2 minutos\" \/>\n<script type=\"application\/ld+json\" class=\"yoast-schema-graph\">{\"@context\":\"https:\/\/schema.org\",\"@graph\":[{\"@type\":\"WebPage\",\"@id\":\"https:\/\/airgunslp.com.ar\/home\/producto\/air-arms-s410-zurdo-45mm-16j-culata-de-nogal\/\",\"url\":\"https:\/\/airgunslp.com.ar\/home\/producto\/air-arms-s410-zurdo-45mm-16j-culata-de-nogal\/\",\"name\":\"Air Arms S410 zurdo (4,5mm, 16J, culata de nogal) - AirGunsLP\",\"isPartOf\":{\"@id\":\"https:\/\/airgunslp.com.ar\/home\/#website\"},\"primaryImageOfPage\":{\"@id\":\"https:\/\/airgunslp.com.ar\/home\/producto\/air-arms-s410-zurdo-45mm-16j-culata-de-nogal\/#primaryimage\"},\"image\":{\"@id\":\"https:\/\/airgunslp.com.ar\/home\/producto\/air-arms-s410-zurdo-45mm-16j-culata-de-nogal\/#primaryimage\"},\"thumbnailUrl\":\"https:\/\/airgunslp.com.ar\/home\/wp-content\/uploads\/AAS410.jpg\",\"datePublished\":\"2019-09-23T13:51:25+00:00\",\"dateModified\":\"2026-04-22T18:07:15+00:00\",\"description\":\"Importador de armas de aire comprimido. Venta mayorista y minorista de todas las marcas nacionales. Stock permanente de todos los modelos.\",\"breadcrumb\":{\"@id\":\"https:\/\/airgunslp.com.ar\/home\/producto\/air-arms-s410-zurdo-45mm-16j-culata-de-nogal\/#breadcrumb\"},\"inLanguage\":\"es\",\"potentialAction\":[{\"@type\":\"ReadAction\",\"target\":[\"https:\/\/airgunslp.com.ar\/home\/producto\/air-arms-s410-zurdo-45mm-16j-culata-de-nogal\/\"]}]},{\"@type\":\"ImageObject\",\"inLanguage\":\"es\",\"@id\":\"https:\/\/airgunslp.com.ar\/home\/producto\/air-arms-s410-zurdo-45mm-16j-culata-de-nogal\/#primaryimage\",\"url\":\"https:\/\/airgunslp.com.ar\/home\/wp-content\/uploads\/AAS410.jpg\",\"contentUrl\":\"https:\/\/airgunslp.com.ar\/home\/wp-content\/uploads\/AAS410.jpg\",\"width\":500,\"height\":500},{\"@type\":\"BreadcrumbList\",\"@id\":\"https:\/\/airgunslp.com.ar\/home\/producto\/air-arms-s410-zurdo-45mm-16j-culata-de-nogal\/#breadcrumb\",\"itemListElement\":[{\"@type\":\"ListItem\",\"position\":1,\"name\":\"Portada\",\"item\":\"https:\/\/airgunslp.com.ar\/home\/\"},{\"@type\":\"ListItem\",\"position\":2,\"name\":\"Productos\",\"item\":\"https:\/\/airgunslp.com.ar\/home\/productos\/\"},{\"@type\":\"ListItem\",\"position\":3,\"name\":\"Air Arms S410 zurdo (4,5mm, 16J, culata de nogal)\"}]},{\"@type\":\"WebSite\",\"@id\":\"https:\/\/airgunslp.com.ar\/home\/#website\",\"url\":\"https:\/\/airgunslp.com.ar\/home\/\",\"name\":\"AirGunsLP\",\"description\":\"Venta de armas de aire comprimido\",\"potentialAction\":[{\"@type\":\"SearchAction\",\"target\":{\"@type\":\"EntryPoint\",\"urlTemplate\":\"https:\/\/airgunslp.com.ar\/home\/?s={search_term_string}\"},\"query-input\":\"required name=search_term_string\"}],\"inLanguage\":\"es\"}]}<\/script>\n<!-- \/ Yoast SEO plugin. -->","yoast_head_json":{"title":"Air Arms S410 zurdo (4,5mm, 16J, culata de nogal) - AirGunsLP","description":"Importador de armas de aire comprimido. Venta mayorista y minorista de todas las marcas nacionales. Stock permanente de todos los modelos.","robots":{"index":"index","follow":"follow","max-snippet":"max-snippet:-1","max-image-preview":"max-image-preview:large","max-video-preview":"max-video-preview:-1"},"canonical":"https:\/\/airgunslp.com.ar\/home\/producto\/air-arms-s410-zurdo-45mm-16j-culata-de-nogal\/","og_locale":"es_ES","og_type":"article","og_title":"Air Arms S410 zurdo (4,5mm, 16J, culata de nogal) - AirGunsLP","og_description":"Importador de armas de aire comprimido. Venta mayorista y minorista de todas las marcas nacionales. Stock permanente de todos los modelos.","og_url":"https:\/\/airgunslp.com.ar\/home\/producto\/air-arms-s410-zurdo-45mm-16j-culata-de-nogal\/","og_site_name":"AirGunsLP","article_publisher":"https:\/\/www.facebook.com\/airgunslp\/","article_modified_time":"2026-04-22T18:07:15+00:00","og_image":[{"width":500,"height":500,"url":"https:\/\/airgunslp.com.ar\/home\/wp-content\/uploads\/AAS410.jpg","type":"image\/jpeg"}],"twitter_card":"summary_large_image","twitter_site":"@airgunslp","twitter_misc":{"Tiempo de lectura":"2 minutos"},"schema":{"@context":"https:\/\/schema.org","@graph":[{"@type":"WebPage","@id":"https:\/\/airgunslp.com.ar\/home\/producto\/air-arms-s410-zurdo-45mm-16j-culata-de-nogal\/","url":"https:\/\/airgunslp.com.ar\/home\/producto\/air-arms-s410-zurdo-45mm-16j-culata-de-nogal\/","name":"Air Arms S410 zurdo (4,5mm, 16J, culata de nogal) - AirGunsLP","isPartOf":{"@id":"https:\/\/airgunslp.com.ar\/home\/#website"},"primaryImageOfPage":{"@id":"https:\/\/airgunslp.com.ar\/home\/producto\/air-arms-s410-zurdo-45mm-16j-culata-de-nogal\/#primaryimage"},"image":{"@id":"https:\/\/airgunslp.com.ar\/home\/producto\/air-arms-s410-zurdo-45mm-16j-culata-de-nogal\/#primaryimage"},"thumbnailUrl":"https:\/\/airgunslp.com.ar\/home\/wp-content\/uploads\/AAS410.jpg","datePublished":"2019-09-23T13:51:25+00:00","dateModified":"2026-04-22T18:07:15+00:00","description":"Importador de armas de aire comprimido. Venta mayorista y minorista de todas las marcas nacionales. Stock permanente de todos los modelos.","breadcrumb":{"@id":"https:\/\/airgunslp.com.ar\/home\/producto\/air-arms-s410-zurdo-45mm-16j-culata-de-nogal\/#breadcrumb"},"inLanguage":"es","potentialAction":[{"@type":"ReadAction","target":["https:\/\/airgunslp.com.ar\/home\/producto\/air-arms-s410-zurdo-45mm-16j-culata-de-nogal\/"]}]},{"@type":"ImageObject","inLanguage":"es","@id":"https:\/\/airgunslp.com.ar\/home\/producto\/air-arms-s410-zurdo-45mm-16j-culata-de-nogal\/#primaryimage","url":"https:\/\/airgunslp.com.ar\/home\/wp-content\/uploads\/AAS410.jpg","contentUrl":"https:\/\/airgunslp.com.ar\/home\/wp-content\/uploads\/AAS410.jpg","width":500,"height":500},{"@type":"BreadcrumbList","@id":"https:\/\/airgunslp.com.ar\/home\/producto\/air-arms-s410-zurdo-45mm-16j-culata-de-nogal\/#breadcrumb","itemListElement":[{"@type":"ListItem","position":1,"name":"Portada","item":"https:\/\/airgunslp.com.ar\/home\/"},{"@type":"ListItem","position":2,"name":"Productos","item":"https:\/\/airgunslp.com.ar\/home\/productos\/"},{"@type":"ListItem","position":3,"name":"Air Arms S410 zurdo (4,5mm, 16J, culata de nogal)"}]},{"@type":"WebSite","@id":"https:\/\/airgunslp.com.ar\/home\/#website","url":"https:\/\/airgunslp.com.ar\/home\/","name":"AirGunsLP","description":"Venta de armas de aire comprimido","potentialAction":[{"@type":"SearchAction","target":{"@type":"EntryPoint","urlTemplate":"https:\/\/airgunslp.com.ar\/home\/?s={search_term_string}"},"query-input":"required name=search_term_string"}],"inLanguage":"es"}]}},"_links":{"self":[{"href":"https:\/\/airgunslp.com.ar\/home\/wp-json\/wp\/v2\/product\/680"}],"collection":[{"href":"https:\/\/airgunslp.com.ar\/home\/wp-json\/wp\/v2\/product"}],"about":[{"href":"https:\/\/airgunslp.com.ar\/home\/wp-json\/wp\/v2\/types\/product"}],"wp:featuredmedia":[{"embeddable":true,"href":"https:\/\/airgunslp.com.ar\/home\/wp-json\/wp\/v2\/media\/284"}],"wp:attachment":[{"href":"https:\/\/airgunslp.com.ar\/home\/wp-json\/wp\/v2\/media?parent=680"}],"curies":[{"name":"wp","href":"https:\/\/api.w.org\/{rel}","templated":true}]}}