{"id":679,"date":"2019-09-23T13:32:04","date_gmt":"2019-09-23T13:32:04","guid":{"rendered":"https:\/\/airgunslp.com.ar\/home\/?post_type=product&#038;p=679"},"modified":"2026-04-22T18:07:39","modified_gmt":"2026-04-22T18:07:39","slug":"air-arms-galahad-635mm-55j-culata-de-nogal","status":"publish","type":"product","link":"https:\/\/airgunslp.com.ar\/home\/producto\/air-arms-galahad-635mm-55j-culata-de-nogal\/","title":{"rendered":"Air Arms Galahad (6,35mm, 55J, culata de nogal)"},"content":{"rendered":"<h1>Galahad High Power.<\/h1>\n<p>&nbsp;<\/p>\n<p>El Galahad es un rifle Bull Pup regulado que tiene la misma planta de energ\u00eda y sistema de cargador que la gama S410 \/ S510. Dise\u00f1ado con una \u00fanica palanca de amartillar que se monta hacia adelante, en el centro de la acci\u00f3n, lo cual permite que sea m\u00e1s f\u00e1cil que nunca manipular el rifle. El movimiento de avance hacia adelante, alienta al tirador a mantenerse en el objetivo, reduce el movimiento del cuerpo y ayuda a mantener el sigilo.<\/p>\n<p>La culata del Galahad tiene una cantonera ajustable multi eje instalada de serie. La cantonera se puede girar hacia la izquierda o hacia la derecha y puede moverse hacia arriba y hacia abajo. Para aumentar la longitud de conjunto, se pueden colocar espaciadores entre la cantonera y la culata. Adem\u00e1s, la culata cuenta con un riel corto debajo de la parte delantera para montar los accesorios.<\/p>\n<p>&nbsp;<\/p>\n<p>El rifle m\u00e1s nuevo de Air Arms trae un ra\u00edl Picatinny para el montaje de elementos de punter\u00eda. El centro de gravedad est\u00e1 justo detr\u00e1s de la empu\u00f1adura, lo que permite que la acci\u00f3n corta se mantenga con una estabilidad extrema.<\/p>\n<p>El Galahad es completamente ambidiestro e incluye la capacidad de transferir la palanca de amartillamiento al lado izquierdo o derecho con extrema facilidad. El Galahad tiene una cachetera negra y suave al tacto, y la forma \u00fanica de empu\u00f1adura ofrece a los tiradores opciones de descanso durante las sesiones de tiro.<\/p>\n<p>&nbsp;<\/p>\n<h4>Caracter\u00edsticas:<\/h4>\n<ul>\n<li>Riel Picatinny.<\/li>\n<li>Regulador de presi\u00f3n.<\/li>\n<li>Cantonera regulable en m\u00faltiples ejes.<\/li>\n<li>Culata ambidiestra de nogal.<\/li>\n<li>Sistema de amartillamiento lateral basculante.<\/li>\n<li>Un cargador de 10 tiros.<\/li>\n<li>Nivel de burbuja.<\/li>\n<\/ul>\n<p>&nbsp;<\/p>\n<h4>Detalles t\u00e9cnicos:<\/h4>\n<table>\n<tbody>\n<tr>\n<td width=\"283\">Calibres:<\/td>\n<td width=\"217\">6,35mm (.25)<\/td>\n<\/tr>\n<tr>\n<td width=\"283\">Energ\u00eda:<\/td>\n<td width=\"217\">55J<\/td>\n<\/tr>\n<tr>\n<td width=\"283\">Velocidad (aprox)<\/td>\n<td width=\"217\">264m\/s (866ft\/sec) en 6,35mm<\/td>\n<\/tr>\n<tr>\n<td width=\"283\">Presi\u00f3n de carga:<\/td>\n<td width=\"217\">250bar<\/td>\n<\/tr>\n<tr>\n<td width=\"283\">Autonom\u00eda:<\/td>\n<td width=\"217\">30+<\/td>\n<\/tr>\n<\/tbody>\n<\/table>\n<p>&nbsp;<\/p>\n<p>&nbsp;<\/p>\n<p><strong>-No incluye mira telescopica.<\/strong><\/p>\n<h1 style=\"text-align: center;\"><\/h1>\n","protected":false},"excerpt":{"rendered":"<p>Galahad High Power. &nbsp; El Galahad es un rifle Bull Pup regulado que tiene la misma planta de energ\u00eda y sistema de cargador que la gama S410 \/ S510. Dise\u00f1ado con una \u00fanica palanca de amartillar que se monta hacia adelante, en el centro de la acci\u00f3n, lo cual permite que sea m\u00e1s f\u00e1cil que [&#8230;]\n","protected":false},"featured_media":289,"template":"","meta":{"_joinchat":[]},"yoast_head":"<!-- This site is optimized with the Yoast SEO plugin v23.3 - https:\/\/yoast.com\/wordpress\/plugins\/seo\/ -->\n<title>Air Arms Galahad (6,35mm, 55J, culata de nogal) - AirGunsLP<\/title>\n<meta name=\"description\" content=\"Importador de armas de aire comprimido. Venta mayorista y minorista de todas las marcas nacionales. Stock permanente de todos los modelos.\" \/>\n<meta name=\"robots\" content=\"index, follow, max-snippet:-1, max-image-preview:large, max-video-preview:-1\" \/>\n<link rel=\"canonical\" href=\"https:\/\/airgunslp.com.ar\/home\/producto\/air-arms-galahad-635mm-55j-culata-de-nogal\/\" \/>\n<meta property=\"og:locale\" content=\"es_ES\" \/>\n<meta property=\"og:type\" content=\"article\" \/>\n<meta property=\"og:title\" content=\"Air Arms Galahad (6,35mm, 55J, culata de nogal) - AirGunsLP\" \/>\n<meta property=\"og:description\" content=\"Importador de armas de aire comprimido. Venta mayorista y minorista de todas las marcas nacionales. Stock permanente de todos los modelos.\" \/>\n<meta property=\"og:url\" content=\"https:\/\/airgunslp.com.ar\/home\/producto\/air-arms-galahad-635mm-55j-culata-de-nogal\/\" \/>\n<meta property=\"og:site_name\" content=\"AirGunsLP\" \/>\n<meta property=\"article:publisher\" content=\"https:\/\/www.facebook.com\/airgunslp\/\" \/>\n<meta property=\"article:modified_time\" content=\"2026-04-22T18:07:39+00:00\" \/>\n<meta property=\"og:image\" content=\"https:\/\/airgunslp.com.ar\/home\/wp-content\/uploads\/AAGALAHAD.jpg\" \/>\n\t<meta property=\"og:image:width\" content=\"500\" \/>\n\t<meta property=\"og:image:height\" content=\"500\" \/>\n\t<meta property=\"og:image:type\" content=\"image\/jpeg\" \/>\n<meta name=\"twitter:card\" content=\"summary_large_image\" \/>\n<meta name=\"twitter:site\" content=\"@airgunslp\" \/>\n<meta name=\"twitter:label1\" content=\"Tiempo de lectura\" \/>\n\t<meta name=\"twitter:data1\" content=\"2 minutos\" \/>\n<script type=\"application\/ld+json\" class=\"yoast-schema-graph\">{\"@context\":\"https:\/\/schema.org\",\"@graph\":[{\"@type\":\"WebPage\",\"@id\":\"https:\/\/airgunslp.com.ar\/home\/producto\/air-arms-galahad-635mm-55j-culata-de-nogal\/\",\"url\":\"https:\/\/airgunslp.com.ar\/home\/producto\/air-arms-galahad-635mm-55j-culata-de-nogal\/\",\"name\":\"Air Arms Galahad (6,35mm, 55J, culata de nogal) - AirGunsLP\",\"isPartOf\":{\"@id\":\"https:\/\/airgunslp.com.ar\/home\/#website\"},\"primaryImageOfPage\":{\"@id\":\"https:\/\/airgunslp.com.ar\/home\/producto\/air-arms-galahad-635mm-55j-culata-de-nogal\/#primaryimage\"},\"image\":{\"@id\":\"https:\/\/airgunslp.com.ar\/home\/producto\/air-arms-galahad-635mm-55j-culata-de-nogal\/#primaryimage\"},\"thumbnailUrl\":\"https:\/\/airgunslp.com.ar\/home\/wp-content\/uploads\/AAGALAHAD.jpg\",\"datePublished\":\"2019-09-23T13:32:04+00:00\",\"dateModified\":\"2026-04-22T18:07:39+00:00\",\"description\":\"Importador de armas de aire comprimido. Venta mayorista y minorista de todas las marcas nacionales. Stock permanente de todos los modelos.\",\"breadcrumb\":{\"@id\":\"https:\/\/airgunslp.com.ar\/home\/producto\/air-arms-galahad-635mm-55j-culata-de-nogal\/#breadcrumb\"},\"inLanguage\":\"es\",\"potentialAction\":[{\"@type\":\"ReadAction\",\"target\":[\"https:\/\/airgunslp.com.ar\/home\/producto\/air-arms-galahad-635mm-55j-culata-de-nogal\/\"]}]},{\"@type\":\"ImageObject\",\"inLanguage\":\"es\",\"@id\":\"https:\/\/airgunslp.com.ar\/home\/producto\/air-arms-galahad-635mm-55j-culata-de-nogal\/#primaryimage\",\"url\":\"https:\/\/airgunslp.com.ar\/home\/wp-content\/uploads\/AAGALAHAD.jpg\",\"contentUrl\":\"https:\/\/airgunslp.com.ar\/home\/wp-content\/uploads\/AAGALAHAD.jpg\",\"width\":500,\"height\":500},{\"@type\":\"BreadcrumbList\",\"@id\":\"https:\/\/airgunslp.com.ar\/home\/producto\/air-arms-galahad-635mm-55j-culata-de-nogal\/#breadcrumb\",\"itemListElement\":[{\"@type\":\"ListItem\",\"position\":1,\"name\":\"Portada\",\"item\":\"https:\/\/airgunslp.com.ar\/home\/\"},{\"@type\":\"ListItem\",\"position\":2,\"name\":\"Productos\",\"item\":\"https:\/\/airgunslp.com.ar\/home\/productos\/\"},{\"@type\":\"ListItem\",\"position\":3,\"name\":\"Air Arms Galahad (6,35mm, 55J, culata de nogal)\"}]},{\"@type\":\"WebSite\",\"@id\":\"https:\/\/airgunslp.com.ar\/home\/#website\",\"url\":\"https:\/\/airgunslp.com.ar\/home\/\",\"name\":\"AirGunsLP\",\"description\":\"Venta de armas de aire comprimido\",\"potentialAction\":[{\"@type\":\"SearchAction\",\"target\":{\"@type\":\"EntryPoint\",\"urlTemplate\":\"https:\/\/airgunslp.com.ar\/home\/?s={search_term_string}\"},\"query-input\":\"required name=search_term_string\"}],\"inLanguage\":\"es\"}]}<\/script>\n<!-- \/ Yoast SEO plugin. -->","yoast_head_json":{"title":"Air Arms Galahad (6,35mm, 55J, culata de nogal) - AirGunsLP","description":"Importador de armas de aire comprimido. Venta mayorista y minorista de todas las marcas nacionales. Stock permanente de todos los modelos.","robots":{"index":"index","follow":"follow","max-snippet":"max-snippet:-1","max-image-preview":"max-image-preview:large","max-video-preview":"max-video-preview:-1"},"canonical":"https:\/\/airgunslp.com.ar\/home\/producto\/air-arms-galahad-635mm-55j-culata-de-nogal\/","og_locale":"es_ES","og_type":"article","og_title":"Air Arms Galahad (6,35mm, 55J, culata de nogal) - AirGunsLP","og_description":"Importador de armas de aire comprimido. Venta mayorista y minorista de todas las marcas nacionales. Stock permanente de todos los modelos.","og_url":"https:\/\/airgunslp.com.ar\/home\/producto\/air-arms-galahad-635mm-55j-culata-de-nogal\/","og_site_name":"AirGunsLP","article_publisher":"https:\/\/www.facebook.com\/airgunslp\/","article_modified_time":"2026-04-22T18:07:39+00:00","og_image":[{"width":500,"height":500,"url":"https:\/\/airgunslp.com.ar\/home\/wp-content\/uploads\/AAGALAHAD.jpg","type":"image\/jpeg"}],"twitter_card":"summary_large_image","twitter_site":"@airgunslp","twitter_misc":{"Tiempo de lectura":"2 minutos"},"schema":{"@context":"https:\/\/schema.org","@graph":[{"@type":"WebPage","@id":"https:\/\/airgunslp.com.ar\/home\/producto\/air-arms-galahad-635mm-55j-culata-de-nogal\/","url":"https:\/\/airgunslp.com.ar\/home\/producto\/air-arms-galahad-635mm-55j-culata-de-nogal\/","name":"Air Arms Galahad (6,35mm, 55J, culata de nogal) - AirGunsLP","isPartOf":{"@id":"https:\/\/airgunslp.com.ar\/home\/#website"},"primaryImageOfPage":{"@id":"https:\/\/airgunslp.com.ar\/home\/producto\/air-arms-galahad-635mm-55j-culata-de-nogal\/#primaryimage"},"image":{"@id":"https:\/\/airgunslp.com.ar\/home\/producto\/air-arms-galahad-635mm-55j-culata-de-nogal\/#primaryimage"},"thumbnailUrl":"https:\/\/airgunslp.com.ar\/home\/wp-content\/uploads\/AAGALAHAD.jpg","datePublished":"2019-09-23T13:32:04+00:00","dateModified":"2026-04-22T18:07:39+00:00","description":"Importador de armas de aire comprimido. Venta mayorista y minorista de todas las marcas nacionales. Stock permanente de todos los modelos.","breadcrumb":{"@id":"https:\/\/airgunslp.com.ar\/home\/producto\/air-arms-galahad-635mm-55j-culata-de-nogal\/#breadcrumb"},"inLanguage":"es","potentialAction":[{"@type":"ReadAction","target":["https:\/\/airgunslp.com.ar\/home\/producto\/air-arms-galahad-635mm-55j-culata-de-nogal\/"]}]},{"@type":"ImageObject","inLanguage":"es","@id":"https:\/\/airgunslp.com.ar\/home\/producto\/air-arms-galahad-635mm-55j-culata-de-nogal\/#primaryimage","url":"https:\/\/airgunslp.com.ar\/home\/wp-content\/uploads\/AAGALAHAD.jpg","contentUrl":"https:\/\/airgunslp.com.ar\/home\/wp-content\/uploads\/AAGALAHAD.jpg","width":500,"height":500},{"@type":"BreadcrumbList","@id":"https:\/\/airgunslp.com.ar\/home\/producto\/air-arms-galahad-635mm-55j-culata-de-nogal\/#breadcrumb","itemListElement":[{"@type":"ListItem","position":1,"name":"Portada","item":"https:\/\/airgunslp.com.ar\/home\/"},{"@type":"ListItem","position":2,"name":"Productos","item":"https:\/\/airgunslp.com.ar\/home\/productos\/"},{"@type":"ListItem","position":3,"name":"Air Arms Galahad (6,35mm, 55J, culata de nogal)"}]},{"@type":"WebSite","@id":"https:\/\/airgunslp.com.ar\/home\/#website","url":"https:\/\/airgunslp.com.ar\/home\/","name":"AirGunsLP","description":"Venta de armas de aire comprimido","potentialAction":[{"@type":"SearchAction","target":{"@type":"EntryPoint","urlTemplate":"https:\/\/airgunslp.com.ar\/home\/?s={search_term_string}"},"query-input":"required name=search_term_string"}],"inLanguage":"es"}]}},"_links":{"self":[{"href":"https:\/\/airgunslp.com.ar\/home\/wp-json\/wp\/v2\/product\/679"}],"collection":[{"href":"https:\/\/airgunslp.com.ar\/home\/wp-json\/wp\/v2\/product"}],"about":[{"href":"https:\/\/airgunslp.com.ar\/home\/wp-json\/wp\/v2\/types\/product"}],"wp:featuredmedia":[{"embeddable":true,"href":"https:\/\/airgunslp.com.ar\/home\/wp-json\/wp\/v2\/media\/289"}],"wp:attachment":[{"href":"https:\/\/airgunslp.com.ar\/home\/wp-json\/wp\/v2\/media?parent=679"}],"curies":[{"name":"wp","href":"https:\/\/api.w.org\/{rel}","templated":true}]}}