{"id":564,"date":"2019-09-16T14:49:36","date_gmt":"2019-09-16T14:49:36","guid":{"rendered":"https:\/\/airgunslp.com.ar\/home\/?post_type=product&#038;p=564"},"modified":"2023-02-13T13:09:52","modified_gmt":"2023-02-13T13:09:52","slug":"rifle-hatsan-hercules","status":"publish","type":"product","link":"https:\/\/airgunslp.com.ar\/home\/producto\/rifle-hatsan-hercules\/","title":{"rendered":"Rifle Hatsan Hercules"},"content":{"rendered":"<ul>\n<li>Culata ergon\u00f3mica, t\u00e1ctica, extensible, ambidiestra en pol\u00edmero negro y tiene segrinados en empu\u00f1adura y guardamanos para un mejor agarre.<\/li>\n<li>Cantonera regulable en altura y \u00e1ngulo.<\/li>\n<li>Man\u00f3metro de indicador de presi\u00f3n en la culata.<\/li>\n<li>carril picatinny debajo del guardamano.<\/li>\n<li>Mecanismo preventivo para evitar la carga de 2 balines a la vez en el ca\u00f1\u00f3n.<\/li>\n<li>Gatillo QUATTRO, hatsan ha logrado excelente gatillo, que se puede regular tanto en recorrido como en sensibilidad, logrando quedar a gusto del tirador.<\/li>\n<li>Seguro manual.<\/li>\n<li>Moderador Integrado (sistema QE).<\/li>\n<li>Rail para monturas de miras de 11mm y 22mm(mira telesc\u00f3pica no incluida).<\/li>\n<li>2 Tubos cil\u00edndricos de aire de 500cc cada uno.<\/li>\n<li>Capacidad m\u00e1xima de carga del tubo de aire: 200 bar.<\/li>\n<li>Peso: 5.9 kg.<\/li>\n<li>Largo: 123 cm.<\/li>\n<li>Largo del Ca\u00f1o: 58.5 cm.<\/li>\n<\/ul>\n<p>&nbsp;<\/p>\n<p>Incluye:<\/p>\n<ul>\n<li>2 Cargador de 14 balines.<\/li>\n<li>Porta Correa.<\/li>\n<\/ul>\n","protected":false},"excerpt":{"rendered":"<p>Culata ergon\u00f3mica, t\u00e1ctica, extensible, ambidiestra en pol\u00edmero negro y tiene segrinados en empu\u00f1adura y guardamanos para un mejor agarre. Cantonera regulable en altura y \u00e1ngulo. Man\u00f3metro de indicador de presi\u00f3n en la culata. carril picatinny debajo del guardamano. Mecanismo preventivo para evitar la carga de 2 balines a la vez en el ca\u00f1\u00f3n. Gatillo QUATTRO, [&#8230;]\n","protected":false},"featured_media":585,"template":"","meta":{"_joinchat":[]},"yoast_head":"<!-- This site is optimized with the Yoast SEO plugin v23.3 - https:\/\/yoast.com\/wordpress\/plugins\/seo\/ -->\n<title>Rifle Hatsan Hercules - AirGunsLP<\/title>\n<meta name=\"description\" content=\"Importador de armas de aire comprimido. Venta mayorista y minorista de todas las marcas nacionales. Stock permanente de todos los modelos.\" \/>\n<meta name=\"robots\" content=\"index, follow, max-snippet:-1, max-image-preview:large, max-video-preview:-1\" \/>\n<link rel=\"canonical\" href=\"https:\/\/airgunslp.com.ar\/home\/producto\/rifle-hatsan-hercules\/\" \/>\n<meta property=\"og:locale\" content=\"es_ES\" \/>\n<meta property=\"og:type\" content=\"article\" \/>\n<meta property=\"og:title\" content=\"Rifle Hatsan Hercules - AirGunsLP\" \/>\n<meta property=\"og:description\" content=\"Importador de armas de aire comprimido. Venta mayorista y minorista de todas las marcas nacionales. Stock permanente de todos los modelos.\" \/>\n<meta property=\"og:url\" content=\"https:\/\/airgunslp.com.ar\/home\/producto\/rifle-hatsan-hercules\/\" \/>\n<meta property=\"og:site_name\" content=\"AirGunsLP\" \/>\n<meta property=\"article:publisher\" content=\"https:\/\/www.facebook.com\/airgunslp\/\" \/>\n<meta property=\"article:modified_time\" content=\"2023-02-13T13:09:52+00:00\" \/>\n<meta property=\"og:image\" content=\"https:\/\/airgunslp.com.ar\/home\/wp-content\/uploads\/Rifle-Hatsan-Hercules.jpg\" \/>\n\t<meta property=\"og:image:width\" content=\"600\" \/>\n\t<meta property=\"og:image:height\" content=\"600\" \/>\n\t<meta property=\"og:image:type\" content=\"image\/jpeg\" \/>\n<meta name=\"twitter:card\" content=\"summary_large_image\" \/>\n<meta name=\"twitter:site\" content=\"@airgunslp\" \/>\n<meta name=\"twitter:label1\" content=\"Tiempo de lectura\" \/>\n\t<meta name=\"twitter:data1\" content=\"1 minuto\" \/>\n<script type=\"application\/ld+json\" class=\"yoast-schema-graph\">{\"@context\":\"https:\/\/schema.org\",\"@graph\":[{\"@type\":\"WebPage\",\"@id\":\"https:\/\/airgunslp.com.ar\/home\/producto\/rifle-hatsan-hercules\/\",\"url\":\"https:\/\/airgunslp.com.ar\/home\/producto\/rifle-hatsan-hercules\/\",\"name\":\"Rifle Hatsan Hercules - AirGunsLP\",\"isPartOf\":{\"@id\":\"https:\/\/airgunslp.com.ar\/home\/#website\"},\"primaryImageOfPage\":{\"@id\":\"https:\/\/airgunslp.com.ar\/home\/producto\/rifle-hatsan-hercules\/#primaryimage\"},\"image\":{\"@id\":\"https:\/\/airgunslp.com.ar\/home\/producto\/rifle-hatsan-hercules\/#primaryimage\"},\"thumbnailUrl\":\"https:\/\/airgunslp.com.ar\/home\/wp-content\/uploads\/Rifle-Hatsan-Hercules.jpg\",\"datePublished\":\"2019-09-16T14:49:36+00:00\",\"dateModified\":\"2023-02-13T13:09:52+00:00\",\"description\":\"Importador de armas de aire comprimido. Venta mayorista y minorista de todas las marcas nacionales. Stock permanente de todos los modelos.\",\"breadcrumb\":{\"@id\":\"https:\/\/airgunslp.com.ar\/home\/producto\/rifle-hatsan-hercules\/#breadcrumb\"},\"inLanguage\":\"es\",\"potentialAction\":[{\"@type\":\"ReadAction\",\"target\":[\"https:\/\/airgunslp.com.ar\/home\/producto\/rifle-hatsan-hercules\/\"]}]},{\"@type\":\"ImageObject\",\"inLanguage\":\"es\",\"@id\":\"https:\/\/airgunslp.com.ar\/home\/producto\/rifle-hatsan-hercules\/#primaryimage\",\"url\":\"https:\/\/airgunslp.com.ar\/home\/wp-content\/uploads\/Rifle-Hatsan-Hercules.jpg\",\"contentUrl\":\"https:\/\/airgunslp.com.ar\/home\/wp-content\/uploads\/Rifle-Hatsan-Hercules.jpg\",\"width\":600,\"height\":600},{\"@type\":\"BreadcrumbList\",\"@id\":\"https:\/\/airgunslp.com.ar\/home\/producto\/rifle-hatsan-hercules\/#breadcrumb\",\"itemListElement\":[{\"@type\":\"ListItem\",\"position\":1,\"name\":\"Portada\",\"item\":\"https:\/\/airgunslp.com.ar\/home\/\"},{\"@type\":\"ListItem\",\"position\":2,\"name\":\"Productos\",\"item\":\"https:\/\/airgunslp.com.ar\/home\/productos\/\"},{\"@type\":\"ListItem\",\"position\":3,\"name\":\"Rifle Hatsan Hercules\"}]},{\"@type\":\"WebSite\",\"@id\":\"https:\/\/airgunslp.com.ar\/home\/#website\",\"url\":\"https:\/\/airgunslp.com.ar\/home\/\",\"name\":\"AirGunsLP\",\"description\":\"Venta de armas de aire comprimido\",\"potentialAction\":[{\"@type\":\"SearchAction\",\"target\":{\"@type\":\"EntryPoint\",\"urlTemplate\":\"https:\/\/airgunslp.com.ar\/home\/?s={search_term_string}\"},\"query-input\":\"required name=search_term_string\"}],\"inLanguage\":\"es\"}]}<\/script>\n<!-- \/ Yoast SEO plugin. -->","yoast_head_json":{"title":"Rifle Hatsan Hercules - AirGunsLP","description":"Importador de armas de aire comprimido. Venta mayorista y minorista de todas las marcas nacionales. Stock permanente de todos los modelos.","robots":{"index":"index","follow":"follow","max-snippet":"max-snippet:-1","max-image-preview":"max-image-preview:large","max-video-preview":"max-video-preview:-1"},"canonical":"https:\/\/airgunslp.com.ar\/home\/producto\/rifle-hatsan-hercules\/","og_locale":"es_ES","og_type":"article","og_title":"Rifle Hatsan Hercules - AirGunsLP","og_description":"Importador de armas de aire comprimido. Venta mayorista y minorista de todas las marcas nacionales. Stock permanente de todos los modelos.","og_url":"https:\/\/airgunslp.com.ar\/home\/producto\/rifle-hatsan-hercules\/","og_site_name":"AirGunsLP","article_publisher":"https:\/\/www.facebook.com\/airgunslp\/","article_modified_time":"2023-02-13T13:09:52+00:00","og_image":[{"width":600,"height":600,"url":"https:\/\/airgunslp.com.ar\/home\/wp-content\/uploads\/Rifle-Hatsan-Hercules.jpg","type":"image\/jpeg"}],"twitter_card":"summary_large_image","twitter_site":"@airgunslp","twitter_misc":{"Tiempo de lectura":"1 minuto"},"schema":{"@context":"https:\/\/schema.org","@graph":[{"@type":"WebPage","@id":"https:\/\/airgunslp.com.ar\/home\/producto\/rifle-hatsan-hercules\/","url":"https:\/\/airgunslp.com.ar\/home\/producto\/rifle-hatsan-hercules\/","name":"Rifle Hatsan Hercules - AirGunsLP","isPartOf":{"@id":"https:\/\/airgunslp.com.ar\/home\/#website"},"primaryImageOfPage":{"@id":"https:\/\/airgunslp.com.ar\/home\/producto\/rifle-hatsan-hercules\/#primaryimage"},"image":{"@id":"https:\/\/airgunslp.com.ar\/home\/producto\/rifle-hatsan-hercules\/#primaryimage"},"thumbnailUrl":"https:\/\/airgunslp.com.ar\/home\/wp-content\/uploads\/Rifle-Hatsan-Hercules.jpg","datePublished":"2019-09-16T14:49:36+00:00","dateModified":"2023-02-13T13:09:52+00:00","description":"Importador de armas de aire comprimido. Venta mayorista y minorista de todas las marcas nacionales. Stock permanente de todos los modelos.","breadcrumb":{"@id":"https:\/\/airgunslp.com.ar\/home\/producto\/rifle-hatsan-hercules\/#breadcrumb"},"inLanguage":"es","potentialAction":[{"@type":"ReadAction","target":["https:\/\/airgunslp.com.ar\/home\/producto\/rifle-hatsan-hercules\/"]}]},{"@type":"ImageObject","inLanguage":"es","@id":"https:\/\/airgunslp.com.ar\/home\/producto\/rifle-hatsan-hercules\/#primaryimage","url":"https:\/\/airgunslp.com.ar\/home\/wp-content\/uploads\/Rifle-Hatsan-Hercules.jpg","contentUrl":"https:\/\/airgunslp.com.ar\/home\/wp-content\/uploads\/Rifle-Hatsan-Hercules.jpg","width":600,"height":600},{"@type":"BreadcrumbList","@id":"https:\/\/airgunslp.com.ar\/home\/producto\/rifle-hatsan-hercules\/#breadcrumb","itemListElement":[{"@type":"ListItem","position":1,"name":"Portada","item":"https:\/\/airgunslp.com.ar\/home\/"},{"@type":"ListItem","position":2,"name":"Productos","item":"https:\/\/airgunslp.com.ar\/home\/productos\/"},{"@type":"ListItem","position":3,"name":"Rifle Hatsan Hercules"}]},{"@type":"WebSite","@id":"https:\/\/airgunslp.com.ar\/home\/#website","url":"https:\/\/airgunslp.com.ar\/home\/","name":"AirGunsLP","description":"Venta de armas de aire comprimido","potentialAction":[{"@type":"SearchAction","target":{"@type":"EntryPoint","urlTemplate":"https:\/\/airgunslp.com.ar\/home\/?s={search_term_string}"},"query-input":"required name=search_term_string"}],"inLanguage":"es"}]}},"_links":{"self":[{"href":"https:\/\/airgunslp.com.ar\/home\/wp-json\/wp\/v2\/product\/564"}],"collection":[{"href":"https:\/\/airgunslp.com.ar\/home\/wp-json\/wp\/v2\/product"}],"about":[{"href":"https:\/\/airgunslp.com.ar\/home\/wp-json\/wp\/v2\/types\/product"}],"wp:featuredmedia":[{"embeddable":true,"href":"https:\/\/airgunslp.com.ar\/home\/wp-json\/wp\/v2\/media\/585"}],"wp:attachment":[{"href":"https:\/\/airgunslp.com.ar\/home\/wp-json\/wp\/v2\/media?parent=564"}],"curies":[{"name":"wp","href":"https:\/\/api.w.org\/{rel}","templated":true}]}}