{"id":260,"date":"2019-07-02T03:56:29","date_gmt":"2019-07-02T03:56:29","guid":{"rendered":"https:\/\/airgunslp.com.ar\/home\/?post_type=product&#038;p=260"},"modified":"2026-04-22T18:15:44","modified_gmt":"2026-04-22T18:15:44","slug":"air-arms-tx200-mkiii-45mm-y-55mm-fac-culata-de-nogal","status":"publish","type":"product","link":"https:\/\/airgunslp.com.ar\/home\/producto\/air-arms-tx200-mkiii-45mm-y-55mm-fac-culata-de-nogal\/","title":{"rendered":"Air Arms TX200 MkIII (5,5mm, FAC, culata de nogal)"},"content":{"rendered":"<div class=\"woocommerce-product-details__short-description\">\n<p>Cuando tenemos en las manos la Air Arms TX200 inmediatamente nos invade la agradable sensaci\u00f3n que transmiten a los sentidos las cosas bien hechas. Desde la noble madera de la culata hasta los reflejos azulados del perfecto pavonado del ca\u00f1\u00f3n, todo en ella destila el esmero que estos artesanos brit\u00e1nicos han puesto en la fabricaci\u00f3n de un objeto que por su perfecci\u00f3n trasciende a su condici\u00f3n de arma para rozar la categor\u00eda de obra de arte.<\/p>\n<p>&nbsp;<\/p>\n<p>&nbsp;<\/p>\n<p>La madera de la culata con una amplia carrillera para diestros y el guardamanos, son de madera de nogal acabada al aceite, lo cual le da un aspecto elegantemente oscuro, completamente diferente a las dem\u00e1s armas. El pistolet y el guardamanos incorporan unos detalles de escama que la embellece y mejora el agarre y la culata acaba en una cantora de goma ventilada. Y con respecto al pavonado, el mismo es perfecto y a la luz del sol emite bellos destellos azulados.<\/p>\n<p>&nbsp;<\/p>\n<p>El sistema de carga es el denominado\u00a0<em>\u201cunder lever\u201d,<\/em>\u00a0es decir, de carga por palanca inferior. El esfuerzo de carga es algo laborioso, pero no exagerado para un arma de su potencia lo cual se ha mejorado en la versi\u00f3n MkIII.<\/p>\n<p>Una vez desbloqueada la palanca de carga con una peque\u00f1a presi\u00f3n sobre la misma, se lleva hacia abajo hasta o\u00edr un triple \u201cclic\u201d seguido de otro algo m\u00e1s grave que nos indica que el muelle ha quedado\u00a0montado. Es importante realizar la operaci\u00f3n hasta o\u00edr los cuatro \u201cclics\u201d ya que de otro modo, el arma no queda bien cargada y la palanca no puede volver a llevarse a su sitio. Al tiempo de efectuar esta operaci\u00f3n, se abre la compuerta de carga del bal\u00edn de acero niquelado, parecido el puerto de expulsi\u00f3n del casquillo en un arma de fuego real. Una vez abierto, se introduce el bal\u00edn directamente en la boca del ca\u00f1\u00f3n. Desbloqueamos la palanca de carga presionando ligeramente el ret\u00e9n ubicado a tal efecto en el lateral derecho del arma y\u00a0 la empujamos suavemente hasta su posici\u00f3n original.<\/p>\n<p>el gatillo de la TX200 es de lo m\u00e1s suave y preciso, es completamente ajustable mediante un tornillo situado bajo el mismo. De corto recorrido, una suave presi\u00f3n del dedo hace que el tiro nos sorprenda, como marcan los c\u00e1nones y que el llamado gatillazo sea en esta arma casi imposible de producirse, incluso en manos de un tirador novato.<\/p>\n<p>Esta arma pose un ca\u00f1\u00f3n Lothar Walther, por lo que su precisi\u00f3n est\u00e1 garantizada , y su disparo no concuerda con su mecanismo resortero sino m\u00e1s bien parece un rifle a nitro pist\u00f3n por su sutil movimiento.<\/p>\n<p>No por nada este rifle es uno de los que m\u00e1s competencias de field target a ganado a nivel mundial, siendo as\u00ed uno de los emblemas de la marca Air Arms.<\/p>\n<p>-Riel de 11mm para mira telesc\u00f3pica (mira no incluida)<\/p>\n<p>-Seguro autom\u00e1tico y seguro de palanca autom\u00e1tico.<\/p>\n<p>-Palanca debajo del ca\u00f1o.<\/p>\n<p>-Gatillo regulable.<\/p>\n<p>-Largo del ca\u00f1o 335 mm<\/p>\n<p>-Largo 1050 mm<\/p>\n<p>-Peso 4.2 kg.<\/p>\n<p>-Culata de nogal.<\/p>\n<h1 style=\"text-align: center;\"><\/h1>\n<\/div>\n","protected":false},"excerpt":{"rendered":"<p>Cuando tenemos en las manos la Air Arms TX200 inmediatamente nos invade la agradable sensaci\u00f3n que transmiten a los sentidos las cosas bien hechas. Desde la noble madera de la culata hasta los reflejos azulados del perfecto pavonado del ca\u00f1\u00f3n, todo en ella destila el esmero que estos artesanos brit\u00e1nicos han puesto en la fabricaci\u00f3n [&#8230;]\n","protected":false},"featured_media":283,"template":"","meta":{"_joinchat":[]},"yoast_head":"<!-- This site is optimized with the Yoast SEO plugin v23.3 - https:\/\/yoast.com\/wordpress\/plugins\/seo\/ -->\n<title>Air Arms TX200 MkIII (5,5mm, FAC, culata de nogal) - AirGunsLP<\/title>\n<meta name=\"description\" content=\"Importador de armas de aire comprimido. Venta mayorista y minorista de todas las marcas nacionales. Stock permanente de todos los modelos.\" \/>\n<meta name=\"robots\" content=\"index, follow, max-snippet:-1, max-image-preview:large, max-video-preview:-1\" \/>\n<link rel=\"canonical\" href=\"https:\/\/airgunslp.com.ar\/home\/producto\/air-arms-tx200-mkiii-45mm-y-55mm-fac-culata-de-nogal\/\" \/>\n<meta property=\"og:locale\" content=\"es_ES\" \/>\n<meta property=\"og:type\" content=\"article\" \/>\n<meta property=\"og:title\" content=\"Air Arms TX200 MkIII (5,5mm, FAC, culata de nogal) - AirGunsLP\" \/>\n<meta property=\"og:description\" content=\"Importador de armas de aire comprimido. Venta mayorista y minorista de todas las marcas nacionales. Stock permanente de todos los modelos.\" \/>\n<meta property=\"og:url\" content=\"https:\/\/airgunslp.com.ar\/home\/producto\/air-arms-tx200-mkiii-45mm-y-55mm-fac-culata-de-nogal\/\" \/>\n<meta property=\"og:site_name\" content=\"AirGunsLP\" \/>\n<meta property=\"article:publisher\" content=\"https:\/\/www.facebook.com\/airgunslp\/\" \/>\n<meta property=\"article:modified_time\" content=\"2026-04-22T18:15:44+00:00\" \/>\n<meta property=\"og:image\" content=\"https:\/\/airgunslp.com.ar\/home\/wp-content\/uploads\/AATX200MKIII.jpg\" \/>\n\t<meta property=\"og:image:width\" content=\"500\" \/>\n\t<meta property=\"og:image:height\" content=\"500\" \/>\n\t<meta property=\"og:image:type\" content=\"image\/jpeg\" \/>\n<meta name=\"twitter:card\" content=\"summary_large_image\" \/>\n<meta name=\"twitter:site\" content=\"@airgunslp\" \/>\n<meta name=\"twitter:label1\" content=\"Tiempo de lectura\" \/>\n\t<meta name=\"twitter:data1\" content=\"3 minutos\" \/>\n<script type=\"application\/ld+json\" class=\"yoast-schema-graph\">{\"@context\":\"https:\/\/schema.org\",\"@graph\":[{\"@type\":\"WebPage\",\"@id\":\"https:\/\/airgunslp.com.ar\/home\/producto\/air-arms-tx200-mkiii-45mm-y-55mm-fac-culata-de-nogal\/\",\"url\":\"https:\/\/airgunslp.com.ar\/home\/producto\/air-arms-tx200-mkiii-45mm-y-55mm-fac-culata-de-nogal\/\",\"name\":\"Air Arms TX200 MkIII (5,5mm, FAC, culata de nogal) - AirGunsLP\",\"isPartOf\":{\"@id\":\"https:\/\/airgunslp.com.ar\/home\/#website\"},\"primaryImageOfPage\":{\"@id\":\"https:\/\/airgunslp.com.ar\/home\/producto\/air-arms-tx200-mkiii-45mm-y-55mm-fac-culata-de-nogal\/#primaryimage\"},\"image\":{\"@id\":\"https:\/\/airgunslp.com.ar\/home\/producto\/air-arms-tx200-mkiii-45mm-y-55mm-fac-culata-de-nogal\/#primaryimage\"},\"thumbnailUrl\":\"https:\/\/airgunslp.com.ar\/home\/wp-content\/uploads\/AATX200MKIII.jpg\",\"datePublished\":\"2019-07-02T03:56:29+00:00\",\"dateModified\":\"2026-04-22T18:15:44+00:00\",\"description\":\"Importador de armas de aire comprimido. Venta mayorista y minorista de todas las marcas nacionales. Stock permanente de todos los modelos.\",\"breadcrumb\":{\"@id\":\"https:\/\/airgunslp.com.ar\/home\/producto\/air-arms-tx200-mkiii-45mm-y-55mm-fac-culata-de-nogal\/#breadcrumb\"},\"inLanguage\":\"es\",\"potentialAction\":[{\"@type\":\"ReadAction\",\"target\":[\"https:\/\/airgunslp.com.ar\/home\/producto\/air-arms-tx200-mkiii-45mm-y-55mm-fac-culata-de-nogal\/\"]}]},{\"@type\":\"ImageObject\",\"inLanguage\":\"es\",\"@id\":\"https:\/\/airgunslp.com.ar\/home\/producto\/air-arms-tx200-mkiii-45mm-y-55mm-fac-culata-de-nogal\/#primaryimage\",\"url\":\"https:\/\/airgunslp.com.ar\/home\/wp-content\/uploads\/AATX200MKIII.jpg\",\"contentUrl\":\"https:\/\/airgunslp.com.ar\/home\/wp-content\/uploads\/AATX200MKIII.jpg\",\"width\":500,\"height\":500},{\"@type\":\"BreadcrumbList\",\"@id\":\"https:\/\/airgunslp.com.ar\/home\/producto\/air-arms-tx200-mkiii-45mm-y-55mm-fac-culata-de-nogal\/#breadcrumb\",\"itemListElement\":[{\"@type\":\"ListItem\",\"position\":1,\"name\":\"Portada\",\"item\":\"https:\/\/airgunslp.com.ar\/home\/\"},{\"@type\":\"ListItem\",\"position\":2,\"name\":\"Productos\",\"item\":\"https:\/\/airgunslp.com.ar\/home\/productos\/\"},{\"@type\":\"ListItem\",\"position\":3,\"name\":\"Air Arms TX200 MkIII (5,5mm, FAC, culata de nogal)\"}]},{\"@type\":\"WebSite\",\"@id\":\"https:\/\/airgunslp.com.ar\/home\/#website\",\"url\":\"https:\/\/airgunslp.com.ar\/home\/\",\"name\":\"AirGunsLP\",\"description\":\"Venta de armas de aire comprimido\",\"potentialAction\":[{\"@type\":\"SearchAction\",\"target\":{\"@type\":\"EntryPoint\",\"urlTemplate\":\"https:\/\/airgunslp.com.ar\/home\/?s={search_term_string}\"},\"query-input\":\"required name=search_term_string\"}],\"inLanguage\":\"es\"}]}<\/script>\n<!-- \/ Yoast SEO plugin. -->","yoast_head_json":{"title":"Air Arms TX200 MkIII (5,5mm, FAC, culata de nogal) - AirGunsLP","description":"Importador de armas de aire comprimido. Venta mayorista y minorista de todas las marcas nacionales. Stock permanente de todos los modelos.","robots":{"index":"index","follow":"follow","max-snippet":"max-snippet:-1","max-image-preview":"max-image-preview:large","max-video-preview":"max-video-preview:-1"},"canonical":"https:\/\/airgunslp.com.ar\/home\/producto\/air-arms-tx200-mkiii-45mm-y-55mm-fac-culata-de-nogal\/","og_locale":"es_ES","og_type":"article","og_title":"Air Arms TX200 MkIII (5,5mm, FAC, culata de nogal) - AirGunsLP","og_description":"Importador de armas de aire comprimido. Venta mayorista y minorista de todas las marcas nacionales. Stock permanente de todos los modelos.","og_url":"https:\/\/airgunslp.com.ar\/home\/producto\/air-arms-tx200-mkiii-45mm-y-55mm-fac-culata-de-nogal\/","og_site_name":"AirGunsLP","article_publisher":"https:\/\/www.facebook.com\/airgunslp\/","article_modified_time":"2026-04-22T18:15:44+00:00","og_image":[{"width":500,"height":500,"url":"https:\/\/airgunslp.com.ar\/home\/wp-content\/uploads\/AATX200MKIII.jpg","type":"image\/jpeg"}],"twitter_card":"summary_large_image","twitter_site":"@airgunslp","twitter_misc":{"Tiempo de lectura":"3 minutos"},"schema":{"@context":"https:\/\/schema.org","@graph":[{"@type":"WebPage","@id":"https:\/\/airgunslp.com.ar\/home\/producto\/air-arms-tx200-mkiii-45mm-y-55mm-fac-culata-de-nogal\/","url":"https:\/\/airgunslp.com.ar\/home\/producto\/air-arms-tx200-mkiii-45mm-y-55mm-fac-culata-de-nogal\/","name":"Air Arms TX200 MkIII (5,5mm, FAC, culata de nogal) - AirGunsLP","isPartOf":{"@id":"https:\/\/airgunslp.com.ar\/home\/#website"},"primaryImageOfPage":{"@id":"https:\/\/airgunslp.com.ar\/home\/producto\/air-arms-tx200-mkiii-45mm-y-55mm-fac-culata-de-nogal\/#primaryimage"},"image":{"@id":"https:\/\/airgunslp.com.ar\/home\/producto\/air-arms-tx200-mkiii-45mm-y-55mm-fac-culata-de-nogal\/#primaryimage"},"thumbnailUrl":"https:\/\/airgunslp.com.ar\/home\/wp-content\/uploads\/AATX200MKIII.jpg","datePublished":"2019-07-02T03:56:29+00:00","dateModified":"2026-04-22T18:15:44+00:00","description":"Importador de armas de aire comprimido. Venta mayorista y minorista de todas las marcas nacionales. Stock permanente de todos los modelos.","breadcrumb":{"@id":"https:\/\/airgunslp.com.ar\/home\/producto\/air-arms-tx200-mkiii-45mm-y-55mm-fac-culata-de-nogal\/#breadcrumb"},"inLanguage":"es","potentialAction":[{"@type":"ReadAction","target":["https:\/\/airgunslp.com.ar\/home\/producto\/air-arms-tx200-mkiii-45mm-y-55mm-fac-culata-de-nogal\/"]}]},{"@type":"ImageObject","inLanguage":"es","@id":"https:\/\/airgunslp.com.ar\/home\/producto\/air-arms-tx200-mkiii-45mm-y-55mm-fac-culata-de-nogal\/#primaryimage","url":"https:\/\/airgunslp.com.ar\/home\/wp-content\/uploads\/AATX200MKIII.jpg","contentUrl":"https:\/\/airgunslp.com.ar\/home\/wp-content\/uploads\/AATX200MKIII.jpg","width":500,"height":500},{"@type":"BreadcrumbList","@id":"https:\/\/airgunslp.com.ar\/home\/producto\/air-arms-tx200-mkiii-45mm-y-55mm-fac-culata-de-nogal\/#breadcrumb","itemListElement":[{"@type":"ListItem","position":1,"name":"Portada","item":"https:\/\/airgunslp.com.ar\/home\/"},{"@type":"ListItem","position":2,"name":"Productos","item":"https:\/\/airgunslp.com.ar\/home\/productos\/"},{"@type":"ListItem","position":3,"name":"Air Arms TX200 MkIII (5,5mm, FAC, culata de nogal)"}]},{"@type":"WebSite","@id":"https:\/\/airgunslp.com.ar\/home\/#website","url":"https:\/\/airgunslp.com.ar\/home\/","name":"AirGunsLP","description":"Venta de armas de aire comprimido","potentialAction":[{"@type":"SearchAction","target":{"@type":"EntryPoint","urlTemplate":"https:\/\/airgunslp.com.ar\/home\/?s={search_term_string}"},"query-input":"required name=search_term_string"}],"inLanguage":"es"}]}},"_links":{"self":[{"href":"https:\/\/airgunslp.com.ar\/home\/wp-json\/wp\/v2\/product\/260"}],"collection":[{"href":"https:\/\/airgunslp.com.ar\/home\/wp-json\/wp\/v2\/product"}],"about":[{"href":"https:\/\/airgunslp.com.ar\/home\/wp-json\/wp\/v2\/types\/product"}],"wp:featuredmedia":[{"embeddable":true,"href":"https:\/\/airgunslp.com.ar\/home\/wp-json\/wp\/v2\/media\/283"}],"wp:attachment":[{"href":"https:\/\/airgunslp.com.ar\/home\/wp-json\/wp\/v2\/media?parent=260"}],"curies":[{"name":"wp","href":"https:\/\/api.w.org\/{rel}","templated":true}]}}