{"id":258,"date":"2019-07-02T03:51:40","date_gmt":"2019-07-02T03:51:40","guid":{"rendered":"https:\/\/airgunslp.com.ar\/home\/?post_type=product&#038;p=258"},"modified":"2026-04-22T18:13:42","modified_gmt":"2026-04-22T18:13:42","slug":"air-arms-s510-ultimate-sporter-rifle-55mm-40j","status":"publish","type":"product","link":"https:\/\/airgunslp.com.ar\/home\/producto\/air-arms-s510-ultimate-sporter-rifle-55mm-40j\/","title":{"rendered":"Air Arms S510 Ultimate Sporter Rifle (5,5mm, 40J)"},"content":{"rendered":"<h1>S510 Ultimate Sporter: m\u00e1xima potencia y precisi\u00f3n.<\/h1>\n<p>Air Arms tiene una herencia inigualable de producir rifles de fiel target ganadores de competencias de clase mundial, y era inevitable que los mejores aspectos de estas armas de aire se encontraran en la creaci\u00f3n de algo extremadamente especial. El resultado es el S510 Ultimate Sporter.<\/p>\n<p>El S510 Ultimate Sporter lleva esta relaci\u00f3n esencial al siguiente nivel. Con su cachetera completamente ajustable y la cantonera que funcionan en perfecta armon\u00eda con el dise\u00f1o de culata laminada impermeable y no deformable, el S510 Ultimate Sporter brinda al cazador un grado de control nunca antes disponible para los cazadores deportivos.<\/p>\n<p>Simplemente, este rifle acerca al tirador su m\u00e1ximo potencial, y esa es una gran ventaja<\/p>\n<h3><\/h3>\n<p>&nbsp;<\/p>\n<h3><\/h3>\n<h4>Caracter\u00edsticas:<\/h4>\n<ul>\n<li>Acci\u00f3n suave y \u00e1gil, de tipo side lever.<\/li>\n<li>Moderador incorporado, construido espec\u00edficamente seg\u00fan el calibre del ca\u00f1\u00f3n.<\/li>\n<li>Culata laminada ambidiestra.<\/li>\n<li>Carrilera y cantonera completamente ajustables.<\/li>\n<li>Dos cargadores de 10 tiros.<\/li>\n<li>Riel inferior para el montaje de accesorios<\/li>\n<li>Ca\u00f1\u00f3n completamente enchaquetado.<\/li>\n<li>Man\u00f3metro de dise\u00f1o exclusivo.<\/li>\n<li>Seguro manual.<\/li>\n<li>Gatillo regulable.<\/li>\n<li>Riel de 11mm para mira telesc\u00f3pica (mira no incluida).<\/li>\n<li>Moderador de sonido.<\/li>\n<\/ul>\n<p>&nbsp;<\/p>\n<p>&nbsp;<\/p>\n<h4>Caracter\u00edsticas t\u00e9cnicas:<\/h4>\n<table width=\"604\">\n<tbody>\n<tr>\n<td width=\"83\"><strong>Formato:<\/strong><\/td>\n<td width=\"79\"><strong>Largo:<\/strong><\/td>\n<td width=\"79\"><strong>Largo Ca\u00f1\u00f3n<\/strong><\/td>\n<td width=\"79\"><strong>Peso:<\/strong><\/td>\n<td width=\"79\"><strong>Presi\u00f3n m\u00e1xima de carga<\/strong><\/td>\n<td width=\"79\"><strong>Calibre:<\/strong><\/td>\n<td width=\"79\"><strong>Energ\u00eda:<\/strong><\/td>\n<\/tr>\n<tr>\n<td width=\"83\">Rifle, con culata laminada de madera de haya<\/td>\n<td width=\"79\">1110mm<\/td>\n<td width=\"79\">493mm<\/td>\n<td width=\"79\">4kg<\/td>\n<td width=\"79\">200bar<\/td>\n<td width=\"79\">5,5mm<\/td>\n<td width=\"79\">40J<\/td>\n<\/tr>\n<\/tbody>\n<\/table>\n<h1 style=\"text-align: center;\"><\/h1>\n","protected":false},"excerpt":{"rendered":"<p>S510 Ultimate Sporter: m\u00e1xima potencia y precisi\u00f3n. Air Arms tiene una herencia inigualable de producir rifles de fiel target ganadores de competencias de clase mundial, y era inevitable que los mejores aspectos de estas armas de aire se encontraran en la creaci\u00f3n de algo extremadamente especial. El resultado es el S510 Ultimate Sporter. El S510 [&#8230;]\n","protected":false},"featured_media":281,"template":"","meta":{"_joinchat":[]},"yoast_head":"<!-- This site is optimized with the Yoast SEO plugin v23.3 - https:\/\/yoast.com\/wordpress\/plugins\/seo\/ -->\n<title>Air Arms S510 Ultimate Sporter Rifle (5,5mm, 40J) - AirGunsLP<\/title>\n<meta name=\"description\" content=\"Importador de armas de aire comprimido. Venta mayorista y minorista de todas las marcas nacionales. Stock permanente de todos los modelos.\" \/>\n<meta name=\"robots\" content=\"index, follow, max-snippet:-1, max-image-preview:large, max-video-preview:-1\" \/>\n<link rel=\"canonical\" href=\"https:\/\/airgunslp.com.ar\/home\/producto\/air-arms-s510-ultimate-sporter-rifle-55mm-40j\/\" \/>\n<meta property=\"og:locale\" content=\"es_ES\" \/>\n<meta property=\"og:type\" content=\"article\" \/>\n<meta property=\"og:title\" content=\"Air Arms S510 Ultimate Sporter Rifle (5,5mm, 40J) - AirGunsLP\" \/>\n<meta property=\"og:description\" content=\"Importador de armas de aire comprimido. Venta mayorista y minorista de todas las marcas nacionales. Stock permanente de todos los modelos.\" \/>\n<meta property=\"og:url\" content=\"https:\/\/airgunslp.com.ar\/home\/producto\/air-arms-s510-ultimate-sporter-rifle-55mm-40j\/\" \/>\n<meta property=\"og:site_name\" content=\"AirGunsLP\" \/>\n<meta property=\"article:publisher\" content=\"https:\/\/www.facebook.com\/airgunslp\/\" \/>\n<meta property=\"article:modified_time\" content=\"2026-04-22T18:13:42+00:00\" \/>\n<meta property=\"og:image\" content=\"https:\/\/airgunslp.com.ar\/home\/wp-content\/uploads\/AAS510US.jpg\" \/>\n\t<meta property=\"og:image:width\" content=\"500\" \/>\n\t<meta property=\"og:image:height\" content=\"500\" \/>\n\t<meta property=\"og:image:type\" content=\"image\/jpeg\" \/>\n<meta name=\"twitter:card\" content=\"summary_large_image\" \/>\n<meta name=\"twitter:site\" content=\"@airgunslp\" \/>\n<meta name=\"twitter:label1\" content=\"Tiempo de lectura\" \/>\n\t<meta name=\"twitter:data1\" content=\"1 minuto\" \/>\n<script type=\"application\/ld+json\" class=\"yoast-schema-graph\">{\"@context\":\"https:\/\/schema.org\",\"@graph\":[{\"@type\":\"WebPage\",\"@id\":\"https:\/\/airgunslp.com.ar\/home\/producto\/air-arms-s510-ultimate-sporter-rifle-55mm-40j\/\",\"url\":\"https:\/\/airgunslp.com.ar\/home\/producto\/air-arms-s510-ultimate-sporter-rifle-55mm-40j\/\",\"name\":\"Air Arms S510 Ultimate Sporter Rifle (5,5mm, 40J) - AirGunsLP\",\"isPartOf\":{\"@id\":\"https:\/\/airgunslp.com.ar\/home\/#website\"},\"primaryImageOfPage\":{\"@id\":\"https:\/\/airgunslp.com.ar\/home\/producto\/air-arms-s510-ultimate-sporter-rifle-55mm-40j\/#primaryimage\"},\"image\":{\"@id\":\"https:\/\/airgunslp.com.ar\/home\/producto\/air-arms-s510-ultimate-sporter-rifle-55mm-40j\/#primaryimage\"},\"thumbnailUrl\":\"https:\/\/airgunslp.com.ar\/home\/wp-content\/uploads\/AAS510US.jpg\",\"datePublished\":\"2019-07-02T03:51:40+00:00\",\"dateModified\":\"2026-04-22T18:13:42+00:00\",\"description\":\"Importador de armas de aire comprimido. Venta mayorista y minorista de todas las marcas nacionales. Stock permanente de todos los modelos.\",\"breadcrumb\":{\"@id\":\"https:\/\/airgunslp.com.ar\/home\/producto\/air-arms-s510-ultimate-sporter-rifle-55mm-40j\/#breadcrumb\"},\"inLanguage\":\"es\",\"potentialAction\":[{\"@type\":\"ReadAction\",\"target\":[\"https:\/\/airgunslp.com.ar\/home\/producto\/air-arms-s510-ultimate-sporter-rifle-55mm-40j\/\"]}]},{\"@type\":\"ImageObject\",\"inLanguage\":\"es\",\"@id\":\"https:\/\/airgunslp.com.ar\/home\/producto\/air-arms-s510-ultimate-sporter-rifle-55mm-40j\/#primaryimage\",\"url\":\"https:\/\/airgunslp.com.ar\/home\/wp-content\/uploads\/AAS510US.jpg\",\"contentUrl\":\"https:\/\/airgunslp.com.ar\/home\/wp-content\/uploads\/AAS510US.jpg\",\"width\":500,\"height\":500},{\"@type\":\"BreadcrumbList\",\"@id\":\"https:\/\/airgunslp.com.ar\/home\/producto\/air-arms-s510-ultimate-sporter-rifle-55mm-40j\/#breadcrumb\",\"itemListElement\":[{\"@type\":\"ListItem\",\"position\":1,\"name\":\"Portada\",\"item\":\"https:\/\/airgunslp.com.ar\/home\/\"},{\"@type\":\"ListItem\",\"position\":2,\"name\":\"Productos\",\"item\":\"https:\/\/airgunslp.com.ar\/home\/productos\/\"},{\"@type\":\"ListItem\",\"position\":3,\"name\":\"Air Arms S510 Ultimate Sporter Rifle (5,5mm, 40J)\"}]},{\"@type\":\"WebSite\",\"@id\":\"https:\/\/airgunslp.com.ar\/home\/#website\",\"url\":\"https:\/\/airgunslp.com.ar\/home\/\",\"name\":\"AirGunsLP\",\"description\":\"Venta de armas de aire comprimido\",\"potentialAction\":[{\"@type\":\"SearchAction\",\"target\":{\"@type\":\"EntryPoint\",\"urlTemplate\":\"https:\/\/airgunslp.com.ar\/home\/?s={search_term_string}\"},\"query-input\":\"required name=search_term_string\"}],\"inLanguage\":\"es\"}]}<\/script>\n<!-- \/ Yoast SEO plugin. -->","yoast_head_json":{"title":"Air Arms S510 Ultimate Sporter Rifle (5,5mm, 40J) - AirGunsLP","description":"Importador de armas de aire comprimido. Venta mayorista y minorista de todas las marcas nacionales. Stock permanente de todos los modelos.","robots":{"index":"index","follow":"follow","max-snippet":"max-snippet:-1","max-image-preview":"max-image-preview:large","max-video-preview":"max-video-preview:-1"},"canonical":"https:\/\/airgunslp.com.ar\/home\/producto\/air-arms-s510-ultimate-sporter-rifle-55mm-40j\/","og_locale":"es_ES","og_type":"article","og_title":"Air Arms S510 Ultimate Sporter Rifle (5,5mm, 40J) - AirGunsLP","og_description":"Importador de armas de aire comprimido. Venta mayorista y minorista de todas las marcas nacionales. Stock permanente de todos los modelos.","og_url":"https:\/\/airgunslp.com.ar\/home\/producto\/air-arms-s510-ultimate-sporter-rifle-55mm-40j\/","og_site_name":"AirGunsLP","article_publisher":"https:\/\/www.facebook.com\/airgunslp\/","article_modified_time":"2026-04-22T18:13:42+00:00","og_image":[{"width":500,"height":500,"url":"https:\/\/airgunslp.com.ar\/home\/wp-content\/uploads\/AAS510US.jpg","type":"image\/jpeg"}],"twitter_card":"summary_large_image","twitter_site":"@airgunslp","twitter_misc":{"Tiempo de lectura":"1 minuto"},"schema":{"@context":"https:\/\/schema.org","@graph":[{"@type":"WebPage","@id":"https:\/\/airgunslp.com.ar\/home\/producto\/air-arms-s510-ultimate-sporter-rifle-55mm-40j\/","url":"https:\/\/airgunslp.com.ar\/home\/producto\/air-arms-s510-ultimate-sporter-rifle-55mm-40j\/","name":"Air Arms S510 Ultimate Sporter Rifle (5,5mm, 40J) - AirGunsLP","isPartOf":{"@id":"https:\/\/airgunslp.com.ar\/home\/#website"},"primaryImageOfPage":{"@id":"https:\/\/airgunslp.com.ar\/home\/producto\/air-arms-s510-ultimate-sporter-rifle-55mm-40j\/#primaryimage"},"image":{"@id":"https:\/\/airgunslp.com.ar\/home\/producto\/air-arms-s510-ultimate-sporter-rifle-55mm-40j\/#primaryimage"},"thumbnailUrl":"https:\/\/airgunslp.com.ar\/home\/wp-content\/uploads\/AAS510US.jpg","datePublished":"2019-07-02T03:51:40+00:00","dateModified":"2026-04-22T18:13:42+00:00","description":"Importador de armas de aire comprimido. Venta mayorista y minorista de todas las marcas nacionales. Stock permanente de todos los modelos.","breadcrumb":{"@id":"https:\/\/airgunslp.com.ar\/home\/producto\/air-arms-s510-ultimate-sporter-rifle-55mm-40j\/#breadcrumb"},"inLanguage":"es","potentialAction":[{"@type":"ReadAction","target":["https:\/\/airgunslp.com.ar\/home\/producto\/air-arms-s510-ultimate-sporter-rifle-55mm-40j\/"]}]},{"@type":"ImageObject","inLanguage":"es","@id":"https:\/\/airgunslp.com.ar\/home\/producto\/air-arms-s510-ultimate-sporter-rifle-55mm-40j\/#primaryimage","url":"https:\/\/airgunslp.com.ar\/home\/wp-content\/uploads\/AAS510US.jpg","contentUrl":"https:\/\/airgunslp.com.ar\/home\/wp-content\/uploads\/AAS510US.jpg","width":500,"height":500},{"@type":"BreadcrumbList","@id":"https:\/\/airgunslp.com.ar\/home\/producto\/air-arms-s510-ultimate-sporter-rifle-55mm-40j\/#breadcrumb","itemListElement":[{"@type":"ListItem","position":1,"name":"Portada","item":"https:\/\/airgunslp.com.ar\/home\/"},{"@type":"ListItem","position":2,"name":"Productos","item":"https:\/\/airgunslp.com.ar\/home\/productos\/"},{"@type":"ListItem","position":3,"name":"Air Arms S510 Ultimate Sporter Rifle (5,5mm, 40J)"}]},{"@type":"WebSite","@id":"https:\/\/airgunslp.com.ar\/home\/#website","url":"https:\/\/airgunslp.com.ar\/home\/","name":"AirGunsLP","description":"Venta de armas de aire comprimido","potentialAction":[{"@type":"SearchAction","target":{"@type":"EntryPoint","urlTemplate":"https:\/\/airgunslp.com.ar\/home\/?s={search_term_string}"},"query-input":"required name=search_term_string"}],"inLanguage":"es"}]}},"_links":{"self":[{"href":"https:\/\/airgunslp.com.ar\/home\/wp-json\/wp\/v2\/product\/258"}],"collection":[{"href":"https:\/\/airgunslp.com.ar\/home\/wp-json\/wp\/v2\/product"}],"about":[{"href":"https:\/\/airgunslp.com.ar\/home\/wp-json\/wp\/v2\/types\/product"}],"wp:featuredmedia":[{"embeddable":true,"href":"https:\/\/airgunslp.com.ar\/home\/wp-json\/wp\/v2\/media\/281"}],"wp:attachment":[{"href":"https:\/\/airgunslp.com.ar\/home\/wp-json\/wp\/v2\/media?parent=258"}],"curies":[{"name":"wp","href":"https:\/\/api.w.org\/{rel}","templated":true}]}}