{"id":254,"date":"2019-07-02T03:01:37","date_gmt":"2019-07-02T03:01:37","guid":{"rendered":"https:\/\/airgunslp.com.ar\/home\/?post_type=product&#038;p=254"},"modified":"2026-02-13T16:15:06","modified_gmt":"2026-02-13T16:15:06","slug":"air-arms-s510-extra-55mm-fac-culata-thumbhole-de-nogal","status":"publish","type":"product","link":"https:\/\/airgunslp.com.ar\/home\/producto\/air-arms-s510-extra-55mm-fac-culata-thumbhole-de-nogal\/","title":{"rendered":"Air Arms S510 Extra (5,5mm, FAC, culata thumbhole de nogal)"},"content":{"rendered":"<div class=\"woocommerce-product-details__short-description\">\n<h1>S510 Xtra Sporter: cuando necesitas m\u00e1s potencia, perfectamente entregada.<\/h1>\n<p>&nbsp;<\/p>\n<p>Hay muchas situaciones de caza en las que necesitar\u00e1s un rendimiento extra, y muchas m\u00e1s en las que un rifle de calibre 5,5mm puede estar pasado de potencia. Aqu\u00ed es donde el S510Xtra demuestra ser el compa\u00f1ero de caza perfecto. Con cerca de 40 julios en su configuraci\u00f3n de calibre 5,5mm, usted elige la potencia que necesita al girar un dial. Nunca antes un rifle deportivo PCP proporcion\u00f3 tanta versatilidad en un paquete tan f\u00e1cil de manejar.<\/p>\n<p>El propietario de un S510Xtra obtiene el rango completo de desarrollos de Air Arms, cuya marca distintiva son la combinaci\u00f3n de culatas elegantes y acciones mec\u00e1nicas prolijamente dise\u00f1adas y construidas. Dentro de esa acci\u00f3n, un sistema de disparo mejorado brinda alta potencia y alta precisi\u00f3n al momento de cazar. El ca\u00f1\u00f3n de grado match est\u00e1 completamente enchaquetado e incluye deflectores integrados que reducen efectivamente el ruido de las descargas, y su boca roscada est\u00e1 dise\u00f1ada para aceptar un moderador opcional.<\/p>\n<p>El bloque de acci\u00f3n del rifle incorpora un ajustador de potencia, que instant\u00e1neamente puede configurar el S510Xtra para producir desde 9,5J hasta 38J en calibre 5,5mm<\/p>\n<p>&nbsp;<\/p>\n<p>&nbsp;<\/p>\n<h4>Caracter\u00edsticas:<\/h4>\n<ul>\n<li>Accionamiento por sistema side lever, de accionamiento suave y r\u00e1pido.<\/li>\n<li>Regulaci\u00f3n de velocidad.<\/li>\n<li>Ca\u00f1\u00f3n completamente enchaquetado.<\/li>\n<li>Enchaquetado roscado para agregar moderador externo (no incluido).<\/li>\n<li>Seguro de gatillo, de accionamiento manual.<\/li>\n<li>Gatillo ajustable de dos etapas.<\/li>\n<li>Incluye un cargador de 10 tiros.<\/li>\n<li>Filtro de 20 micrones.<\/li>\n<li>Man\u00f3metro incorporado.<\/li>\n<li>Riel de 11mm para el montaje de mira telesc\u00f3pica (no incluida).<\/li>\n<\/ul>\n<h3><\/h3>\n<p>&nbsp;<\/p>\n<h4>Detalles T\u00e9cnicos:<\/h4>\n<table width=\"657\">\n<tbody>\n<tr>\n<td width=\"71\"><strong>Formato:<\/strong><\/td>\n<td width=\"69\"><strong>Largo:<\/strong><\/td>\n<td width=\"62\"><strong>Largo del ca\u00f1\u00f3n:<\/strong><\/td>\n<td width=\"48\"><strong>Peso:<\/strong><\/td>\n<td width=\"63\"><strong>Presi\u00f3n m\u00e1xima de carga:<\/strong><\/td>\n<td width=\"82\"><strong>Autonom\u00eda por carga:<\/strong><\/td>\n<td width=\"62\"><strong>Calibre:<\/strong><\/td>\n<td width=\"82\"><strong>Velocidad:<\/strong><\/td>\n<td width=\"78\"><strong>Capacidad:<\/strong><\/td>\n<\/tr>\n<tr>\n<td width=\"71\">Rifle, con culata thumbhole de nogal<\/td>\n<td width=\"69\">1110mm<\/td>\n<td width=\"62\">493mm<\/td>\n<td width=\"48\">2,9kg<\/td>\n<td width=\"63\">200bar<\/td>\n<td width=\"82\">30<\/td>\n<td width=\"62\">5,5mm (.22)<\/td>\n<td width=\"82\">241m\/s (780ft\/sec)<\/td>\n<td width=\"78\">230cc<\/td>\n<\/tr>\n<\/tbody>\n<\/table>\n<p>&nbsp;<\/p>\n<h1 style=\"text-align: center;\"><\/h1>\n<\/div>\n","protected":false},"excerpt":{"rendered":"<p>S510 Xtra Sporter: cuando necesitas m\u00e1s potencia, perfectamente entregada. &nbsp; Hay muchas situaciones de caza en las que necesitar\u00e1s un rendimiento extra, y muchas m\u00e1s en las que un rifle de calibre 5,5mm puede estar pasado de potencia. Aqu\u00ed es donde el S510Xtra demuestra ser el compa\u00f1ero de caza perfecto. Con cerca de 40 julios [&#8230;]\n","protected":false},"featured_media":848,"template":"","meta":{"_joinchat":[]},"yoast_head":"<!-- This site is optimized with the Yoast SEO plugin v23.3 - https:\/\/yoast.com\/wordpress\/plugins\/seo\/ -->\n<title>Air Arms S510 Extra (5,5mm, FAC, culata thumbhole de nogal) - AirGunsLP<\/title>\n<meta name=\"description\" content=\"Importador de armas de aire comprimido. Venta mayorista y minorista de todas las marcas nacionales. Stock permanente de todos los modelos.\" \/>\n<meta name=\"robots\" content=\"index, follow, max-snippet:-1, max-image-preview:large, max-video-preview:-1\" \/>\n<link rel=\"canonical\" href=\"https:\/\/airgunslp.com.ar\/home\/producto\/air-arms-s510-extra-55mm-fac-culata-thumbhole-de-nogal\/\" \/>\n<meta property=\"og:locale\" content=\"es_ES\" \/>\n<meta property=\"og:type\" content=\"article\" \/>\n<meta property=\"og:title\" content=\"Air Arms S510 Extra (5,5mm, FAC, culata thumbhole de nogal) - AirGunsLP\" \/>\n<meta property=\"og:description\" content=\"Importador de armas de aire comprimido. Venta mayorista y minorista de todas las marcas nacionales. Stock permanente de todos los modelos.\" \/>\n<meta property=\"og:url\" content=\"https:\/\/airgunslp.com.ar\/home\/producto\/air-arms-s510-extra-55mm-fac-culata-thumbhole-de-nogal\/\" \/>\n<meta property=\"og:site_name\" content=\"AirGunsLP\" \/>\n<meta property=\"article:publisher\" content=\"https:\/\/www.facebook.com\/airgunslp\/\" \/>\n<meta property=\"article:modified_time\" content=\"2026-02-13T16:15:06+00:00\" \/>\n<meta property=\"og:image\" content=\"https:\/\/airgunslp.com.ar\/home\/wp-content\/uploads\/s510-th.png\" \/>\n\t<meta property=\"og:image:width\" content=\"784\" \/>\n\t<meta property=\"og:image:height\" content=\"588\" \/>\n\t<meta property=\"og:image:type\" content=\"image\/png\" \/>\n<meta name=\"twitter:card\" content=\"summary_large_image\" \/>\n<meta name=\"twitter:site\" content=\"@airgunslp\" \/>\n<meta name=\"twitter:label1\" content=\"Tiempo de lectura\" \/>\n\t<meta name=\"twitter:data1\" content=\"2 minutos\" \/>\n<script type=\"application\/ld+json\" class=\"yoast-schema-graph\">{\"@context\":\"https:\/\/schema.org\",\"@graph\":[{\"@type\":\"WebPage\",\"@id\":\"https:\/\/airgunslp.com.ar\/home\/producto\/air-arms-s510-extra-55mm-fac-culata-thumbhole-de-nogal\/\",\"url\":\"https:\/\/airgunslp.com.ar\/home\/producto\/air-arms-s510-extra-55mm-fac-culata-thumbhole-de-nogal\/\",\"name\":\"Air Arms S510 Extra (5,5mm, FAC, culata thumbhole de nogal) - AirGunsLP\",\"isPartOf\":{\"@id\":\"https:\/\/airgunslp.com.ar\/home\/#website\"},\"primaryImageOfPage\":{\"@id\":\"https:\/\/airgunslp.com.ar\/home\/producto\/air-arms-s510-extra-55mm-fac-culata-thumbhole-de-nogal\/#primaryimage\"},\"image\":{\"@id\":\"https:\/\/airgunslp.com.ar\/home\/producto\/air-arms-s510-extra-55mm-fac-culata-thumbhole-de-nogal\/#primaryimage\"},\"thumbnailUrl\":\"https:\/\/airgunslp.com.ar\/home\/wp-content\/uploads\/s510-th.png\",\"datePublished\":\"2019-07-02T03:01:37+00:00\",\"dateModified\":\"2026-02-13T16:15:06+00:00\",\"description\":\"Importador de armas de aire comprimido. Venta mayorista y minorista de todas las marcas nacionales. Stock permanente de todos los modelos.\",\"breadcrumb\":{\"@id\":\"https:\/\/airgunslp.com.ar\/home\/producto\/air-arms-s510-extra-55mm-fac-culata-thumbhole-de-nogal\/#breadcrumb\"},\"inLanguage\":\"es\",\"potentialAction\":[{\"@type\":\"ReadAction\",\"target\":[\"https:\/\/airgunslp.com.ar\/home\/producto\/air-arms-s510-extra-55mm-fac-culata-thumbhole-de-nogal\/\"]}]},{\"@type\":\"ImageObject\",\"inLanguage\":\"es\",\"@id\":\"https:\/\/airgunslp.com.ar\/home\/producto\/air-arms-s510-extra-55mm-fac-culata-thumbhole-de-nogal\/#primaryimage\",\"url\":\"https:\/\/airgunslp.com.ar\/home\/wp-content\/uploads\/s510-th.png\",\"contentUrl\":\"https:\/\/airgunslp.com.ar\/home\/wp-content\/uploads\/s510-th.png\",\"width\":784,\"height\":588},{\"@type\":\"BreadcrumbList\",\"@id\":\"https:\/\/airgunslp.com.ar\/home\/producto\/air-arms-s510-extra-55mm-fac-culata-thumbhole-de-nogal\/#breadcrumb\",\"itemListElement\":[{\"@type\":\"ListItem\",\"position\":1,\"name\":\"Portada\",\"item\":\"https:\/\/airgunslp.com.ar\/home\/\"},{\"@type\":\"ListItem\",\"position\":2,\"name\":\"Productos\",\"item\":\"https:\/\/airgunslp.com.ar\/home\/productos\/\"},{\"@type\":\"ListItem\",\"position\":3,\"name\":\"Air Arms S510 Extra (5,5mm, FAC, culata thumbhole de nogal)\"}]},{\"@type\":\"WebSite\",\"@id\":\"https:\/\/airgunslp.com.ar\/home\/#website\",\"url\":\"https:\/\/airgunslp.com.ar\/home\/\",\"name\":\"AirGunsLP\",\"description\":\"Venta de armas de aire comprimido\",\"potentialAction\":[{\"@type\":\"SearchAction\",\"target\":{\"@type\":\"EntryPoint\",\"urlTemplate\":\"https:\/\/airgunslp.com.ar\/home\/?s={search_term_string}\"},\"query-input\":\"required name=search_term_string\"}],\"inLanguage\":\"es\"}]}<\/script>\n<!-- \/ Yoast SEO plugin. -->","yoast_head_json":{"title":"Air Arms S510 Extra (5,5mm, FAC, culata thumbhole de nogal) - AirGunsLP","description":"Importador de armas de aire comprimido. Venta mayorista y minorista de todas las marcas nacionales. Stock permanente de todos los modelos.","robots":{"index":"index","follow":"follow","max-snippet":"max-snippet:-1","max-image-preview":"max-image-preview:large","max-video-preview":"max-video-preview:-1"},"canonical":"https:\/\/airgunslp.com.ar\/home\/producto\/air-arms-s510-extra-55mm-fac-culata-thumbhole-de-nogal\/","og_locale":"es_ES","og_type":"article","og_title":"Air Arms S510 Extra (5,5mm, FAC, culata thumbhole de nogal) - AirGunsLP","og_description":"Importador de armas de aire comprimido. Venta mayorista y minorista de todas las marcas nacionales. Stock permanente de todos los modelos.","og_url":"https:\/\/airgunslp.com.ar\/home\/producto\/air-arms-s510-extra-55mm-fac-culata-thumbhole-de-nogal\/","og_site_name":"AirGunsLP","article_publisher":"https:\/\/www.facebook.com\/airgunslp\/","article_modified_time":"2026-02-13T16:15:06+00:00","og_image":[{"width":784,"height":588,"url":"https:\/\/airgunslp.com.ar\/home\/wp-content\/uploads\/s510-th.png","type":"image\/png"}],"twitter_card":"summary_large_image","twitter_site":"@airgunslp","twitter_misc":{"Tiempo de lectura":"2 minutos"},"schema":{"@context":"https:\/\/schema.org","@graph":[{"@type":"WebPage","@id":"https:\/\/airgunslp.com.ar\/home\/producto\/air-arms-s510-extra-55mm-fac-culata-thumbhole-de-nogal\/","url":"https:\/\/airgunslp.com.ar\/home\/producto\/air-arms-s510-extra-55mm-fac-culata-thumbhole-de-nogal\/","name":"Air Arms S510 Extra (5,5mm, FAC, culata thumbhole de nogal) - AirGunsLP","isPartOf":{"@id":"https:\/\/airgunslp.com.ar\/home\/#website"},"primaryImageOfPage":{"@id":"https:\/\/airgunslp.com.ar\/home\/producto\/air-arms-s510-extra-55mm-fac-culata-thumbhole-de-nogal\/#primaryimage"},"image":{"@id":"https:\/\/airgunslp.com.ar\/home\/producto\/air-arms-s510-extra-55mm-fac-culata-thumbhole-de-nogal\/#primaryimage"},"thumbnailUrl":"https:\/\/airgunslp.com.ar\/home\/wp-content\/uploads\/s510-th.png","datePublished":"2019-07-02T03:01:37+00:00","dateModified":"2026-02-13T16:15:06+00:00","description":"Importador de armas de aire comprimido. Venta mayorista y minorista de todas las marcas nacionales. Stock permanente de todos los modelos.","breadcrumb":{"@id":"https:\/\/airgunslp.com.ar\/home\/producto\/air-arms-s510-extra-55mm-fac-culata-thumbhole-de-nogal\/#breadcrumb"},"inLanguage":"es","potentialAction":[{"@type":"ReadAction","target":["https:\/\/airgunslp.com.ar\/home\/producto\/air-arms-s510-extra-55mm-fac-culata-thumbhole-de-nogal\/"]}]},{"@type":"ImageObject","inLanguage":"es","@id":"https:\/\/airgunslp.com.ar\/home\/producto\/air-arms-s510-extra-55mm-fac-culata-thumbhole-de-nogal\/#primaryimage","url":"https:\/\/airgunslp.com.ar\/home\/wp-content\/uploads\/s510-th.png","contentUrl":"https:\/\/airgunslp.com.ar\/home\/wp-content\/uploads\/s510-th.png","width":784,"height":588},{"@type":"BreadcrumbList","@id":"https:\/\/airgunslp.com.ar\/home\/producto\/air-arms-s510-extra-55mm-fac-culata-thumbhole-de-nogal\/#breadcrumb","itemListElement":[{"@type":"ListItem","position":1,"name":"Portada","item":"https:\/\/airgunslp.com.ar\/home\/"},{"@type":"ListItem","position":2,"name":"Productos","item":"https:\/\/airgunslp.com.ar\/home\/productos\/"},{"@type":"ListItem","position":3,"name":"Air Arms S510 Extra (5,5mm, FAC, culata thumbhole de nogal)"}]},{"@type":"WebSite","@id":"https:\/\/airgunslp.com.ar\/home\/#website","url":"https:\/\/airgunslp.com.ar\/home\/","name":"AirGunsLP","description":"Venta de armas de aire comprimido","potentialAction":[{"@type":"SearchAction","target":{"@type":"EntryPoint","urlTemplate":"https:\/\/airgunslp.com.ar\/home\/?s={search_term_string}"},"query-input":"required name=search_term_string"}],"inLanguage":"es"}]}},"_links":{"self":[{"href":"https:\/\/airgunslp.com.ar\/home\/wp-json\/wp\/v2\/product\/254"}],"collection":[{"href":"https:\/\/airgunslp.com.ar\/home\/wp-json\/wp\/v2\/product"}],"about":[{"href":"https:\/\/airgunslp.com.ar\/home\/wp-json\/wp\/v2\/types\/product"}],"wp:featuredmedia":[{"embeddable":true,"href":"https:\/\/airgunslp.com.ar\/home\/wp-json\/wp\/v2\/media\/848"}],"wp:attachment":[{"href":"https:\/\/airgunslp.com.ar\/home\/wp-json\/wp\/v2\/media?parent=254"}],"curies":[{"name":"wp","href":"https:\/\/api.w.org\/{rel}","templated":true}]}}