{"id":251,"date":"2019-07-02T02:53:20","date_gmt":"2019-07-02T02:53:20","guid":{"rendered":"https:\/\/airgunslp.com.ar\/home\/?post_type=product&#038;p=251"},"modified":"2023-02-13T13:10:42","modified_gmt":"2023-02-13T13:10:42","slug":"air-arms-s510-carbine-45mm-fac-culata-de-haya","status":"publish","type":"product","link":"https:\/\/airgunslp.com.ar\/home\/producto\/air-arms-s510-carbine-45mm-fac-culata-de-haya\/","title":{"rendered":"Air Arms S510 Carbine (4,5mm, FAC, culata de haya)"},"content":{"rendered":"<h2>Carabina S510: una acci\u00f3n liviana con sigilo como est\u00e1ndar.<\/h2>\n<p>El Air Arms S510 toma el probado formato de la serie 400 y le da un nuevo nivel de sofisticaci\u00f3n. Con un sistema de carga lateral el cual presenta un accionamiento sin esfuerzo en cada una de las cargas de los balines en el ca\u00f1\u00f3n, que permite realizar f\u00e1cilmente un ciclo de la acci\u00f3n del S510 sin siquiera apartar la vista de mira telesc\u00f3pica.<\/p>\n<p>La precisi\u00f3n es la base de todos los rifles Air Arms, por lo que puede esperar grupos impresionantemente ajustados en todos los rangos de caza realistas. Dentro del S510, su v\u00e1lvula de disparo equilibrada mide la potencia, promoviendo una consistencia vital para un disparo preciso y totalmente confiable.<\/p>\n<p>&nbsp;<\/p>\n<h3>Caracter\u00edsticas:<\/h3>\n<ul>\n<li>Acci\u00f3n de carga lateral suave y r\u00e1pida.<\/li>\n<li>Ca\u00f1\u00f3n totalmente enchaquetado.<\/li>\n<li>Rosca para agregar moderador.<\/li>\n<li>Seguro en el gatillo<\/li>\n<li>Gatillo ajustable de dos etapas.<\/li>\n<li>Un cargador de rotativo de 10 balines.<\/li>\n<li>Filtro de 20 micrones<\/li>\n<li>Man\u00f3metro incorporado.<\/li>\n<\/ul>\n<h3>Detalles T\u00e9cnicos:<\/h3>\n<table>\n<tbody>\n<tr>\n<td width=\"189\">Peso:<\/td>\n<td width=\"189\">3,2kg (haya<\/td>\n<\/tr>\n<tr>\n<td width=\"189\">Largo total:<\/td>\n<td width=\"189\">970mm<\/td>\n<\/tr>\n<tr>\n<td width=\"189\">Largo ca\u00f1\u00f3n:<\/td>\n<td width=\"189\">395mm<\/td>\n<\/tr>\n<tr>\n<td width=\"189\">Calibre:<\/td>\n<td width=\"189\">4,5mm (.177)<\/td>\n<\/tr>\n<tr>\n<td width=\"189\">Energ\u00eda:<\/td>\n<td width=\"189\">27J<\/td>\n<\/tr>\n<tr>\n<td width=\"189\">Velocidad:<\/td>\n<td width=\"189\">315m\/s (1000)<\/td>\n<\/tr>\n<tr>\n<td width=\"189\">Presi\u00f3n m\u00e1xima de carga:<\/td>\n<td width=\"189\">200bar (2901psii)<\/td>\n<\/tr>\n<tr>\n<td width=\"189\">Autonom\u00eda:<\/td>\n<td width=\"189\">15 disparos<\/td>\n<\/tr>\n<\/tbody>\n<\/table>\n","protected":false},"excerpt":{"rendered":"<p>Carabina S510: una acci\u00f3n liviana con sigilo como est\u00e1ndar. El Air Arms S510 toma el probado formato de la serie 400 y le da un nuevo nivel de sofisticaci\u00f3n. Con un sistema de carga lateral el cual presenta un accionamiento sin esfuerzo en cada una de las cargas de los balines en el ca\u00f1\u00f3n, que [&#8230;]\n","protected":false},"featured_media":282,"template":"","meta":{"_joinchat":[]},"yoast_head":"<!-- This site is optimized with the Yoast SEO plugin v23.3 - https:\/\/yoast.com\/wordpress\/plugins\/seo\/ -->\n<title>Air Arms S510 Carbine (4,5mm, FAC, culata de haya) - AirGunsLP<\/title>\n<meta name=\"description\" content=\"Importador de armas de aire comprimido. Venta mayorista y minorista de todas las marcas nacionales. Stock permanente de todos los modelos.\" \/>\n<meta name=\"robots\" content=\"index, follow, max-snippet:-1, max-image-preview:large, max-video-preview:-1\" \/>\n<link rel=\"canonical\" href=\"https:\/\/airgunslp.com.ar\/home\/producto\/air-arms-s510-carbine-45mm-fac-culata-de-haya\/\" \/>\n<meta property=\"og:locale\" content=\"es_ES\" \/>\n<meta property=\"og:type\" content=\"article\" \/>\n<meta property=\"og:title\" content=\"Air Arms S510 Carbine (4,5mm, FAC, culata de haya) - AirGunsLP\" \/>\n<meta property=\"og:description\" content=\"Importador de armas de aire comprimido. Venta mayorista y minorista de todas las marcas nacionales. Stock permanente de todos los modelos.\" \/>\n<meta property=\"og:url\" content=\"https:\/\/airgunslp.com.ar\/home\/producto\/air-arms-s510-carbine-45mm-fac-culata-de-haya\/\" \/>\n<meta property=\"og:site_name\" content=\"AirGunsLP\" \/>\n<meta property=\"article:publisher\" content=\"https:\/\/www.facebook.com\/airgunslp\/\" \/>\n<meta property=\"article:modified_time\" content=\"2023-02-13T13:10:42+00:00\" \/>\n<meta property=\"og:image\" content=\"https:\/\/airgunslp.com.ar\/home\/wp-content\/uploads\/AAS510EXTRA.jpg\" \/>\n\t<meta property=\"og:image:width\" content=\"500\" \/>\n\t<meta property=\"og:image:height\" content=\"500\" \/>\n\t<meta property=\"og:image:type\" content=\"image\/jpeg\" \/>\n<meta name=\"twitter:card\" content=\"summary_large_image\" \/>\n<meta name=\"twitter:site\" content=\"@airgunslp\" \/>\n<meta name=\"twitter:label1\" content=\"Tiempo de lectura\" \/>\n\t<meta name=\"twitter:data1\" content=\"1 minuto\" \/>\n<script type=\"application\/ld+json\" class=\"yoast-schema-graph\">{\"@context\":\"https:\/\/schema.org\",\"@graph\":[{\"@type\":\"WebPage\",\"@id\":\"https:\/\/airgunslp.com.ar\/home\/producto\/air-arms-s510-carbine-45mm-fac-culata-de-haya\/\",\"url\":\"https:\/\/airgunslp.com.ar\/home\/producto\/air-arms-s510-carbine-45mm-fac-culata-de-haya\/\",\"name\":\"Air Arms S510 Carbine (4,5mm, FAC, culata de haya) - AirGunsLP\",\"isPartOf\":{\"@id\":\"https:\/\/airgunslp.com.ar\/home\/#website\"},\"primaryImageOfPage\":{\"@id\":\"https:\/\/airgunslp.com.ar\/home\/producto\/air-arms-s510-carbine-45mm-fac-culata-de-haya\/#primaryimage\"},\"image\":{\"@id\":\"https:\/\/airgunslp.com.ar\/home\/producto\/air-arms-s510-carbine-45mm-fac-culata-de-haya\/#primaryimage\"},\"thumbnailUrl\":\"https:\/\/airgunslp.com.ar\/home\/wp-content\/uploads\/AAS510EXTRA.jpg\",\"datePublished\":\"2019-07-02T02:53:20+00:00\",\"dateModified\":\"2023-02-13T13:10:42+00:00\",\"description\":\"Importador de armas de aire comprimido. Venta mayorista y minorista de todas las marcas nacionales. Stock permanente de todos los modelos.\",\"breadcrumb\":{\"@id\":\"https:\/\/airgunslp.com.ar\/home\/producto\/air-arms-s510-carbine-45mm-fac-culata-de-haya\/#breadcrumb\"},\"inLanguage\":\"es\",\"potentialAction\":[{\"@type\":\"ReadAction\",\"target\":[\"https:\/\/airgunslp.com.ar\/home\/producto\/air-arms-s510-carbine-45mm-fac-culata-de-haya\/\"]}]},{\"@type\":\"ImageObject\",\"inLanguage\":\"es\",\"@id\":\"https:\/\/airgunslp.com.ar\/home\/producto\/air-arms-s510-carbine-45mm-fac-culata-de-haya\/#primaryimage\",\"url\":\"https:\/\/airgunslp.com.ar\/home\/wp-content\/uploads\/AAS510EXTRA.jpg\",\"contentUrl\":\"https:\/\/airgunslp.com.ar\/home\/wp-content\/uploads\/AAS510EXTRA.jpg\",\"width\":500,\"height\":500},{\"@type\":\"BreadcrumbList\",\"@id\":\"https:\/\/airgunslp.com.ar\/home\/producto\/air-arms-s510-carbine-45mm-fac-culata-de-haya\/#breadcrumb\",\"itemListElement\":[{\"@type\":\"ListItem\",\"position\":1,\"name\":\"Portada\",\"item\":\"https:\/\/airgunslp.com.ar\/home\/\"},{\"@type\":\"ListItem\",\"position\":2,\"name\":\"Productos\",\"item\":\"https:\/\/airgunslp.com.ar\/home\/productos\/\"},{\"@type\":\"ListItem\",\"position\":3,\"name\":\"Air Arms S510 Carbine (4,5mm, FAC, culata de haya)\"}]},{\"@type\":\"WebSite\",\"@id\":\"https:\/\/airgunslp.com.ar\/home\/#website\",\"url\":\"https:\/\/airgunslp.com.ar\/home\/\",\"name\":\"AirGunsLP\",\"description\":\"Venta de armas de aire comprimido\",\"potentialAction\":[{\"@type\":\"SearchAction\",\"target\":{\"@type\":\"EntryPoint\",\"urlTemplate\":\"https:\/\/airgunslp.com.ar\/home\/?s={search_term_string}\"},\"query-input\":\"required name=search_term_string\"}],\"inLanguage\":\"es\"}]}<\/script>\n<!-- \/ Yoast SEO plugin. -->","yoast_head_json":{"title":"Air Arms S510 Carbine (4,5mm, FAC, culata de haya) - AirGunsLP","description":"Importador de armas de aire comprimido. Venta mayorista y minorista de todas las marcas nacionales. Stock permanente de todos los modelos.","robots":{"index":"index","follow":"follow","max-snippet":"max-snippet:-1","max-image-preview":"max-image-preview:large","max-video-preview":"max-video-preview:-1"},"canonical":"https:\/\/airgunslp.com.ar\/home\/producto\/air-arms-s510-carbine-45mm-fac-culata-de-haya\/","og_locale":"es_ES","og_type":"article","og_title":"Air Arms S510 Carbine (4,5mm, FAC, culata de haya) - AirGunsLP","og_description":"Importador de armas de aire comprimido. Venta mayorista y minorista de todas las marcas nacionales. Stock permanente de todos los modelos.","og_url":"https:\/\/airgunslp.com.ar\/home\/producto\/air-arms-s510-carbine-45mm-fac-culata-de-haya\/","og_site_name":"AirGunsLP","article_publisher":"https:\/\/www.facebook.com\/airgunslp\/","article_modified_time":"2023-02-13T13:10:42+00:00","og_image":[{"width":500,"height":500,"url":"https:\/\/airgunslp.com.ar\/home\/wp-content\/uploads\/AAS510EXTRA.jpg","type":"image\/jpeg"}],"twitter_card":"summary_large_image","twitter_site":"@airgunslp","twitter_misc":{"Tiempo de lectura":"1 minuto"},"schema":{"@context":"https:\/\/schema.org","@graph":[{"@type":"WebPage","@id":"https:\/\/airgunslp.com.ar\/home\/producto\/air-arms-s510-carbine-45mm-fac-culata-de-haya\/","url":"https:\/\/airgunslp.com.ar\/home\/producto\/air-arms-s510-carbine-45mm-fac-culata-de-haya\/","name":"Air Arms S510 Carbine (4,5mm, FAC, culata de haya) - AirGunsLP","isPartOf":{"@id":"https:\/\/airgunslp.com.ar\/home\/#website"},"primaryImageOfPage":{"@id":"https:\/\/airgunslp.com.ar\/home\/producto\/air-arms-s510-carbine-45mm-fac-culata-de-haya\/#primaryimage"},"image":{"@id":"https:\/\/airgunslp.com.ar\/home\/producto\/air-arms-s510-carbine-45mm-fac-culata-de-haya\/#primaryimage"},"thumbnailUrl":"https:\/\/airgunslp.com.ar\/home\/wp-content\/uploads\/AAS510EXTRA.jpg","datePublished":"2019-07-02T02:53:20+00:00","dateModified":"2023-02-13T13:10:42+00:00","description":"Importador de armas de aire comprimido. Venta mayorista y minorista de todas las marcas nacionales. Stock permanente de todos los modelos.","breadcrumb":{"@id":"https:\/\/airgunslp.com.ar\/home\/producto\/air-arms-s510-carbine-45mm-fac-culata-de-haya\/#breadcrumb"},"inLanguage":"es","potentialAction":[{"@type":"ReadAction","target":["https:\/\/airgunslp.com.ar\/home\/producto\/air-arms-s510-carbine-45mm-fac-culata-de-haya\/"]}]},{"@type":"ImageObject","inLanguage":"es","@id":"https:\/\/airgunslp.com.ar\/home\/producto\/air-arms-s510-carbine-45mm-fac-culata-de-haya\/#primaryimage","url":"https:\/\/airgunslp.com.ar\/home\/wp-content\/uploads\/AAS510EXTRA.jpg","contentUrl":"https:\/\/airgunslp.com.ar\/home\/wp-content\/uploads\/AAS510EXTRA.jpg","width":500,"height":500},{"@type":"BreadcrumbList","@id":"https:\/\/airgunslp.com.ar\/home\/producto\/air-arms-s510-carbine-45mm-fac-culata-de-haya\/#breadcrumb","itemListElement":[{"@type":"ListItem","position":1,"name":"Portada","item":"https:\/\/airgunslp.com.ar\/home\/"},{"@type":"ListItem","position":2,"name":"Productos","item":"https:\/\/airgunslp.com.ar\/home\/productos\/"},{"@type":"ListItem","position":3,"name":"Air Arms S510 Carbine (4,5mm, FAC, culata de haya)"}]},{"@type":"WebSite","@id":"https:\/\/airgunslp.com.ar\/home\/#website","url":"https:\/\/airgunslp.com.ar\/home\/","name":"AirGunsLP","description":"Venta de armas de aire comprimido","potentialAction":[{"@type":"SearchAction","target":{"@type":"EntryPoint","urlTemplate":"https:\/\/airgunslp.com.ar\/home\/?s={search_term_string}"},"query-input":"required name=search_term_string"}],"inLanguage":"es"}]}},"_links":{"self":[{"href":"https:\/\/airgunslp.com.ar\/home\/wp-json\/wp\/v2\/product\/251"}],"collection":[{"href":"https:\/\/airgunslp.com.ar\/home\/wp-json\/wp\/v2\/product"}],"about":[{"href":"https:\/\/airgunslp.com.ar\/home\/wp-json\/wp\/v2\/types\/product"}],"wp:featuredmedia":[{"embeddable":true,"href":"https:\/\/airgunslp.com.ar\/home\/wp-json\/wp\/v2\/media\/282"}],"wp:attachment":[{"href":"https:\/\/airgunslp.com.ar\/home\/wp-json\/wp\/v2\/media?parent=251"}],"curies":[{"name":"wp","href":"https:\/\/api.w.org\/{rel}","templated":true}]}}