{"id":245,"date":"2019-07-02T02:28:18","date_gmt":"2019-07-02T02:28:18","guid":{"rendered":"https:\/\/airgunslp.com.ar\/home\/?post_type=product&#038;p=245"},"modified":"2023-02-13T13:10:42","modified_gmt":"2023-02-13T13:10:42","slug":"air-arms-s400-45mm-16j-culata-de-haya","status":"publish","type":"product","link":"https:\/\/airgunslp.com.ar\/home\/producto\/air-arms-s400-45mm-16j-culata-de-haya\/","title":{"rendered":"Air Arms S400 (4,5mm, 16J, culata de haya)"},"content":{"rendered":"<h1>S400 Sporter: precisi\u00f3n tiro a tiro.<\/h1>\n<p>&nbsp;<\/p>\n<p>El rifle Air Arms S400 es el mas popular de los de rifles PCP deportivos tiro a tiro de gama alta gracias a buenas razones. Desarrollado y construido con el mismo cuidado y esmero que el modelo multishot de 10 disparos (el S410), el S400 es c\u00f3modo de usar en las competiciones de Field Target, as\u00ed tambi\u00e9n como en los trazados de Hunting Field Target.<\/p>\n<p>En el coraz\u00f3n del S400 encontramos una suave y consistente acci\u00f3n de cerrojo, el cual alimenta un ca\u00f1\u00f3n Lothar Walther de grado Match, desarrollado por especificaciones de Air Arms. Cada bal\u00edn es cargado a mano en un breech de generoso tama\u00f1o, el cual, junto con una c\u00f3moda manija de cerrojo hacen que la carga y accionamiento de los mecanismos del rifle sean r\u00e1pidos, seguros y f\u00e1ciles.<\/p>\n<p>El rendimiento del sistema mec\u00e1nico del S400 se ve complementada de forma detallada por los trabajos en madera del altamente aclamado Minelli Group, junto con un gatillo de dos etapas ajustable con seguro, y un man\u00f3metro incorporado para medir la presi\u00f3n del dep\u00f3sito de aire.<\/p>\n<p>&nbsp;<\/p>\n<p>&nbsp;<\/p>\n<h4>Caracter\u00edsticas:<\/h4>\n<ul>\n<li>Acci\u00f3n a cerrojo tradicional.<\/li>\n<li>Pico de carga de acero inoxidable con filtro de 20 micrones.<\/li>\n<li>Gatillo regulable de dos etapas.<\/li>\n<li>Seguro de accionamiento manual montado en el gatillo.<\/li>\n<li>Breech ancho, para facilitar la carga de los balines.<\/li>\n<li>Man\u00f3metro incorporado.<\/li>\n<li>Riel de 11mm para montar mira telesc\u00f3pica (mira no incluida).<\/li>\n<\/ul>\n<p>&nbsp;<\/p>\n<p>&nbsp;<\/p>\n<h4>Especificaciones t\u00e9cnicas:<\/h4>\n<table width=\"573\">\n<tbody>\n<tr>\n<td width=\"76\"><strong>Formato:<\/strong><\/td>\n<td width=\"59\"><strong>Peso:<\/strong><\/td>\n<td width=\"68\"><strong>Largo:<\/strong><\/td>\n<td width=\"63\"><strong>Largo del ca\u00f1\u00f3n:<\/strong><\/td>\n<td width=\"65\"><strong>Calibre:<\/strong><\/td>\n<td width=\"68\"><strong>Energ\u00eda:<\/strong><\/td>\n<td width=\"98\"><strong>Autonom\u00eda:<\/strong><\/td>\n<td width=\"76\"><strong>Presi\u00f3n de llenado m\u00e1xima:<\/strong><\/td>\n<\/tr>\n<tr>\n<td width=\"76\">Rifle PCP tiro a tiro de acci\u00f3n a cerrojo<\/td>\n<td width=\"59\">3Kg (culata de haya)<\/td>\n<td width=\"68\">1020mm<\/td>\n<td width=\"63\">493mm<\/td>\n<td width=\"65\">4,5mm<\/td>\n<td width=\"68\">16J<\/td>\n<td width=\"98\">80 disparos por carga de aire<\/td>\n<td width=\"76\">190bar<\/td>\n<\/tr>\n<\/tbody>\n<\/table>\n","protected":false},"excerpt":{"rendered":"<p>S400 Sporter: precisi\u00f3n tiro a tiro. &nbsp; El rifle Air Arms S400 es el mas popular de los de rifles PCP deportivos tiro a tiro de gama alta gracias a buenas razones. Desarrollado y construido con el mismo cuidado y esmero que el modelo multishot de 10 disparos (el S410), el S400 es c\u00f3modo de [&#8230;]\n","protected":false},"featured_media":285,"template":"","meta":{"_joinchat":[]},"yoast_head":"<!-- This site is optimized with the Yoast SEO plugin v23.3 - https:\/\/yoast.com\/wordpress\/plugins\/seo\/ -->\n<title>Air Arms S400 (4,5mm, 16J, culata de haya) - AirGunsLP<\/title>\n<meta name=\"description\" content=\"Importador de armas de aire comprimido. Venta mayorista y minorista de todas las marcas nacionales. Stock permanente de todos los modelos.\" \/>\n<meta name=\"robots\" content=\"index, follow, max-snippet:-1, max-image-preview:large, max-video-preview:-1\" \/>\n<link rel=\"canonical\" href=\"https:\/\/airgunslp.com.ar\/home\/producto\/air-arms-s400-45mm-16j-culata-de-haya\/\" \/>\n<meta property=\"og:locale\" content=\"es_ES\" \/>\n<meta property=\"og:type\" content=\"article\" \/>\n<meta property=\"og:title\" content=\"Air Arms S400 (4,5mm, 16J, culata de haya) - AirGunsLP\" \/>\n<meta property=\"og:description\" content=\"Importador de armas de aire comprimido. Venta mayorista y minorista de todas las marcas nacionales. Stock permanente de todos los modelos.\" \/>\n<meta property=\"og:url\" content=\"https:\/\/airgunslp.com.ar\/home\/producto\/air-arms-s400-45mm-16j-culata-de-haya\/\" \/>\n<meta property=\"og:site_name\" content=\"AirGunsLP\" \/>\n<meta property=\"article:publisher\" content=\"https:\/\/www.facebook.com\/airgunslp\/\" \/>\n<meta property=\"article:modified_time\" content=\"2023-02-13T13:10:42+00:00\" \/>\n<meta property=\"og:image\" content=\"https:\/\/airgunslp.com.ar\/home\/wp-content\/uploads\/AAS400.jpg\" \/>\n\t<meta property=\"og:image:width\" content=\"500\" \/>\n\t<meta property=\"og:image:height\" content=\"500\" \/>\n\t<meta property=\"og:image:type\" content=\"image\/jpeg\" \/>\n<meta name=\"twitter:card\" content=\"summary_large_image\" \/>\n<meta name=\"twitter:site\" content=\"@airgunslp\" \/>\n<meta name=\"twitter:label1\" content=\"Tiempo de lectura\" \/>\n\t<meta name=\"twitter:data1\" content=\"1 minuto\" \/>\n<script type=\"application\/ld+json\" class=\"yoast-schema-graph\">{\"@context\":\"https:\/\/schema.org\",\"@graph\":[{\"@type\":\"WebPage\",\"@id\":\"https:\/\/airgunslp.com.ar\/home\/producto\/air-arms-s400-45mm-16j-culata-de-haya\/\",\"url\":\"https:\/\/airgunslp.com.ar\/home\/producto\/air-arms-s400-45mm-16j-culata-de-haya\/\",\"name\":\"Air Arms S400 (4,5mm, 16J, culata de haya) - AirGunsLP\",\"isPartOf\":{\"@id\":\"https:\/\/airgunslp.com.ar\/home\/#website\"},\"primaryImageOfPage\":{\"@id\":\"https:\/\/airgunslp.com.ar\/home\/producto\/air-arms-s400-45mm-16j-culata-de-haya\/#primaryimage\"},\"image\":{\"@id\":\"https:\/\/airgunslp.com.ar\/home\/producto\/air-arms-s400-45mm-16j-culata-de-haya\/#primaryimage\"},\"thumbnailUrl\":\"https:\/\/airgunslp.com.ar\/home\/wp-content\/uploads\/AAS400.jpg\",\"datePublished\":\"2019-07-02T02:28:18+00:00\",\"dateModified\":\"2023-02-13T13:10:42+00:00\",\"description\":\"Importador de armas de aire comprimido. Venta mayorista y minorista de todas las marcas nacionales. Stock permanente de todos los modelos.\",\"breadcrumb\":{\"@id\":\"https:\/\/airgunslp.com.ar\/home\/producto\/air-arms-s400-45mm-16j-culata-de-haya\/#breadcrumb\"},\"inLanguage\":\"es\",\"potentialAction\":[{\"@type\":\"ReadAction\",\"target\":[\"https:\/\/airgunslp.com.ar\/home\/producto\/air-arms-s400-45mm-16j-culata-de-haya\/\"]}]},{\"@type\":\"ImageObject\",\"inLanguage\":\"es\",\"@id\":\"https:\/\/airgunslp.com.ar\/home\/producto\/air-arms-s400-45mm-16j-culata-de-haya\/#primaryimage\",\"url\":\"https:\/\/airgunslp.com.ar\/home\/wp-content\/uploads\/AAS400.jpg\",\"contentUrl\":\"https:\/\/airgunslp.com.ar\/home\/wp-content\/uploads\/AAS400.jpg\",\"width\":500,\"height\":500},{\"@type\":\"BreadcrumbList\",\"@id\":\"https:\/\/airgunslp.com.ar\/home\/producto\/air-arms-s400-45mm-16j-culata-de-haya\/#breadcrumb\",\"itemListElement\":[{\"@type\":\"ListItem\",\"position\":1,\"name\":\"Portada\",\"item\":\"https:\/\/airgunslp.com.ar\/home\/\"},{\"@type\":\"ListItem\",\"position\":2,\"name\":\"Productos\",\"item\":\"https:\/\/airgunslp.com.ar\/home\/productos\/\"},{\"@type\":\"ListItem\",\"position\":3,\"name\":\"Air Arms S400 (4,5mm, 16J, culata de haya)\"}]},{\"@type\":\"WebSite\",\"@id\":\"https:\/\/airgunslp.com.ar\/home\/#website\",\"url\":\"https:\/\/airgunslp.com.ar\/home\/\",\"name\":\"AirGunsLP\",\"description\":\"Venta de armas de aire comprimido\",\"potentialAction\":[{\"@type\":\"SearchAction\",\"target\":{\"@type\":\"EntryPoint\",\"urlTemplate\":\"https:\/\/airgunslp.com.ar\/home\/?s={search_term_string}\"},\"query-input\":\"required name=search_term_string\"}],\"inLanguage\":\"es\"}]}<\/script>\n<!-- \/ Yoast SEO plugin. -->","yoast_head_json":{"title":"Air Arms S400 (4,5mm, 16J, culata de haya) - AirGunsLP","description":"Importador de armas de aire comprimido. Venta mayorista y minorista de todas las marcas nacionales. Stock permanente de todos los modelos.","robots":{"index":"index","follow":"follow","max-snippet":"max-snippet:-1","max-image-preview":"max-image-preview:large","max-video-preview":"max-video-preview:-1"},"canonical":"https:\/\/airgunslp.com.ar\/home\/producto\/air-arms-s400-45mm-16j-culata-de-haya\/","og_locale":"es_ES","og_type":"article","og_title":"Air Arms S400 (4,5mm, 16J, culata de haya) - AirGunsLP","og_description":"Importador de armas de aire comprimido. Venta mayorista y minorista de todas las marcas nacionales. Stock permanente de todos los modelos.","og_url":"https:\/\/airgunslp.com.ar\/home\/producto\/air-arms-s400-45mm-16j-culata-de-haya\/","og_site_name":"AirGunsLP","article_publisher":"https:\/\/www.facebook.com\/airgunslp\/","article_modified_time":"2023-02-13T13:10:42+00:00","og_image":[{"width":500,"height":500,"url":"https:\/\/airgunslp.com.ar\/home\/wp-content\/uploads\/AAS400.jpg","type":"image\/jpeg"}],"twitter_card":"summary_large_image","twitter_site":"@airgunslp","twitter_misc":{"Tiempo de lectura":"1 minuto"},"schema":{"@context":"https:\/\/schema.org","@graph":[{"@type":"WebPage","@id":"https:\/\/airgunslp.com.ar\/home\/producto\/air-arms-s400-45mm-16j-culata-de-haya\/","url":"https:\/\/airgunslp.com.ar\/home\/producto\/air-arms-s400-45mm-16j-culata-de-haya\/","name":"Air Arms S400 (4,5mm, 16J, culata de haya) - AirGunsLP","isPartOf":{"@id":"https:\/\/airgunslp.com.ar\/home\/#website"},"primaryImageOfPage":{"@id":"https:\/\/airgunslp.com.ar\/home\/producto\/air-arms-s400-45mm-16j-culata-de-haya\/#primaryimage"},"image":{"@id":"https:\/\/airgunslp.com.ar\/home\/producto\/air-arms-s400-45mm-16j-culata-de-haya\/#primaryimage"},"thumbnailUrl":"https:\/\/airgunslp.com.ar\/home\/wp-content\/uploads\/AAS400.jpg","datePublished":"2019-07-02T02:28:18+00:00","dateModified":"2023-02-13T13:10:42+00:00","description":"Importador de armas de aire comprimido. Venta mayorista y minorista de todas las marcas nacionales. Stock permanente de todos los modelos.","breadcrumb":{"@id":"https:\/\/airgunslp.com.ar\/home\/producto\/air-arms-s400-45mm-16j-culata-de-haya\/#breadcrumb"},"inLanguage":"es","potentialAction":[{"@type":"ReadAction","target":["https:\/\/airgunslp.com.ar\/home\/producto\/air-arms-s400-45mm-16j-culata-de-haya\/"]}]},{"@type":"ImageObject","inLanguage":"es","@id":"https:\/\/airgunslp.com.ar\/home\/producto\/air-arms-s400-45mm-16j-culata-de-haya\/#primaryimage","url":"https:\/\/airgunslp.com.ar\/home\/wp-content\/uploads\/AAS400.jpg","contentUrl":"https:\/\/airgunslp.com.ar\/home\/wp-content\/uploads\/AAS400.jpg","width":500,"height":500},{"@type":"BreadcrumbList","@id":"https:\/\/airgunslp.com.ar\/home\/producto\/air-arms-s400-45mm-16j-culata-de-haya\/#breadcrumb","itemListElement":[{"@type":"ListItem","position":1,"name":"Portada","item":"https:\/\/airgunslp.com.ar\/home\/"},{"@type":"ListItem","position":2,"name":"Productos","item":"https:\/\/airgunslp.com.ar\/home\/productos\/"},{"@type":"ListItem","position":3,"name":"Air Arms S400 (4,5mm, 16J, culata de haya)"}]},{"@type":"WebSite","@id":"https:\/\/airgunslp.com.ar\/home\/#website","url":"https:\/\/airgunslp.com.ar\/home\/","name":"AirGunsLP","description":"Venta de armas de aire comprimido","potentialAction":[{"@type":"SearchAction","target":{"@type":"EntryPoint","urlTemplate":"https:\/\/airgunslp.com.ar\/home\/?s={search_term_string}"},"query-input":"required name=search_term_string"}],"inLanguage":"es"}]}},"_links":{"self":[{"href":"https:\/\/airgunslp.com.ar\/home\/wp-json\/wp\/v2\/product\/245"}],"collection":[{"href":"https:\/\/airgunslp.com.ar\/home\/wp-json\/wp\/v2\/product"}],"about":[{"href":"https:\/\/airgunslp.com.ar\/home\/wp-json\/wp\/v2\/types\/product"}],"wp:featuredmedia":[{"embeddable":true,"href":"https:\/\/airgunslp.com.ar\/home\/wp-json\/wp\/v2\/media\/285"}],"wp:attachment":[{"href":"https:\/\/airgunslp.com.ar\/home\/wp-json\/wp\/v2\/media?parent=245"}],"curies":[{"name":"wp","href":"https:\/\/api.w.org\/{rel}","templated":true}]}}