{"id":244,"date":"2019-07-02T02:20:06","date_gmt":"2019-07-02T02:20:06","guid":{"rendered":"https:\/\/airgunslp.com.ar\/home\/?post_type=product&#038;p=244"},"modified":"2023-02-13T13:10:57","modified_gmt":"2023-02-13T13:10:57","slug":"air-arms-hft-500","status":"publish","type":"product","link":"https:\/\/airgunslp.com.ar\/home\/producto\/air-arms-hft-500\/","title":{"rendered":"Air Arms HFT 500"},"content":{"rendered":"<h1>HFT 500:<\/h1>\n<p>&nbsp;<\/p>\n<p>Para ganar una competencia de Hunting Field Target (HFT), necesitas un rifle que sea capaz de tener una precisi\u00f3n consistente hasta 50 metros, en todo tipo de clima, desde temperaturas bajo cero hasta el intenso calor en pleno verano. Agregue lluvia, viento, y las demandas de estas condiciones cambiantes har\u00e1n que encuentre r\u00e1pidamente que un rifle de HFT es un equipo altamente especializado.<\/p>\n<p>El Air Arms HFT 500 es un rifle especializado y merecedor de ganar trofeo tras trofeo en competiciones de HFT. Podemos decir esto con confianza porque proporciona al tirador todo lo necesario para ganar. Todo lo que necesita hacer es proporcionar el talento, y el HFT 500 har\u00e1 el resto. El sistema en que el HFT-500 se basa tiene un historial probado y el potencial para ganar los mejores premios en el deporte. El rifle HFT-500 Field Target lo tiene todo. Si desea estar por delante en la modalidad de HFT, elija un Air Arms HFT 500.<\/p>\n<p>El tiro al blanco en la modalidad de Hunting Field Target requiere versatilidad del competidor y del rifle, y la culata de madera laminada totalmente ajustable del rifle HFT-500 proporciona estabilidad, equilibrio, ajuste y control \u00f3ptimos en todas las posiciones posibles.<\/p>\n<p>Con un gatillo de precisi\u00f3n, de posici\u00f3n variable, logra ajustar detalladamente la ergonom\u00eda del HFT 500 al usuario, y la cantonera de goma multi ajustable est\u00e1 ah\u00ed para proporcionar un contacto \u00f3ptimo entre tirador y rifle.<\/p>\n<p>La incorporaci\u00f3n del comprobado sistema de v\u00e1lvulas del Air Arms S510, significa desde ya, que el HFT 500 tiene un historial probado y la posibilidad de ganar los mejores premios del deporte. El rifle HFT 500 tiene todo. Si desea estar por delante de sus oponentes, elija un Air Arms HFT 500.<\/p>\n<p>&nbsp;<\/p>\n<h4>Caracter\u00edsticas:<\/h4>\n<ul>\n<li>PCP de acci\u00f3n simple, tiro a tiro, de mecanismo side lever.<\/li>\n<li>Culata laminada.<\/li>\n<li>Cantonera y cachetera ajustables.<\/li>\n<li>Gatillo grado Match multi ajustable.<\/li>\n<li>Riel para accesorios.<\/li>\n<li>Dep\u00f3sito de aire extendido, para un mayor n\u00famero de disparos.<\/li>\n<li>Ca\u00f1\u00f3n Lothar Walther de grado Match completamente flotante con air stripper incorporado.<\/li>\n<li>Man\u00f3metro incorporado.<\/li>\n<li>Filtro de 20 micrones.<\/li>\n<li>Culata laminada ambidiestra de madera de haya, con un hermoso esquema de colores.<\/li>\n<\/ul>\n<p>&nbsp;<\/p>\n<h4>Detalles T\u00e9cnicos:<\/h4>\n<table width=\"592\">\n<tbody>\n<tr>\n<td width=\"87\"><strong>Formato:<\/strong><\/td>\n<td width=\"60\"><strong>Peso:<\/strong><\/td>\n<td width=\"79\"><strong>Largo:<\/strong><\/td>\n<td width=\"84\"><strong>Largo ca\u00f1\u00f3n:<\/strong><\/td>\n<td width=\"81\"><strong>Energ\u00eda:<\/strong><\/td>\n<td width=\"124\"><strong>Autonom\u00eda (aproximada):<\/strong><\/td>\n<td width=\"76\"><strong>Presi\u00f3n de carga:<\/strong><\/td>\n<\/tr>\n<tr>\n<td width=\"87\">Rifle<\/td>\n<td width=\"60\">3,7kg<\/td>\n<td width=\"79\">1020mm<\/td>\n<td width=\"84\">485,5mm<\/td>\n<td width=\"81\">16J<\/td>\n<td width=\"124\">90 disparos<\/td>\n<td width=\"76\">190bar<\/td>\n<\/tr>\n<\/tbody>\n<\/table>\n<h1 style=\"text-align: center;\"><\/h1>\n","protected":false},"excerpt":{"rendered":"<p>HFT 500: &nbsp; Para ganar una competencia de Hunting Field Target (HFT), necesitas un rifle que sea capaz de tener una precisi\u00f3n consistente hasta 50 metros, en todo tipo de clima, desde temperaturas bajo cero hasta el intenso calor en pleno verano. Agregue lluvia, viento, y las demandas de estas condiciones cambiantes har\u00e1n que encuentre [&#8230;]\n","protected":false},"featured_media":288,"template":"","meta":{"_joinchat":[]},"yoast_head":"<!-- This site is optimized with the Yoast SEO plugin v23.3 - https:\/\/yoast.com\/wordpress\/plugins\/seo\/ -->\n<title>Air Arms HFT 500 - AirGunsLP<\/title>\n<meta name=\"description\" content=\"Importador de armas de aire comprimido. Venta mayorista y minorista de todas las marcas nacionales. Stock permanente de todos los modelos.\" \/>\n<meta name=\"robots\" content=\"index, follow, max-snippet:-1, max-image-preview:large, max-video-preview:-1\" \/>\n<link rel=\"canonical\" href=\"https:\/\/airgunslp.com.ar\/home\/producto\/air-arms-hft-500\/\" \/>\n<meta property=\"og:locale\" content=\"es_ES\" \/>\n<meta property=\"og:type\" content=\"article\" \/>\n<meta property=\"og:title\" content=\"Air Arms HFT 500 - AirGunsLP\" \/>\n<meta property=\"og:description\" content=\"Importador de armas de aire comprimido. Venta mayorista y minorista de todas las marcas nacionales. Stock permanente de todos los modelos.\" \/>\n<meta property=\"og:url\" content=\"https:\/\/airgunslp.com.ar\/home\/producto\/air-arms-hft-500\/\" \/>\n<meta property=\"og:site_name\" content=\"AirGunsLP\" \/>\n<meta property=\"article:publisher\" content=\"https:\/\/www.facebook.com\/airgunslp\/\" \/>\n<meta property=\"article:modified_time\" content=\"2023-02-13T13:10:57+00:00\" \/>\n<meta property=\"og:image\" content=\"https:\/\/airgunslp.com.ar\/home\/wp-content\/uploads\/AAHFT500.jpg\" \/>\n\t<meta property=\"og:image:width\" content=\"500\" \/>\n\t<meta property=\"og:image:height\" content=\"500\" \/>\n\t<meta property=\"og:image:type\" content=\"image\/jpeg\" \/>\n<meta name=\"twitter:card\" content=\"summary_large_image\" \/>\n<meta name=\"twitter:site\" content=\"@airgunslp\" \/>\n<meta name=\"twitter:label1\" content=\"Tiempo de lectura\" \/>\n\t<meta name=\"twitter:data1\" content=\"2 minutos\" \/>\n<script type=\"application\/ld+json\" class=\"yoast-schema-graph\">{\"@context\":\"https:\/\/schema.org\",\"@graph\":[{\"@type\":\"WebPage\",\"@id\":\"https:\/\/airgunslp.com.ar\/home\/producto\/air-arms-hft-500\/\",\"url\":\"https:\/\/airgunslp.com.ar\/home\/producto\/air-arms-hft-500\/\",\"name\":\"Air Arms HFT 500 - AirGunsLP\",\"isPartOf\":{\"@id\":\"https:\/\/airgunslp.com.ar\/home\/#website\"},\"primaryImageOfPage\":{\"@id\":\"https:\/\/airgunslp.com.ar\/home\/producto\/air-arms-hft-500\/#primaryimage\"},\"image\":{\"@id\":\"https:\/\/airgunslp.com.ar\/home\/producto\/air-arms-hft-500\/#primaryimage\"},\"thumbnailUrl\":\"https:\/\/airgunslp.com.ar\/home\/wp-content\/uploads\/AAHFT500.jpg\",\"datePublished\":\"2019-07-02T02:20:06+00:00\",\"dateModified\":\"2023-02-13T13:10:57+00:00\",\"description\":\"Importador de armas de aire comprimido. Venta mayorista y minorista de todas las marcas nacionales. Stock permanente de todos los modelos.\",\"breadcrumb\":{\"@id\":\"https:\/\/airgunslp.com.ar\/home\/producto\/air-arms-hft-500\/#breadcrumb\"},\"inLanguage\":\"es\",\"potentialAction\":[{\"@type\":\"ReadAction\",\"target\":[\"https:\/\/airgunslp.com.ar\/home\/producto\/air-arms-hft-500\/\"]}]},{\"@type\":\"ImageObject\",\"inLanguage\":\"es\",\"@id\":\"https:\/\/airgunslp.com.ar\/home\/producto\/air-arms-hft-500\/#primaryimage\",\"url\":\"https:\/\/airgunslp.com.ar\/home\/wp-content\/uploads\/AAHFT500.jpg\",\"contentUrl\":\"https:\/\/airgunslp.com.ar\/home\/wp-content\/uploads\/AAHFT500.jpg\",\"width\":500,\"height\":500},{\"@type\":\"BreadcrumbList\",\"@id\":\"https:\/\/airgunslp.com.ar\/home\/producto\/air-arms-hft-500\/#breadcrumb\",\"itemListElement\":[{\"@type\":\"ListItem\",\"position\":1,\"name\":\"Portada\",\"item\":\"https:\/\/airgunslp.com.ar\/home\/\"},{\"@type\":\"ListItem\",\"position\":2,\"name\":\"Productos\",\"item\":\"https:\/\/airgunslp.com.ar\/home\/productos\/\"},{\"@type\":\"ListItem\",\"position\":3,\"name\":\"Air Arms HFT 500\"}]},{\"@type\":\"WebSite\",\"@id\":\"https:\/\/airgunslp.com.ar\/home\/#website\",\"url\":\"https:\/\/airgunslp.com.ar\/home\/\",\"name\":\"AirGunsLP\",\"description\":\"Venta de armas de aire comprimido\",\"potentialAction\":[{\"@type\":\"SearchAction\",\"target\":{\"@type\":\"EntryPoint\",\"urlTemplate\":\"https:\/\/airgunslp.com.ar\/home\/?s={search_term_string}\"},\"query-input\":\"required name=search_term_string\"}],\"inLanguage\":\"es\"}]}<\/script>\n<!-- \/ Yoast SEO plugin. -->","yoast_head_json":{"title":"Air Arms HFT 500 - AirGunsLP","description":"Importador de armas de aire comprimido. Venta mayorista y minorista de todas las marcas nacionales. Stock permanente de todos los modelos.","robots":{"index":"index","follow":"follow","max-snippet":"max-snippet:-1","max-image-preview":"max-image-preview:large","max-video-preview":"max-video-preview:-1"},"canonical":"https:\/\/airgunslp.com.ar\/home\/producto\/air-arms-hft-500\/","og_locale":"es_ES","og_type":"article","og_title":"Air Arms HFT 500 - AirGunsLP","og_description":"Importador de armas de aire comprimido. Venta mayorista y minorista de todas las marcas nacionales. Stock permanente de todos los modelos.","og_url":"https:\/\/airgunslp.com.ar\/home\/producto\/air-arms-hft-500\/","og_site_name":"AirGunsLP","article_publisher":"https:\/\/www.facebook.com\/airgunslp\/","article_modified_time":"2023-02-13T13:10:57+00:00","og_image":[{"width":500,"height":500,"url":"https:\/\/airgunslp.com.ar\/home\/wp-content\/uploads\/AAHFT500.jpg","type":"image\/jpeg"}],"twitter_card":"summary_large_image","twitter_site":"@airgunslp","twitter_misc":{"Tiempo de lectura":"2 minutos"},"schema":{"@context":"https:\/\/schema.org","@graph":[{"@type":"WebPage","@id":"https:\/\/airgunslp.com.ar\/home\/producto\/air-arms-hft-500\/","url":"https:\/\/airgunslp.com.ar\/home\/producto\/air-arms-hft-500\/","name":"Air Arms HFT 500 - AirGunsLP","isPartOf":{"@id":"https:\/\/airgunslp.com.ar\/home\/#website"},"primaryImageOfPage":{"@id":"https:\/\/airgunslp.com.ar\/home\/producto\/air-arms-hft-500\/#primaryimage"},"image":{"@id":"https:\/\/airgunslp.com.ar\/home\/producto\/air-arms-hft-500\/#primaryimage"},"thumbnailUrl":"https:\/\/airgunslp.com.ar\/home\/wp-content\/uploads\/AAHFT500.jpg","datePublished":"2019-07-02T02:20:06+00:00","dateModified":"2023-02-13T13:10:57+00:00","description":"Importador de armas de aire comprimido. Venta mayorista y minorista de todas las marcas nacionales. Stock permanente de todos los modelos.","breadcrumb":{"@id":"https:\/\/airgunslp.com.ar\/home\/producto\/air-arms-hft-500\/#breadcrumb"},"inLanguage":"es","potentialAction":[{"@type":"ReadAction","target":["https:\/\/airgunslp.com.ar\/home\/producto\/air-arms-hft-500\/"]}]},{"@type":"ImageObject","inLanguage":"es","@id":"https:\/\/airgunslp.com.ar\/home\/producto\/air-arms-hft-500\/#primaryimage","url":"https:\/\/airgunslp.com.ar\/home\/wp-content\/uploads\/AAHFT500.jpg","contentUrl":"https:\/\/airgunslp.com.ar\/home\/wp-content\/uploads\/AAHFT500.jpg","width":500,"height":500},{"@type":"BreadcrumbList","@id":"https:\/\/airgunslp.com.ar\/home\/producto\/air-arms-hft-500\/#breadcrumb","itemListElement":[{"@type":"ListItem","position":1,"name":"Portada","item":"https:\/\/airgunslp.com.ar\/home\/"},{"@type":"ListItem","position":2,"name":"Productos","item":"https:\/\/airgunslp.com.ar\/home\/productos\/"},{"@type":"ListItem","position":3,"name":"Air Arms HFT 500"}]},{"@type":"WebSite","@id":"https:\/\/airgunslp.com.ar\/home\/#website","url":"https:\/\/airgunslp.com.ar\/home\/","name":"AirGunsLP","description":"Venta de armas de aire comprimido","potentialAction":[{"@type":"SearchAction","target":{"@type":"EntryPoint","urlTemplate":"https:\/\/airgunslp.com.ar\/home\/?s={search_term_string}"},"query-input":"required name=search_term_string"}],"inLanguage":"es"}]}},"_links":{"self":[{"href":"https:\/\/airgunslp.com.ar\/home\/wp-json\/wp\/v2\/product\/244"}],"collection":[{"href":"https:\/\/airgunslp.com.ar\/home\/wp-json\/wp\/v2\/product"}],"about":[{"href":"https:\/\/airgunslp.com.ar\/home\/wp-json\/wp\/v2\/types\/product"}],"wp:featuredmedia":[{"embeddable":true,"href":"https:\/\/airgunslp.com.ar\/home\/wp-json\/wp\/v2\/media\/288"}],"wp:attachment":[{"href":"https:\/\/airgunslp.com.ar\/home\/wp-json\/wp\/v2\/media?parent=244"}],"curies":[{"name":"wp","href":"https:\/\/api.w.org\/{rel}","templated":true}]}}