{"id":243,"date":"2019-07-02T02:25:34","date_gmt":"2019-07-02T02:25:34","guid":{"rendered":"https:\/\/airgunslp.com.ar\/home\/?post_type=product&#038;p=243"},"modified":"2023-02-13T13:10:57","modified_gmt":"2023-02-13T13:10:57","slug":"air-arms-s200-sporter-45mm-16j","status":"publish","type":"product","link":"https:\/\/airgunslp.com.ar\/home\/producto\/air-arms-s200-sporter-45mm-16j\/","title":{"rendered":"Air Arms S200 Sporter (4,5mm, 16J)"},"content":{"rendered":"<h1>S200 Sporter: alto rendimiento y menor costo en un formato liviano.<\/h1>\n<p>La precisi\u00f3n y el alto rendimiento son las piedras angulares de todos los rifles Air Arms, y el rifle S200 Sporter tiene todo lo que se necesita para producir resultados excepcionales a un menor costo. Perfecto para las categor\u00edas junior, dama o personas de menor estatura al promedio, el S200 Sporter tiene una merecida reputaci\u00f3n, por presentarle los beneficios de rendimiento de un rifle de competici\u00f3n de alto nivel\u00a0a los airgunners.<\/p>\n<p>&nbsp;<\/p>\n<p>El propietario de un S200 Sporter tiene asegurada la calidad a un costo menor. El dise\u00f1o semi-Match de culata coloca la cola del gatillo en perfecta alineaci\u00f3n para hacer el mejor uso del excelente gatillo ajustable del S200, y el ca\u00f1\u00f3n de grado Match asegura que su punter\u00eda sea siempre altamente recompensada.<\/p>\n<p>&nbsp;<\/p>\n<p>El S200 Sporter tambi\u00e9n cuenta con la posibilidad de agregarlede un cargador multi tiro y de un moderador (opcionales, no incluidos).<\/p>\n<p>&nbsp;<\/p>\n<p>&nbsp;<\/p>\n<h4>Caracter\u00edsticas:<\/h4>\n<ul>\n<li>Culata ambidiestra, cerrojo para tirador diestro.<\/li>\n<li>PCP de acci\u00f3n simple, tiro a tiro, accionado por cerrojo.<\/li>\n<li>Operaci\u00f3n sencilla del cerrojo.<\/li>\n<li>Dep\u00f3sito de aire removible.<\/li>\n<li>Posici\u00f3n de gatillo regulable<\/li>\n<li>Filtro de 20 micrones.<\/li>\n<\/ul>\n<p>&nbsp;<\/p>\n<p>&nbsp;<\/p>\n<h4>Especificaciones t\u00e9cnicas:<\/h4>\n<table width=\"578\">\n<tbody>\n<tr>\n<td width=\"72\"><strong>Formato<\/strong><\/td>\n<td width=\"60\"><strong>Peso<\/strong><\/td>\n<td width=\"68\"><strong>Largo<\/strong><\/td>\n<td width=\"68\"><strong>Largo del ca\u00f1\u00f3n<\/strong><\/td>\n<td width=\"67\"><strong>Energ\u00eda<\/strong><\/td>\n<td width=\"103\"><strong>Autonom\u00eda por carga (aproximada)<\/strong><\/td>\n<td width=\"68\"><strong>Presi\u00f3n m\u00e1xima de carga<\/strong><\/td>\n<td width=\"71\"><strong>Material de la culata<\/strong><\/td>\n<\/tr>\n<tr>\n<td width=\"72\">Rifle<\/td>\n<td width=\"60\">2,6kg<\/td>\n<td width=\"68\">920mm<\/td>\n<td width=\"68\">485mm<\/td>\n<td width=\"67\">16J<\/td>\n<td width=\"103\">45<\/td>\n<td width=\"68\">200bar<\/td>\n<td width=\"71\">Madera de haya<\/td>\n<\/tr>\n<\/tbody>\n<\/table>\n","protected":false},"excerpt":{"rendered":"<p>S200 Sporter: alto rendimiento y menor costo en un formato liviano. La precisi\u00f3n y el alto rendimiento son las piedras angulares de todos los rifles Air Arms, y el rifle S200 Sporter tiene todo lo que se necesita para producir resultados excepcionales a un menor costo. Perfecto para las categor\u00edas junior, dama o personas de [&#8230;]\n","protected":false},"featured_media":286,"template":"","meta":{"_joinchat":[]},"yoast_head":"<!-- This site is optimized with the Yoast SEO plugin v23.3 - https:\/\/yoast.com\/wordpress\/plugins\/seo\/ -->\n<title>Air Arms S200 Sporter (4,5mm, 16J) - AirGunsLP<\/title>\n<meta name=\"description\" content=\"Importador de armas de aire comprimido. Venta mayorista y minorista de todas las marcas nacionales. Stock permanente de todos los modelos.\" \/>\n<meta name=\"robots\" content=\"index, follow, max-snippet:-1, max-image-preview:large, max-video-preview:-1\" \/>\n<link rel=\"canonical\" href=\"https:\/\/airgunslp.com.ar\/home\/producto\/air-arms-s200-sporter-45mm-16j\/\" \/>\n<meta property=\"og:locale\" content=\"es_ES\" \/>\n<meta property=\"og:type\" content=\"article\" \/>\n<meta property=\"og:title\" content=\"Air Arms S200 Sporter (4,5mm, 16J) - AirGunsLP\" \/>\n<meta property=\"og:description\" content=\"Importador de armas de aire comprimido. Venta mayorista y minorista de todas las marcas nacionales. Stock permanente de todos los modelos.\" \/>\n<meta property=\"og:url\" content=\"https:\/\/airgunslp.com.ar\/home\/producto\/air-arms-s200-sporter-45mm-16j\/\" \/>\n<meta property=\"og:site_name\" content=\"AirGunsLP\" \/>\n<meta property=\"article:publisher\" content=\"https:\/\/www.facebook.com\/airgunslp\/\" \/>\n<meta property=\"article:modified_time\" content=\"2023-02-13T13:10:57+00:00\" \/>\n<meta property=\"og:image\" content=\"https:\/\/airgunslp.com.ar\/home\/wp-content\/uploads\/AAS200.jpg\" \/>\n\t<meta property=\"og:image:width\" content=\"500\" \/>\n\t<meta property=\"og:image:height\" content=\"500\" \/>\n\t<meta property=\"og:image:type\" content=\"image\/jpeg\" \/>\n<meta name=\"twitter:card\" content=\"summary_large_image\" \/>\n<meta name=\"twitter:site\" content=\"@airgunslp\" \/>\n<meta name=\"twitter:label1\" content=\"Tiempo de lectura\" \/>\n\t<meta name=\"twitter:data1\" content=\"1 minuto\" \/>\n<script type=\"application\/ld+json\" class=\"yoast-schema-graph\">{\"@context\":\"https:\/\/schema.org\",\"@graph\":[{\"@type\":\"WebPage\",\"@id\":\"https:\/\/airgunslp.com.ar\/home\/producto\/air-arms-s200-sporter-45mm-16j\/\",\"url\":\"https:\/\/airgunslp.com.ar\/home\/producto\/air-arms-s200-sporter-45mm-16j\/\",\"name\":\"Air Arms S200 Sporter (4,5mm, 16J) - AirGunsLP\",\"isPartOf\":{\"@id\":\"https:\/\/airgunslp.com.ar\/home\/#website\"},\"primaryImageOfPage\":{\"@id\":\"https:\/\/airgunslp.com.ar\/home\/producto\/air-arms-s200-sporter-45mm-16j\/#primaryimage\"},\"image\":{\"@id\":\"https:\/\/airgunslp.com.ar\/home\/producto\/air-arms-s200-sporter-45mm-16j\/#primaryimage\"},\"thumbnailUrl\":\"https:\/\/airgunslp.com.ar\/home\/wp-content\/uploads\/AAS200.jpg\",\"datePublished\":\"2019-07-02T02:25:34+00:00\",\"dateModified\":\"2023-02-13T13:10:57+00:00\",\"description\":\"Importador de armas de aire comprimido. Venta mayorista y minorista de todas las marcas nacionales. Stock permanente de todos los modelos.\",\"breadcrumb\":{\"@id\":\"https:\/\/airgunslp.com.ar\/home\/producto\/air-arms-s200-sporter-45mm-16j\/#breadcrumb\"},\"inLanguage\":\"es\",\"potentialAction\":[{\"@type\":\"ReadAction\",\"target\":[\"https:\/\/airgunslp.com.ar\/home\/producto\/air-arms-s200-sporter-45mm-16j\/\"]}]},{\"@type\":\"ImageObject\",\"inLanguage\":\"es\",\"@id\":\"https:\/\/airgunslp.com.ar\/home\/producto\/air-arms-s200-sporter-45mm-16j\/#primaryimage\",\"url\":\"https:\/\/airgunslp.com.ar\/home\/wp-content\/uploads\/AAS200.jpg\",\"contentUrl\":\"https:\/\/airgunslp.com.ar\/home\/wp-content\/uploads\/AAS200.jpg\",\"width\":500,\"height\":500},{\"@type\":\"BreadcrumbList\",\"@id\":\"https:\/\/airgunslp.com.ar\/home\/producto\/air-arms-s200-sporter-45mm-16j\/#breadcrumb\",\"itemListElement\":[{\"@type\":\"ListItem\",\"position\":1,\"name\":\"Portada\",\"item\":\"https:\/\/airgunslp.com.ar\/home\/\"},{\"@type\":\"ListItem\",\"position\":2,\"name\":\"Productos\",\"item\":\"https:\/\/airgunslp.com.ar\/home\/productos\/\"},{\"@type\":\"ListItem\",\"position\":3,\"name\":\"Air Arms S200 Sporter (4,5mm, 16J)\"}]},{\"@type\":\"WebSite\",\"@id\":\"https:\/\/airgunslp.com.ar\/home\/#website\",\"url\":\"https:\/\/airgunslp.com.ar\/home\/\",\"name\":\"AirGunsLP\",\"description\":\"Venta de armas de aire comprimido\",\"potentialAction\":[{\"@type\":\"SearchAction\",\"target\":{\"@type\":\"EntryPoint\",\"urlTemplate\":\"https:\/\/airgunslp.com.ar\/home\/?s={search_term_string}\"},\"query-input\":\"required name=search_term_string\"}],\"inLanguage\":\"es\"}]}<\/script>\n<!-- \/ Yoast SEO plugin. -->","yoast_head_json":{"title":"Air Arms S200 Sporter (4,5mm, 16J) - AirGunsLP","description":"Importador de armas de aire comprimido. Venta mayorista y minorista de todas las marcas nacionales. Stock permanente de todos los modelos.","robots":{"index":"index","follow":"follow","max-snippet":"max-snippet:-1","max-image-preview":"max-image-preview:large","max-video-preview":"max-video-preview:-1"},"canonical":"https:\/\/airgunslp.com.ar\/home\/producto\/air-arms-s200-sporter-45mm-16j\/","og_locale":"es_ES","og_type":"article","og_title":"Air Arms S200 Sporter (4,5mm, 16J) - AirGunsLP","og_description":"Importador de armas de aire comprimido. Venta mayorista y minorista de todas las marcas nacionales. Stock permanente de todos los modelos.","og_url":"https:\/\/airgunslp.com.ar\/home\/producto\/air-arms-s200-sporter-45mm-16j\/","og_site_name":"AirGunsLP","article_publisher":"https:\/\/www.facebook.com\/airgunslp\/","article_modified_time":"2023-02-13T13:10:57+00:00","og_image":[{"width":500,"height":500,"url":"https:\/\/airgunslp.com.ar\/home\/wp-content\/uploads\/AAS200.jpg","type":"image\/jpeg"}],"twitter_card":"summary_large_image","twitter_site":"@airgunslp","twitter_misc":{"Tiempo de lectura":"1 minuto"},"schema":{"@context":"https:\/\/schema.org","@graph":[{"@type":"WebPage","@id":"https:\/\/airgunslp.com.ar\/home\/producto\/air-arms-s200-sporter-45mm-16j\/","url":"https:\/\/airgunslp.com.ar\/home\/producto\/air-arms-s200-sporter-45mm-16j\/","name":"Air Arms S200 Sporter (4,5mm, 16J) - AirGunsLP","isPartOf":{"@id":"https:\/\/airgunslp.com.ar\/home\/#website"},"primaryImageOfPage":{"@id":"https:\/\/airgunslp.com.ar\/home\/producto\/air-arms-s200-sporter-45mm-16j\/#primaryimage"},"image":{"@id":"https:\/\/airgunslp.com.ar\/home\/producto\/air-arms-s200-sporter-45mm-16j\/#primaryimage"},"thumbnailUrl":"https:\/\/airgunslp.com.ar\/home\/wp-content\/uploads\/AAS200.jpg","datePublished":"2019-07-02T02:25:34+00:00","dateModified":"2023-02-13T13:10:57+00:00","description":"Importador de armas de aire comprimido. Venta mayorista y minorista de todas las marcas nacionales. Stock permanente de todos los modelos.","breadcrumb":{"@id":"https:\/\/airgunslp.com.ar\/home\/producto\/air-arms-s200-sporter-45mm-16j\/#breadcrumb"},"inLanguage":"es","potentialAction":[{"@type":"ReadAction","target":["https:\/\/airgunslp.com.ar\/home\/producto\/air-arms-s200-sporter-45mm-16j\/"]}]},{"@type":"ImageObject","inLanguage":"es","@id":"https:\/\/airgunslp.com.ar\/home\/producto\/air-arms-s200-sporter-45mm-16j\/#primaryimage","url":"https:\/\/airgunslp.com.ar\/home\/wp-content\/uploads\/AAS200.jpg","contentUrl":"https:\/\/airgunslp.com.ar\/home\/wp-content\/uploads\/AAS200.jpg","width":500,"height":500},{"@type":"BreadcrumbList","@id":"https:\/\/airgunslp.com.ar\/home\/producto\/air-arms-s200-sporter-45mm-16j\/#breadcrumb","itemListElement":[{"@type":"ListItem","position":1,"name":"Portada","item":"https:\/\/airgunslp.com.ar\/home\/"},{"@type":"ListItem","position":2,"name":"Productos","item":"https:\/\/airgunslp.com.ar\/home\/productos\/"},{"@type":"ListItem","position":3,"name":"Air Arms S200 Sporter (4,5mm, 16J)"}]},{"@type":"WebSite","@id":"https:\/\/airgunslp.com.ar\/home\/#website","url":"https:\/\/airgunslp.com.ar\/home\/","name":"AirGunsLP","description":"Venta de armas de aire comprimido","potentialAction":[{"@type":"SearchAction","target":{"@type":"EntryPoint","urlTemplate":"https:\/\/airgunslp.com.ar\/home\/?s={search_term_string}"},"query-input":"required name=search_term_string"}],"inLanguage":"es"}]}},"_links":{"self":[{"href":"https:\/\/airgunslp.com.ar\/home\/wp-json\/wp\/v2\/product\/243"}],"collection":[{"href":"https:\/\/airgunslp.com.ar\/home\/wp-json\/wp\/v2\/product"}],"about":[{"href":"https:\/\/airgunslp.com.ar\/home\/wp-json\/wp\/v2\/types\/product"}],"wp:featuredmedia":[{"embeddable":true,"href":"https:\/\/airgunslp.com.ar\/home\/wp-json\/wp\/v2\/media\/286"}],"wp:attachment":[{"href":"https:\/\/airgunslp.com.ar\/home\/wp-json\/wp\/v2\/media?parent=243"}],"curies":[{"name":"wp","href":"https:\/\/api.w.org\/{rel}","templated":true}]}}