{"id":242,"date":"2019-07-02T02:23:12","date_gmt":"2019-07-02T02:23:12","guid":{"rendered":"https:\/\/airgunslp.com.ar\/home\/?post_type=product&#038;p=242"},"modified":"2023-02-13T13:10:57","modified_gmt":"2023-02-13T13:10:57","slug":"air-arms-pro-sport-45mm-fac-culata-de-haya","status":"publish","type":"product","link":"https:\/\/airgunslp.com.ar\/home\/producto\/air-arms-pro-sport-45mm-fac-culata-de-haya\/","title":{"rendered":"Air Arms Pro Sport (4,5mm, FAC, culata de haya)"},"content":{"rendered":"<h1>Pro Sport: el dise\u00f1o estilizado supremo se encuentra con la funci\u00f3n en un rifle de clase mundial.<\/h1>\n<p>Es una opini\u00f3n ampliamente aceptada, que ning\u00fan arma de aire comprimido en el mundo combina el grado de funci\u00f3n mec\u00e1nica y el dise\u00f1o elegante del Pro Sport. Cuando mira el rifle, es dif\u00edcil estar en desacuerdo con esta opini\u00f3n y cuando disparas el Pro Sport, dicha opini\u00f3n se refuerza a\u00fan m\u00e1s.<\/p>\n<p>Una parte importante de esa reputaci\u00f3n vino gracias a uno de los t\u00e9cnicos de rifles de aire m\u00e1s respetados en el negocio, el se\u00f1or Ken Turner. El genio de Ken Turner llev\u00f3 el elemento \u2018tuneado de f\u00e1brica\u2019 a la gama TX y al Pro Sport. Tambi\u00e9n dise\u00f1o la exclusiva palanca underlever a ras de la culata del rifle, que no requiere agarre para mantenerlo en su lugar y permanece fuera de la vista hasta que se requiera.<\/p>\n<p>Este rifle trae el magn\u00edfico gatillo CD, dise\u00f1ado por los armeros de Air Arms, y una culata de lujo, adem\u00e1s del gran desarrollo continuo que la compa\u00f1\u00eda invierte en cada uno de sus modelos. El Pro Sport representa la cima de la tecnolog\u00eda de resortes de Air Arms, y, seg\u00fan muchos, el mejor de su tipo.<\/p>\n<p>&nbsp;<\/p>\n<p>&nbsp;<\/p>\n<h4>Caracter\u00edsticas:<\/h4>\n<p><strong>\u00a0<\/strong><\/p>\n<ul>\n<li>Riel de 11mm (cola de milano) para el montaje de elementos \u00f3pticos. **<\/li>\n<li>Palanca underlever de aluminio empotrado en la culata.<\/li>\n<li>Gatillo de dos etapas chapado en oro.<\/li>\n<li>C\u00e1mara de compresi\u00f3n y pist\u00f3n embotonados, con cojinetes sint\u00e9ticos para una acci\u00f3n suave.<\/li>\n<li>Culata de haya, con segrinado l\u00e1ser profundo, para un agarre excelente.<\/li>\n<li>Seguro autom\u00e1tico en la unidad de disparo.<\/li>\n<li>Seguro autom\u00e1tico en el mecanismo de amartillar.<\/li>\n<\/ul>\n<p>&nbsp;<\/p>\n<p>&nbsp;<\/p>\n<h4>Detalles t\u00e9cnicos:<\/h4>\n<p>&nbsp;<\/p>\n<table width=\"548\">\n<tbody>\n<tr>\n<td width=\"78\"><strong>Formato:<\/strong><\/td>\n<td width=\"78\"><strong>Peso:<\/strong><\/td>\n<td width=\"78\"><strong>Largo total:<\/strong><\/td>\n<td width=\"78\"><strong>Largo del ca\u00f1\u00f3n:<\/strong><\/td>\n<td width=\"78\"><strong>Calibre:<\/strong><\/td>\n<td width=\"78\"><strong>Energ\u00eda:<\/strong><\/td>\n<td width=\"81\"><strong>Velocidad:<\/strong><\/td>\n<\/tr>\n<tr>\n<td width=\"78\">Rifle<\/td>\n<td width=\"78\">4,3kg (9.5lbs)<\/td>\n<td width=\"78\">1050mm (41.25\u201d)<\/td>\n<td width=\"78\">377mm (15\u201d)<\/td>\n<td width=\"78\">4,5mm (.177)<\/td>\n<td width=\"78\">19,4J (14.3ftlb)<\/td>\n<td width=\"81\">260m\/s (850ft\/sec)<\/td>\n<\/tr>\n<\/tbody>\n<\/table>\n","protected":false},"excerpt":{"rendered":"<p>Pro Sport: el dise\u00f1o estilizado supremo se encuentra con la funci\u00f3n en un rifle de clase mundial. Es una opini\u00f3n ampliamente aceptada, que ning\u00fan arma de aire comprimido en el mundo combina el grado de funci\u00f3n mec\u00e1nica y el dise\u00f1o elegante del Pro Sport. Cuando mira el rifle, es dif\u00edcil estar en desacuerdo con esta [&#8230;]\n","protected":false},"featured_media":287,"template":"","meta":{"_joinchat":[]},"yoast_head":"<!-- This site is optimized with the Yoast SEO plugin v23.3 - https:\/\/yoast.com\/wordpress\/plugins\/seo\/ -->\n<title>Air Arms Pro Sport (4,5mm, FAC, culata de haya) - AirGunsLP<\/title>\n<meta name=\"description\" content=\"Importador de armas de aire comprimido. Venta mayorista y minorista de todas las marcas nacionales. Stock permanente de todos los modelos.\" \/>\n<meta name=\"robots\" content=\"index, follow, max-snippet:-1, max-image-preview:large, max-video-preview:-1\" \/>\n<link rel=\"canonical\" href=\"https:\/\/airgunslp.com.ar\/home\/producto\/air-arms-pro-sport-45mm-fac-culata-de-haya\/\" \/>\n<meta property=\"og:locale\" content=\"es_ES\" \/>\n<meta property=\"og:type\" content=\"article\" \/>\n<meta property=\"og:title\" content=\"Air Arms Pro Sport (4,5mm, FAC, culata de haya) - AirGunsLP\" \/>\n<meta property=\"og:description\" content=\"Importador de armas de aire comprimido. Venta mayorista y minorista de todas las marcas nacionales. Stock permanente de todos los modelos.\" \/>\n<meta property=\"og:url\" content=\"https:\/\/airgunslp.com.ar\/home\/producto\/air-arms-pro-sport-45mm-fac-culata-de-haya\/\" \/>\n<meta property=\"og:site_name\" content=\"AirGunsLP\" \/>\n<meta property=\"article:publisher\" content=\"https:\/\/www.facebook.com\/airgunslp\/\" \/>\n<meta property=\"article:modified_time\" content=\"2023-02-13T13:10:57+00:00\" \/>\n<meta property=\"og:image\" content=\"https:\/\/airgunslp.com.ar\/home\/wp-content\/uploads\/AAPROSPORT.jpg\" \/>\n\t<meta property=\"og:image:width\" content=\"500\" \/>\n\t<meta property=\"og:image:height\" content=\"500\" \/>\n\t<meta property=\"og:image:type\" content=\"image\/jpeg\" \/>\n<meta name=\"twitter:card\" content=\"summary_large_image\" \/>\n<meta name=\"twitter:site\" content=\"@airgunslp\" \/>\n<meta name=\"twitter:label1\" content=\"Tiempo de lectura\" \/>\n\t<meta name=\"twitter:data1\" content=\"2 minutos\" \/>\n<script type=\"application\/ld+json\" class=\"yoast-schema-graph\">{\"@context\":\"https:\/\/schema.org\",\"@graph\":[{\"@type\":\"WebPage\",\"@id\":\"https:\/\/airgunslp.com.ar\/home\/producto\/air-arms-pro-sport-45mm-fac-culata-de-haya\/\",\"url\":\"https:\/\/airgunslp.com.ar\/home\/producto\/air-arms-pro-sport-45mm-fac-culata-de-haya\/\",\"name\":\"Air Arms Pro Sport (4,5mm, FAC, culata de haya) - AirGunsLP\",\"isPartOf\":{\"@id\":\"https:\/\/airgunslp.com.ar\/home\/#website\"},\"primaryImageOfPage\":{\"@id\":\"https:\/\/airgunslp.com.ar\/home\/producto\/air-arms-pro-sport-45mm-fac-culata-de-haya\/#primaryimage\"},\"image\":{\"@id\":\"https:\/\/airgunslp.com.ar\/home\/producto\/air-arms-pro-sport-45mm-fac-culata-de-haya\/#primaryimage\"},\"thumbnailUrl\":\"https:\/\/airgunslp.com.ar\/home\/wp-content\/uploads\/AAPROSPORT.jpg\",\"datePublished\":\"2019-07-02T02:23:12+00:00\",\"dateModified\":\"2023-02-13T13:10:57+00:00\",\"description\":\"Importador de armas de aire comprimido. Venta mayorista y minorista de todas las marcas nacionales. Stock permanente de todos los modelos.\",\"breadcrumb\":{\"@id\":\"https:\/\/airgunslp.com.ar\/home\/producto\/air-arms-pro-sport-45mm-fac-culata-de-haya\/#breadcrumb\"},\"inLanguage\":\"es\",\"potentialAction\":[{\"@type\":\"ReadAction\",\"target\":[\"https:\/\/airgunslp.com.ar\/home\/producto\/air-arms-pro-sport-45mm-fac-culata-de-haya\/\"]}]},{\"@type\":\"ImageObject\",\"inLanguage\":\"es\",\"@id\":\"https:\/\/airgunslp.com.ar\/home\/producto\/air-arms-pro-sport-45mm-fac-culata-de-haya\/#primaryimage\",\"url\":\"https:\/\/airgunslp.com.ar\/home\/wp-content\/uploads\/AAPROSPORT.jpg\",\"contentUrl\":\"https:\/\/airgunslp.com.ar\/home\/wp-content\/uploads\/AAPROSPORT.jpg\",\"width\":500,\"height\":500},{\"@type\":\"BreadcrumbList\",\"@id\":\"https:\/\/airgunslp.com.ar\/home\/producto\/air-arms-pro-sport-45mm-fac-culata-de-haya\/#breadcrumb\",\"itemListElement\":[{\"@type\":\"ListItem\",\"position\":1,\"name\":\"Portada\",\"item\":\"https:\/\/airgunslp.com.ar\/home\/\"},{\"@type\":\"ListItem\",\"position\":2,\"name\":\"Productos\",\"item\":\"https:\/\/airgunslp.com.ar\/home\/productos\/\"},{\"@type\":\"ListItem\",\"position\":3,\"name\":\"Air Arms Pro Sport (4,5mm, FAC, culata de haya)\"}]},{\"@type\":\"WebSite\",\"@id\":\"https:\/\/airgunslp.com.ar\/home\/#website\",\"url\":\"https:\/\/airgunslp.com.ar\/home\/\",\"name\":\"AirGunsLP\",\"description\":\"Venta de armas de aire comprimido\",\"potentialAction\":[{\"@type\":\"SearchAction\",\"target\":{\"@type\":\"EntryPoint\",\"urlTemplate\":\"https:\/\/airgunslp.com.ar\/home\/?s={search_term_string}\"},\"query-input\":\"required name=search_term_string\"}],\"inLanguage\":\"es\"}]}<\/script>\n<!-- \/ Yoast SEO plugin. -->","yoast_head_json":{"title":"Air Arms Pro Sport (4,5mm, FAC, culata de haya) - AirGunsLP","description":"Importador de armas de aire comprimido. Venta mayorista y minorista de todas las marcas nacionales. Stock permanente de todos los modelos.","robots":{"index":"index","follow":"follow","max-snippet":"max-snippet:-1","max-image-preview":"max-image-preview:large","max-video-preview":"max-video-preview:-1"},"canonical":"https:\/\/airgunslp.com.ar\/home\/producto\/air-arms-pro-sport-45mm-fac-culata-de-haya\/","og_locale":"es_ES","og_type":"article","og_title":"Air Arms Pro Sport (4,5mm, FAC, culata de haya) - AirGunsLP","og_description":"Importador de armas de aire comprimido. Venta mayorista y minorista de todas las marcas nacionales. Stock permanente de todos los modelos.","og_url":"https:\/\/airgunslp.com.ar\/home\/producto\/air-arms-pro-sport-45mm-fac-culata-de-haya\/","og_site_name":"AirGunsLP","article_publisher":"https:\/\/www.facebook.com\/airgunslp\/","article_modified_time":"2023-02-13T13:10:57+00:00","og_image":[{"width":500,"height":500,"url":"https:\/\/airgunslp.com.ar\/home\/wp-content\/uploads\/AAPROSPORT.jpg","type":"image\/jpeg"}],"twitter_card":"summary_large_image","twitter_site":"@airgunslp","twitter_misc":{"Tiempo de lectura":"2 minutos"},"schema":{"@context":"https:\/\/schema.org","@graph":[{"@type":"WebPage","@id":"https:\/\/airgunslp.com.ar\/home\/producto\/air-arms-pro-sport-45mm-fac-culata-de-haya\/","url":"https:\/\/airgunslp.com.ar\/home\/producto\/air-arms-pro-sport-45mm-fac-culata-de-haya\/","name":"Air Arms Pro Sport (4,5mm, FAC, culata de haya) - AirGunsLP","isPartOf":{"@id":"https:\/\/airgunslp.com.ar\/home\/#website"},"primaryImageOfPage":{"@id":"https:\/\/airgunslp.com.ar\/home\/producto\/air-arms-pro-sport-45mm-fac-culata-de-haya\/#primaryimage"},"image":{"@id":"https:\/\/airgunslp.com.ar\/home\/producto\/air-arms-pro-sport-45mm-fac-culata-de-haya\/#primaryimage"},"thumbnailUrl":"https:\/\/airgunslp.com.ar\/home\/wp-content\/uploads\/AAPROSPORT.jpg","datePublished":"2019-07-02T02:23:12+00:00","dateModified":"2023-02-13T13:10:57+00:00","description":"Importador de armas de aire comprimido. Venta mayorista y minorista de todas las marcas nacionales. Stock permanente de todos los modelos.","breadcrumb":{"@id":"https:\/\/airgunslp.com.ar\/home\/producto\/air-arms-pro-sport-45mm-fac-culata-de-haya\/#breadcrumb"},"inLanguage":"es","potentialAction":[{"@type":"ReadAction","target":["https:\/\/airgunslp.com.ar\/home\/producto\/air-arms-pro-sport-45mm-fac-culata-de-haya\/"]}]},{"@type":"ImageObject","inLanguage":"es","@id":"https:\/\/airgunslp.com.ar\/home\/producto\/air-arms-pro-sport-45mm-fac-culata-de-haya\/#primaryimage","url":"https:\/\/airgunslp.com.ar\/home\/wp-content\/uploads\/AAPROSPORT.jpg","contentUrl":"https:\/\/airgunslp.com.ar\/home\/wp-content\/uploads\/AAPROSPORT.jpg","width":500,"height":500},{"@type":"BreadcrumbList","@id":"https:\/\/airgunslp.com.ar\/home\/producto\/air-arms-pro-sport-45mm-fac-culata-de-haya\/#breadcrumb","itemListElement":[{"@type":"ListItem","position":1,"name":"Portada","item":"https:\/\/airgunslp.com.ar\/home\/"},{"@type":"ListItem","position":2,"name":"Productos","item":"https:\/\/airgunslp.com.ar\/home\/productos\/"},{"@type":"ListItem","position":3,"name":"Air Arms Pro Sport (4,5mm, FAC, culata de haya)"}]},{"@type":"WebSite","@id":"https:\/\/airgunslp.com.ar\/home\/#website","url":"https:\/\/airgunslp.com.ar\/home\/","name":"AirGunsLP","description":"Venta de armas de aire comprimido","potentialAction":[{"@type":"SearchAction","target":{"@type":"EntryPoint","urlTemplate":"https:\/\/airgunslp.com.ar\/home\/?s={search_term_string}"},"query-input":"required name=search_term_string"}],"inLanguage":"es"}]}},"_links":{"self":[{"href":"https:\/\/airgunslp.com.ar\/home\/wp-json\/wp\/v2\/product\/242"}],"collection":[{"href":"https:\/\/airgunslp.com.ar\/home\/wp-json\/wp\/v2\/product"}],"about":[{"href":"https:\/\/airgunslp.com.ar\/home\/wp-json\/wp\/v2\/types\/product"}],"wp:featuredmedia":[{"embeddable":true,"href":"https:\/\/airgunslp.com.ar\/home\/wp-json\/wp\/v2\/media\/287"}],"wp:attachment":[{"href":"https:\/\/airgunslp.com.ar\/home\/wp-json\/wp\/v2\/media?parent=242"}],"curies":[{"name":"wp","href":"https:\/\/api.w.org\/{rel}","templated":true}]}}