{"id":238,"date":"2019-07-02T02:05:24","date_gmt":"2019-07-02T02:05:24","guid":{"rendered":"https:\/\/airgunslp.com.ar\/home\/?post_type=product&#038;p=238"},"modified":"2024-04-17T13:09:48","modified_gmt":"2024-04-17T13:09:48","slug":"air-arms-ftp-900","status":"publish","type":"product","link":"https:\/\/airgunslp.com.ar\/home\/producto\/air-arms-ftp-900\/","title":{"rendered":"Air Arms FTP 900"},"content":{"rendered":"<h1>FTP 900: simplemente, el rifle Field Target que necesitar\u00e1s.<\/h1>\n<p>&nbsp;<\/p>\n<p>&nbsp;<\/p>\n<p>Tres elementos esenciales se han unido para lograr el \u00e9xito en field target. Estos elementos son: rendimiento, precisi\u00f3n y control. Usted encontrar\u00e1 las mejores versiones de estos tres atributos en el rifle de tiro Air Arms FTP900.<\/p>\n<p>El FTP900 se adaptar\u00e1 a ti y a tu estilo de disparo con precisi\u00f3n milim\u00e9trica. Con un sistema de disparo grado Match completo, Culata completamente regulable y cantonera articulada, ca\u00f1\u00f3n de competici\u00f3n de clase mundial, m\u00e1s el nivel de burbuja y brazo indicador de viento plegables, le a\u00f1aden a\u00fan m\u00e1s control y potencial para ganar competencias, permiti\u00e9ndote que pueda alcanzar el mayor rendimiento posible.<\/p>\n<p>El FTP900 es el mejor rifle para fiel target en el mundo, porque fue dise\u00f1ado para ser as\u00ed desde el principio.<\/p>\n<p>&nbsp;<\/p>\n<h4>Detalles y caracter\u00edsticas t\u00e9cnicas:<\/h4>\n<ul>\n<li>Acci\u00f3n PCP de carga tipo side lever.<\/li>\n<li>Riel de 11 mm para mira telesc\u00f3pica (mira no incluida).<\/li>\n<li>Culata laminada, ergon\u00f3mica y regulable.<\/li>\n<li>Carrillera regulable.<\/li>\n<li>Indicador de viento y nivel de burbuja plegables.<\/li>\n<li>Cantonera Regulable.<\/li>\n<li>Gatillo regulable para Field Target.<\/li>\n<li>Air Striper (para evitar turbulencias y aumentar la precisi\u00f3n), deflector y contrapeso incluidos.<\/li>\n<li>M\u00e1xima presi\u00f3n del dep\u00f3sito: 200 bares.<\/li>\n<li>Capacidad del dep\u00f3sito: 200 cc.<\/li>\n<li>Cantonera articulada y hamster regulable, seg\u00fan reglamentaci\u00f3n de FT.<\/li>\n<li>Ca\u00f1o encamisado.<\/li>\n<li>Ca\u00f1o Lothar Walther.<\/li>\n<li>Autonom\u00eda de 100 disparos.<\/li>\n<li>Calibre: 4,5 mm.<\/li>\n<li>Potencia: 16 J.<\/li>\n<li>Largo del ca\u00f1o: 482,6 mm.<\/li>\n<li>Largo: 1040-1070 mm.<\/li>\n<li>Peso: 4,9 kg.<\/li>\n<\/ul>\n<h1 style=\"text-align: center;\"><\/h1>\n","protected":false},"excerpt":{"rendered":"<p>FTP 900: simplemente, el rifle Field Target que necesitar\u00e1s. &nbsp; &nbsp; Tres elementos esenciales se han unido para lograr el \u00e9xito en field target. Estos elementos son: rendimiento, precisi\u00f3n y control. Usted encontrar\u00e1 las mejores versiones de estos tres atributos en el rifle de tiro Air Arms FTP900. El FTP900 se adaptar\u00e1 a ti y [&#8230;]\n","protected":false},"featured_media":273,"template":"","meta":{"_joinchat":[]},"yoast_head":"<!-- This site is optimized with the Yoast SEO plugin v23.3 - https:\/\/yoast.com\/wordpress\/plugins\/seo\/ -->\n<title>Air Arms FTP 900 - AirGunsLP<\/title>\n<meta name=\"description\" content=\"Importador de armas de aire comprimido. Venta mayorista y minorista de todas las marcas nacionales. Stock permanente de todos los modelos.\" \/>\n<meta name=\"robots\" content=\"index, follow, max-snippet:-1, max-image-preview:large, max-video-preview:-1\" \/>\n<link rel=\"canonical\" href=\"https:\/\/airgunslp.com.ar\/home\/producto\/air-arms-ftp-900\/\" \/>\n<meta property=\"og:locale\" content=\"es_ES\" \/>\n<meta property=\"og:type\" content=\"article\" \/>\n<meta property=\"og:title\" content=\"Air Arms FTP 900 - AirGunsLP\" \/>\n<meta property=\"og:description\" content=\"Importador de armas de aire comprimido. Venta mayorista y minorista de todas las marcas nacionales. Stock permanente de todos los modelos.\" \/>\n<meta property=\"og:url\" content=\"https:\/\/airgunslp.com.ar\/home\/producto\/air-arms-ftp-900\/\" \/>\n<meta property=\"og:site_name\" content=\"AirGunsLP\" \/>\n<meta property=\"article:publisher\" content=\"https:\/\/www.facebook.com\/airgunslp\/\" \/>\n<meta property=\"article:modified_time\" content=\"2024-04-17T13:09:48+00:00\" \/>\n<meta property=\"og:image\" content=\"https:\/\/airgunslp.com.ar\/home\/wp-content\/uploads\/ftp900.jpg\" \/>\n\t<meta property=\"og:image:width\" content=\"500\" \/>\n\t<meta property=\"og:image:height\" content=\"500\" \/>\n\t<meta property=\"og:image:type\" content=\"image\/jpeg\" \/>\n<meta name=\"twitter:card\" content=\"summary_large_image\" \/>\n<meta name=\"twitter:site\" content=\"@airgunslp\" \/>\n<meta name=\"twitter:label1\" content=\"Tiempo de lectura\" \/>\n\t<meta name=\"twitter:data1\" content=\"1 minuto\" \/>\n<script type=\"application\/ld+json\" class=\"yoast-schema-graph\">{\"@context\":\"https:\/\/schema.org\",\"@graph\":[{\"@type\":\"WebPage\",\"@id\":\"https:\/\/airgunslp.com.ar\/home\/producto\/air-arms-ftp-900\/\",\"url\":\"https:\/\/airgunslp.com.ar\/home\/producto\/air-arms-ftp-900\/\",\"name\":\"Air Arms FTP 900 - AirGunsLP\",\"isPartOf\":{\"@id\":\"https:\/\/airgunslp.com.ar\/home\/#website\"},\"primaryImageOfPage\":{\"@id\":\"https:\/\/airgunslp.com.ar\/home\/producto\/air-arms-ftp-900\/#primaryimage\"},\"image\":{\"@id\":\"https:\/\/airgunslp.com.ar\/home\/producto\/air-arms-ftp-900\/#primaryimage\"},\"thumbnailUrl\":\"https:\/\/airgunslp.com.ar\/home\/wp-content\/uploads\/ftp900.jpg\",\"datePublished\":\"2019-07-02T02:05:24+00:00\",\"dateModified\":\"2024-04-17T13:09:48+00:00\",\"description\":\"Importador de armas de aire comprimido. Venta mayorista y minorista de todas las marcas nacionales. Stock permanente de todos los modelos.\",\"breadcrumb\":{\"@id\":\"https:\/\/airgunslp.com.ar\/home\/producto\/air-arms-ftp-900\/#breadcrumb\"},\"inLanguage\":\"es\",\"potentialAction\":[{\"@type\":\"ReadAction\",\"target\":[\"https:\/\/airgunslp.com.ar\/home\/producto\/air-arms-ftp-900\/\"]}]},{\"@type\":\"ImageObject\",\"inLanguage\":\"es\",\"@id\":\"https:\/\/airgunslp.com.ar\/home\/producto\/air-arms-ftp-900\/#primaryimage\",\"url\":\"https:\/\/airgunslp.com.ar\/home\/wp-content\/uploads\/ftp900.jpg\",\"contentUrl\":\"https:\/\/airgunslp.com.ar\/home\/wp-content\/uploads\/ftp900.jpg\",\"width\":500,\"height\":500},{\"@type\":\"BreadcrumbList\",\"@id\":\"https:\/\/airgunslp.com.ar\/home\/producto\/air-arms-ftp-900\/#breadcrumb\",\"itemListElement\":[{\"@type\":\"ListItem\",\"position\":1,\"name\":\"Portada\",\"item\":\"https:\/\/airgunslp.com.ar\/home\/\"},{\"@type\":\"ListItem\",\"position\":2,\"name\":\"Productos\",\"item\":\"https:\/\/airgunslp.com.ar\/home\/productos\/\"},{\"@type\":\"ListItem\",\"position\":3,\"name\":\"Air Arms FTP 900\"}]},{\"@type\":\"WebSite\",\"@id\":\"https:\/\/airgunslp.com.ar\/home\/#website\",\"url\":\"https:\/\/airgunslp.com.ar\/home\/\",\"name\":\"AirGunsLP\",\"description\":\"Venta de armas de aire comprimido\",\"potentialAction\":[{\"@type\":\"SearchAction\",\"target\":{\"@type\":\"EntryPoint\",\"urlTemplate\":\"https:\/\/airgunslp.com.ar\/home\/?s={search_term_string}\"},\"query-input\":\"required name=search_term_string\"}],\"inLanguage\":\"es\"}]}<\/script>\n<!-- \/ Yoast SEO plugin. -->","yoast_head_json":{"title":"Air Arms FTP 900 - AirGunsLP","description":"Importador de armas de aire comprimido. Venta mayorista y minorista de todas las marcas nacionales. Stock permanente de todos los modelos.","robots":{"index":"index","follow":"follow","max-snippet":"max-snippet:-1","max-image-preview":"max-image-preview:large","max-video-preview":"max-video-preview:-1"},"canonical":"https:\/\/airgunslp.com.ar\/home\/producto\/air-arms-ftp-900\/","og_locale":"es_ES","og_type":"article","og_title":"Air Arms FTP 900 - AirGunsLP","og_description":"Importador de armas de aire comprimido. Venta mayorista y minorista de todas las marcas nacionales. Stock permanente de todos los modelos.","og_url":"https:\/\/airgunslp.com.ar\/home\/producto\/air-arms-ftp-900\/","og_site_name":"AirGunsLP","article_publisher":"https:\/\/www.facebook.com\/airgunslp\/","article_modified_time":"2024-04-17T13:09:48+00:00","og_image":[{"width":500,"height":500,"url":"https:\/\/airgunslp.com.ar\/home\/wp-content\/uploads\/ftp900.jpg","type":"image\/jpeg"}],"twitter_card":"summary_large_image","twitter_site":"@airgunslp","twitter_misc":{"Tiempo de lectura":"1 minuto"},"schema":{"@context":"https:\/\/schema.org","@graph":[{"@type":"WebPage","@id":"https:\/\/airgunslp.com.ar\/home\/producto\/air-arms-ftp-900\/","url":"https:\/\/airgunslp.com.ar\/home\/producto\/air-arms-ftp-900\/","name":"Air Arms FTP 900 - AirGunsLP","isPartOf":{"@id":"https:\/\/airgunslp.com.ar\/home\/#website"},"primaryImageOfPage":{"@id":"https:\/\/airgunslp.com.ar\/home\/producto\/air-arms-ftp-900\/#primaryimage"},"image":{"@id":"https:\/\/airgunslp.com.ar\/home\/producto\/air-arms-ftp-900\/#primaryimage"},"thumbnailUrl":"https:\/\/airgunslp.com.ar\/home\/wp-content\/uploads\/ftp900.jpg","datePublished":"2019-07-02T02:05:24+00:00","dateModified":"2024-04-17T13:09:48+00:00","description":"Importador de armas de aire comprimido. Venta mayorista y minorista de todas las marcas nacionales. Stock permanente de todos los modelos.","breadcrumb":{"@id":"https:\/\/airgunslp.com.ar\/home\/producto\/air-arms-ftp-900\/#breadcrumb"},"inLanguage":"es","potentialAction":[{"@type":"ReadAction","target":["https:\/\/airgunslp.com.ar\/home\/producto\/air-arms-ftp-900\/"]}]},{"@type":"ImageObject","inLanguage":"es","@id":"https:\/\/airgunslp.com.ar\/home\/producto\/air-arms-ftp-900\/#primaryimage","url":"https:\/\/airgunslp.com.ar\/home\/wp-content\/uploads\/ftp900.jpg","contentUrl":"https:\/\/airgunslp.com.ar\/home\/wp-content\/uploads\/ftp900.jpg","width":500,"height":500},{"@type":"BreadcrumbList","@id":"https:\/\/airgunslp.com.ar\/home\/producto\/air-arms-ftp-900\/#breadcrumb","itemListElement":[{"@type":"ListItem","position":1,"name":"Portada","item":"https:\/\/airgunslp.com.ar\/home\/"},{"@type":"ListItem","position":2,"name":"Productos","item":"https:\/\/airgunslp.com.ar\/home\/productos\/"},{"@type":"ListItem","position":3,"name":"Air Arms FTP 900"}]},{"@type":"WebSite","@id":"https:\/\/airgunslp.com.ar\/home\/#website","url":"https:\/\/airgunslp.com.ar\/home\/","name":"AirGunsLP","description":"Venta de armas de aire comprimido","potentialAction":[{"@type":"SearchAction","target":{"@type":"EntryPoint","urlTemplate":"https:\/\/airgunslp.com.ar\/home\/?s={search_term_string}"},"query-input":"required name=search_term_string"}],"inLanguage":"es"}]}},"_links":{"self":[{"href":"https:\/\/airgunslp.com.ar\/home\/wp-json\/wp\/v2\/product\/238"}],"collection":[{"href":"https:\/\/airgunslp.com.ar\/home\/wp-json\/wp\/v2\/product"}],"about":[{"href":"https:\/\/airgunslp.com.ar\/home\/wp-json\/wp\/v2\/types\/product"}],"wp:featuredmedia":[{"embeddable":true,"href":"https:\/\/airgunslp.com.ar\/home\/wp-json\/wp\/v2\/media\/273"}],"wp:attachment":[{"href":"https:\/\/airgunslp.com.ar\/home\/wp-json\/wp\/v2\/media?parent=238"}],"curies":[{"name":"wp","href":"https:\/\/api.w.org\/{rel}","templated":true}]}}