{"id":1630,"date":"2021-12-09T15:28:55","date_gmt":"2021-12-09T15:28:55","guid":{"rendered":"https:\/\/airgunslp.com.ar\/home\/?post_type=product&#038;p=1630"},"modified":"2025-08-04T16:41:19","modified_gmt":"2025-08-04T16:41:19","slug":"fox-m22-regulado-cal-635mm","status":"publish","type":"product","link":"https:\/\/airgunslp.com.ar\/home\/producto\/fox-m22-regulado-cal-635mm\/","title":{"rendered":"Fox M22 Regulado Cal 6,35mm"},"content":{"rendered":"<div class=\"woocommerce-product-details__short-description\">\n<ul>\n<li>\u00a0Modelo: M22 PCP Regulado<\/li>\n<li>Calibre: 6,35 mm (.25)<\/li>\n<li>Sistema de disparo: Multi-tiro con cerrojo lateral<\/li>\n<li>Fuente de Potencia: Inflador de alta presi\u00f3n (NO INCLU\u00cdDO)<\/li>\n<li>Presi\u00f3n m\u00e1xima soportada: 200 BAR<\/li>\n<li>Tama\u00f1o del dep\u00f3sito: 250 cc.<\/li>\n<li>Autonom\u00eda: 40 disparos a 950 FPS con 18 gr.<\/li>\n<li>Capacidad del cargador: 10 balines<\/li>\n<li>Cargadores incluidos: 1 (uno)<\/li>\n<li>Potencia: 1000 FPS<\/li>\n<li>Alcance Efectivo: 50 &#8211; 60 metros<\/li>\n<li>Tipo de balines: Balines de plomo<\/li>\n<li>Peso: 3,600 kg.<\/li>\n<li>Largo total: 116 cm.<\/li>\n<li>Largo del ca\u00f1o: 54 cm.<\/li>\n<li>Tipo de ca\u00f1o: Bull Barrel microestriado<\/li>\n<li>Material del ca\u00f1o: Acero<\/li>\n<li>Tipo de culata: Montecarlo<\/li>\n<li>Material de la culata: Madera seleccionada<\/li>\n<li>Gatillo regulable: Si<\/li>\n<li>Mira abierta: No<\/li>\n<li>Seguro de gatillo: Si<\/li>\n<li>Man\u00f3metro: Si<\/li>\n<li>Moderador de sonido incorporado<\/li>\n<li>Riel para colocaci\u00f3n de mira telesc\u00f3pica 11 mm.<\/li>\n<li>Cantonera de goma<\/li>\n<\/ul>\n<\/div>\n","protected":false},"excerpt":{"rendered":"<p>\u00a0Modelo: M22 PCP Regulado Calibre: 6,35 mm (.25) Sistema de disparo: Multi-tiro con cerrojo lateral Fuente de Potencia: Inflador de alta presi\u00f3n (NO INCLU\u00cdDO) Presi\u00f3n m\u00e1xima soportada: 200 BAR Tama\u00f1o del dep\u00f3sito: 250 cc. Autonom\u00eda: 40 disparos a 950 FPS con 18 gr. Capacidad del cargador: 10 balines Cargadores incluidos: 1 (uno) Potencia: 1000 FPS [&#8230;]\n","protected":false},"featured_media":1501,"template":"","meta":{"_joinchat":[]},"yoast_head":"<!-- This site is optimized with the Yoast SEO plugin v23.3 - https:\/\/yoast.com\/wordpress\/plugins\/seo\/ -->\n<title>Fox M22 Regulado Cal 6,35mm - AirGunsLP<\/title>\n<meta name=\"description\" content=\"Importador de armas de aire comprimido. Venta mayorista y minorista de todas las marcas nacionales. Stock permanente de todos los modelos.\" \/>\n<meta name=\"robots\" content=\"index, follow, max-snippet:-1, max-image-preview:large, max-video-preview:-1\" \/>\n<link rel=\"canonical\" href=\"https:\/\/airgunslp.com.ar\/home\/producto\/fox-m22-regulado-cal-635mm\/\" \/>\n<meta property=\"og:locale\" content=\"es_ES\" \/>\n<meta property=\"og:type\" content=\"article\" \/>\n<meta property=\"og:title\" content=\"Fox M22 Regulado Cal 6,35mm - AirGunsLP\" \/>\n<meta property=\"og:description\" content=\"Importador de armas de aire comprimido. Venta mayorista y minorista de todas las marcas nacionales. Stock permanente de todos los modelos.\" \/>\n<meta property=\"og:url\" content=\"https:\/\/airgunslp.com.ar\/home\/producto\/fox-m22-regulado-cal-635mm\/\" \/>\n<meta property=\"og:site_name\" content=\"AirGunsLP\" \/>\n<meta property=\"article:publisher\" content=\"https:\/\/www.facebook.com\/airgunslp\/\" \/>\n<meta property=\"article:modified_time\" content=\"2025-08-04T16:41:19+00:00\" \/>\n<meta property=\"og:image\" content=\"https:\/\/airgunslp.com.ar\/home\/wp-content\/uploads\/Fox-M22-pag.jpg\" \/>\n\t<meta property=\"og:image:width\" content=\"1393\" \/>\n\t<meta property=\"og:image:height\" content=\"1393\" \/>\n\t<meta property=\"og:image:type\" content=\"image\/jpeg\" \/>\n<meta name=\"twitter:card\" content=\"summary_large_image\" \/>\n<meta name=\"twitter:site\" content=\"@airgunslp\" \/>\n<meta name=\"twitter:label1\" content=\"Tiempo de lectura\" \/>\n\t<meta name=\"twitter:data1\" content=\"1 minuto\" \/>\n<script type=\"application\/ld+json\" class=\"yoast-schema-graph\">{\"@context\":\"https:\/\/schema.org\",\"@graph\":[{\"@type\":\"WebPage\",\"@id\":\"https:\/\/airgunslp.com.ar\/home\/producto\/fox-m22-regulado-cal-635mm\/\",\"url\":\"https:\/\/airgunslp.com.ar\/home\/producto\/fox-m22-regulado-cal-635mm\/\",\"name\":\"Fox M22 Regulado Cal 6,35mm - AirGunsLP\",\"isPartOf\":{\"@id\":\"https:\/\/airgunslp.com.ar\/home\/#website\"},\"primaryImageOfPage\":{\"@id\":\"https:\/\/airgunslp.com.ar\/home\/producto\/fox-m22-regulado-cal-635mm\/#primaryimage\"},\"image\":{\"@id\":\"https:\/\/airgunslp.com.ar\/home\/producto\/fox-m22-regulado-cal-635mm\/#primaryimage\"},\"thumbnailUrl\":\"https:\/\/airgunslp.com.ar\/home\/wp-content\/uploads\/Fox-M22-pag.jpg\",\"datePublished\":\"2021-12-09T15:28:55+00:00\",\"dateModified\":\"2025-08-04T16:41:19+00:00\",\"description\":\"Importador de armas de aire comprimido. Venta mayorista y minorista de todas las marcas nacionales. Stock permanente de todos los modelos.\",\"breadcrumb\":{\"@id\":\"https:\/\/airgunslp.com.ar\/home\/producto\/fox-m22-regulado-cal-635mm\/#breadcrumb\"},\"inLanguage\":\"es\",\"potentialAction\":[{\"@type\":\"ReadAction\",\"target\":[\"https:\/\/airgunslp.com.ar\/home\/producto\/fox-m22-regulado-cal-635mm\/\"]}]},{\"@type\":\"ImageObject\",\"inLanguage\":\"es\",\"@id\":\"https:\/\/airgunslp.com.ar\/home\/producto\/fox-m22-regulado-cal-635mm\/#primaryimage\",\"url\":\"https:\/\/airgunslp.com.ar\/home\/wp-content\/uploads\/Fox-M22-pag.jpg\",\"contentUrl\":\"https:\/\/airgunslp.com.ar\/home\/wp-content\/uploads\/Fox-M22-pag.jpg\",\"width\":1393,\"height\":1393},{\"@type\":\"BreadcrumbList\",\"@id\":\"https:\/\/airgunslp.com.ar\/home\/producto\/fox-m22-regulado-cal-635mm\/#breadcrumb\",\"itemListElement\":[{\"@type\":\"ListItem\",\"position\":1,\"name\":\"Portada\",\"item\":\"https:\/\/airgunslp.com.ar\/home\/\"},{\"@type\":\"ListItem\",\"position\":2,\"name\":\"Productos\",\"item\":\"https:\/\/airgunslp.com.ar\/home\/productos\/\"},{\"@type\":\"ListItem\",\"position\":3,\"name\":\"Fox M22 Regulado Cal 6,35mm\"}]},{\"@type\":\"WebSite\",\"@id\":\"https:\/\/airgunslp.com.ar\/home\/#website\",\"url\":\"https:\/\/airgunslp.com.ar\/home\/\",\"name\":\"AirGunsLP\",\"description\":\"Venta de armas de aire comprimido\",\"potentialAction\":[{\"@type\":\"SearchAction\",\"target\":{\"@type\":\"EntryPoint\",\"urlTemplate\":\"https:\/\/airgunslp.com.ar\/home\/?s={search_term_string}\"},\"query-input\":\"required name=search_term_string\"}],\"inLanguage\":\"es\"}]}<\/script>\n<!-- \/ Yoast SEO plugin. -->","yoast_head_json":{"title":"Fox M22 Regulado Cal 6,35mm - AirGunsLP","description":"Importador de armas de aire comprimido. Venta mayorista y minorista de todas las marcas nacionales. Stock permanente de todos los modelos.","robots":{"index":"index","follow":"follow","max-snippet":"max-snippet:-1","max-image-preview":"max-image-preview:large","max-video-preview":"max-video-preview:-1"},"canonical":"https:\/\/airgunslp.com.ar\/home\/producto\/fox-m22-regulado-cal-635mm\/","og_locale":"es_ES","og_type":"article","og_title":"Fox M22 Regulado Cal 6,35mm - AirGunsLP","og_description":"Importador de armas de aire comprimido. Venta mayorista y minorista de todas las marcas nacionales. Stock permanente de todos los modelos.","og_url":"https:\/\/airgunslp.com.ar\/home\/producto\/fox-m22-regulado-cal-635mm\/","og_site_name":"AirGunsLP","article_publisher":"https:\/\/www.facebook.com\/airgunslp\/","article_modified_time":"2025-08-04T16:41:19+00:00","og_image":[{"width":1393,"height":1393,"url":"https:\/\/airgunslp.com.ar\/home\/wp-content\/uploads\/Fox-M22-pag.jpg","type":"image\/jpeg"}],"twitter_card":"summary_large_image","twitter_site":"@airgunslp","twitter_misc":{"Tiempo de lectura":"1 minuto"},"schema":{"@context":"https:\/\/schema.org","@graph":[{"@type":"WebPage","@id":"https:\/\/airgunslp.com.ar\/home\/producto\/fox-m22-regulado-cal-635mm\/","url":"https:\/\/airgunslp.com.ar\/home\/producto\/fox-m22-regulado-cal-635mm\/","name":"Fox M22 Regulado Cal 6,35mm - AirGunsLP","isPartOf":{"@id":"https:\/\/airgunslp.com.ar\/home\/#website"},"primaryImageOfPage":{"@id":"https:\/\/airgunslp.com.ar\/home\/producto\/fox-m22-regulado-cal-635mm\/#primaryimage"},"image":{"@id":"https:\/\/airgunslp.com.ar\/home\/producto\/fox-m22-regulado-cal-635mm\/#primaryimage"},"thumbnailUrl":"https:\/\/airgunslp.com.ar\/home\/wp-content\/uploads\/Fox-M22-pag.jpg","datePublished":"2021-12-09T15:28:55+00:00","dateModified":"2025-08-04T16:41:19+00:00","description":"Importador de armas de aire comprimido. Venta mayorista y minorista de todas las marcas nacionales. Stock permanente de todos los modelos.","breadcrumb":{"@id":"https:\/\/airgunslp.com.ar\/home\/producto\/fox-m22-regulado-cal-635mm\/#breadcrumb"},"inLanguage":"es","potentialAction":[{"@type":"ReadAction","target":["https:\/\/airgunslp.com.ar\/home\/producto\/fox-m22-regulado-cal-635mm\/"]}]},{"@type":"ImageObject","inLanguage":"es","@id":"https:\/\/airgunslp.com.ar\/home\/producto\/fox-m22-regulado-cal-635mm\/#primaryimage","url":"https:\/\/airgunslp.com.ar\/home\/wp-content\/uploads\/Fox-M22-pag.jpg","contentUrl":"https:\/\/airgunslp.com.ar\/home\/wp-content\/uploads\/Fox-M22-pag.jpg","width":1393,"height":1393},{"@type":"BreadcrumbList","@id":"https:\/\/airgunslp.com.ar\/home\/producto\/fox-m22-regulado-cal-635mm\/#breadcrumb","itemListElement":[{"@type":"ListItem","position":1,"name":"Portada","item":"https:\/\/airgunslp.com.ar\/home\/"},{"@type":"ListItem","position":2,"name":"Productos","item":"https:\/\/airgunslp.com.ar\/home\/productos\/"},{"@type":"ListItem","position":3,"name":"Fox M22 Regulado Cal 6,35mm"}]},{"@type":"WebSite","@id":"https:\/\/airgunslp.com.ar\/home\/#website","url":"https:\/\/airgunslp.com.ar\/home\/","name":"AirGunsLP","description":"Venta de armas de aire comprimido","potentialAction":[{"@type":"SearchAction","target":{"@type":"EntryPoint","urlTemplate":"https:\/\/airgunslp.com.ar\/home\/?s={search_term_string}"},"query-input":"required name=search_term_string"}],"inLanguage":"es"}]}},"_links":{"self":[{"href":"https:\/\/airgunslp.com.ar\/home\/wp-json\/wp\/v2\/product\/1630"}],"collection":[{"href":"https:\/\/airgunslp.com.ar\/home\/wp-json\/wp\/v2\/product"}],"about":[{"href":"https:\/\/airgunslp.com.ar\/home\/wp-json\/wp\/v2\/types\/product"}],"wp:featuredmedia":[{"embeddable":true,"href":"https:\/\/airgunslp.com.ar\/home\/wp-json\/wp\/v2\/media\/1501"}],"wp:attachment":[{"href":"https:\/\/airgunslp.com.ar\/home\/wp-json\/wp\/v2\/media?parent=1630"}],"curies":[{"name":"wp","href":"https:\/\/api.w.org\/{rel}","templated":true}]}}