{"id":1382,"date":"2021-03-13T15:11:58","date_gmt":"2021-03-13T15:11:58","guid":{"rendered":"https:\/\/airgunslp.com.ar\/home\/?post_type=product&#038;p=1382"},"modified":"2023-02-13T13:08:47","modified_gmt":"2023-02-13T13:08:47","slug":"gamo-hpa-mi-igt-cal-55","status":"publish","type":"product","link":"https:\/\/airgunslp.com.ar\/home\/producto\/gamo-hpa-mi-igt-cal-55\/","title":{"rendered":"Gamo HPA MI IGT Cal 5,5"},"content":{"rendered":"<div class=\"woocommerce-product-details__short-description\">\n<ul>\n<li>Gamo HPA MI IGT<\/li>\n<li>Peso: 3.0<\/li>\n<li>Calibre: 5.5<\/li>\n<li>Potencia: 24J<\/li>\n<li>Velocidad: 268 metros por segundo en Cal 5.5 (Medici\u00f3n realizada con bal\u00edn PBA)<\/li>\n<li>Moderador: Tecnolog\u00eda de reducci\u00f3n de sonido Whisper Maxxim<\/li>\n<li>Pist\u00f3n : IGT Inert gas technology<\/li>\n<li>Gatillo: Gatillo CAT de acci\u00f3n personalizable en dos etapas<\/li>\n<li>Culata: Culata sint\u00e9tica fabricada en pol\u00edmero de grado automotriz<\/li>\n<li>Picado: Texturizado antideslizante en culata<\/li>\n<li>Culatin: SWA Shock wave absorber<\/li>\n<li>Seguro: Sistema de seguridad de accionamiento manual<\/li>\n<li>Regleta: RRR Recoil reducing rail<\/li>\n<li>\u00d3ptica: Mira Gamo 3-9x40WRH incluida<\/li>\n<\/ul>\n<\/div>\n","protected":false},"excerpt":{"rendered":"<p>Gamo HPA MI IGT Peso: 3.0 Calibre: 5.5 Potencia: 24J Velocidad: 268 metros por segundo en Cal 5.5 (Medici\u00f3n realizada con bal\u00edn PBA) Moderador: Tecnolog\u00eda de reducci\u00f3n de sonido Whisper Maxxim Pist\u00f3n : IGT Inert gas technology Gatillo: Gatillo CAT de acci\u00f3n personalizable en dos etapas Culata: Culata sint\u00e9tica fabricada en pol\u00edmero de grado automotriz [&#8230;]\n","protected":false},"featured_media":1383,"template":"","meta":{"_joinchat":[]},"yoast_head":"<!-- This site is optimized with the Yoast SEO plugin v23.3 - https:\/\/yoast.com\/wordpress\/plugins\/seo\/ -->\n<title>Gamo HPA MI IGT Cal 5,5 - AirGunsLP<\/title>\n<meta name=\"description\" content=\"Importador de armas de aire comprimido. Venta mayorista y minorista de todas las marcas nacionales. Stock permanente de todos los modelos.\" \/>\n<meta name=\"robots\" content=\"index, follow, max-snippet:-1, max-image-preview:large, max-video-preview:-1\" \/>\n<link rel=\"canonical\" href=\"https:\/\/airgunslp.com.ar\/home\/producto\/gamo-hpa-mi-igt-cal-55\/\" \/>\n<meta property=\"og:locale\" content=\"es_ES\" \/>\n<meta property=\"og:type\" content=\"article\" \/>\n<meta property=\"og:title\" content=\"Gamo HPA MI IGT Cal 5,5 - AirGunsLP\" \/>\n<meta property=\"og:description\" content=\"Importador de armas de aire comprimido. Venta mayorista y minorista de todas las marcas nacionales. Stock permanente de todos los modelos.\" \/>\n<meta property=\"og:url\" content=\"https:\/\/airgunslp.com.ar\/home\/producto\/gamo-hpa-mi-igt-cal-55\/\" \/>\n<meta property=\"og:site_name\" content=\"AirGunsLP\" \/>\n<meta property=\"article:publisher\" content=\"https:\/\/www.facebook.com\/airgunslp\/\" \/>\n<meta property=\"article:modified_time\" content=\"2023-02-13T13:08:47+00:00\" \/>\n<meta property=\"og:image\" content=\"https:\/\/airgunslp.com.ar\/home\/wp-content\/uploads\/Sin-titulo-1-11.jpg\" \/>\n\t<meta property=\"og:image:width\" content=\"1200\" \/>\n\t<meta property=\"og:image:height\" content=\"1200\" \/>\n\t<meta property=\"og:image:type\" content=\"image\/jpeg\" \/>\n<meta name=\"twitter:card\" content=\"summary_large_image\" \/>\n<meta name=\"twitter:site\" content=\"@airgunslp\" \/>\n<script type=\"application\/ld+json\" class=\"yoast-schema-graph\">{\"@context\":\"https:\/\/schema.org\",\"@graph\":[{\"@type\":\"WebPage\",\"@id\":\"https:\/\/airgunslp.com.ar\/home\/producto\/gamo-hpa-mi-igt-cal-55\/\",\"url\":\"https:\/\/airgunslp.com.ar\/home\/producto\/gamo-hpa-mi-igt-cal-55\/\",\"name\":\"Gamo HPA MI IGT Cal 5,5 - AirGunsLP\",\"isPartOf\":{\"@id\":\"https:\/\/airgunslp.com.ar\/home\/#website\"},\"primaryImageOfPage\":{\"@id\":\"https:\/\/airgunslp.com.ar\/home\/producto\/gamo-hpa-mi-igt-cal-55\/#primaryimage\"},\"image\":{\"@id\":\"https:\/\/airgunslp.com.ar\/home\/producto\/gamo-hpa-mi-igt-cal-55\/#primaryimage\"},\"thumbnailUrl\":\"https:\/\/airgunslp.com.ar\/home\/wp-content\/uploads\/Sin-titulo-1-11.jpg\",\"datePublished\":\"2021-03-13T15:11:58+00:00\",\"dateModified\":\"2023-02-13T13:08:47+00:00\",\"description\":\"Importador de armas de aire comprimido. Venta mayorista y minorista de todas las marcas nacionales. Stock permanente de todos los modelos.\",\"breadcrumb\":{\"@id\":\"https:\/\/airgunslp.com.ar\/home\/producto\/gamo-hpa-mi-igt-cal-55\/#breadcrumb\"},\"inLanguage\":\"es\",\"potentialAction\":[{\"@type\":\"ReadAction\",\"target\":[\"https:\/\/airgunslp.com.ar\/home\/producto\/gamo-hpa-mi-igt-cal-55\/\"]}]},{\"@type\":\"ImageObject\",\"inLanguage\":\"es\",\"@id\":\"https:\/\/airgunslp.com.ar\/home\/producto\/gamo-hpa-mi-igt-cal-55\/#primaryimage\",\"url\":\"https:\/\/airgunslp.com.ar\/home\/wp-content\/uploads\/Sin-titulo-1-11.jpg\",\"contentUrl\":\"https:\/\/airgunslp.com.ar\/home\/wp-content\/uploads\/Sin-titulo-1-11.jpg\",\"width\":1200,\"height\":1200},{\"@type\":\"BreadcrumbList\",\"@id\":\"https:\/\/airgunslp.com.ar\/home\/producto\/gamo-hpa-mi-igt-cal-55\/#breadcrumb\",\"itemListElement\":[{\"@type\":\"ListItem\",\"position\":1,\"name\":\"Portada\",\"item\":\"https:\/\/airgunslp.com.ar\/home\/\"},{\"@type\":\"ListItem\",\"position\":2,\"name\":\"Productos\",\"item\":\"https:\/\/airgunslp.com.ar\/home\/productos\/\"},{\"@type\":\"ListItem\",\"position\":3,\"name\":\"Gamo HPA MI IGT Cal 5,5\"}]},{\"@type\":\"WebSite\",\"@id\":\"https:\/\/airgunslp.com.ar\/home\/#website\",\"url\":\"https:\/\/airgunslp.com.ar\/home\/\",\"name\":\"AirGunsLP\",\"description\":\"Venta de armas de aire comprimido\",\"potentialAction\":[{\"@type\":\"SearchAction\",\"target\":{\"@type\":\"EntryPoint\",\"urlTemplate\":\"https:\/\/airgunslp.com.ar\/home\/?s={search_term_string}\"},\"query-input\":\"required name=search_term_string\"}],\"inLanguage\":\"es\"}]}<\/script>\n<!-- \/ Yoast SEO plugin. -->","yoast_head_json":{"title":"Gamo HPA MI IGT Cal 5,5 - AirGunsLP","description":"Importador de armas de aire comprimido. Venta mayorista y minorista de todas las marcas nacionales. Stock permanente de todos los modelos.","robots":{"index":"index","follow":"follow","max-snippet":"max-snippet:-1","max-image-preview":"max-image-preview:large","max-video-preview":"max-video-preview:-1"},"canonical":"https:\/\/airgunslp.com.ar\/home\/producto\/gamo-hpa-mi-igt-cal-55\/","og_locale":"es_ES","og_type":"article","og_title":"Gamo HPA MI IGT Cal 5,5 - AirGunsLP","og_description":"Importador de armas de aire comprimido. Venta mayorista y minorista de todas las marcas nacionales. Stock permanente de todos los modelos.","og_url":"https:\/\/airgunslp.com.ar\/home\/producto\/gamo-hpa-mi-igt-cal-55\/","og_site_name":"AirGunsLP","article_publisher":"https:\/\/www.facebook.com\/airgunslp\/","article_modified_time":"2023-02-13T13:08:47+00:00","og_image":[{"width":1200,"height":1200,"url":"https:\/\/airgunslp.com.ar\/home\/wp-content\/uploads\/Sin-titulo-1-11.jpg","type":"image\/jpeg"}],"twitter_card":"summary_large_image","twitter_site":"@airgunslp","schema":{"@context":"https:\/\/schema.org","@graph":[{"@type":"WebPage","@id":"https:\/\/airgunslp.com.ar\/home\/producto\/gamo-hpa-mi-igt-cal-55\/","url":"https:\/\/airgunslp.com.ar\/home\/producto\/gamo-hpa-mi-igt-cal-55\/","name":"Gamo HPA MI IGT Cal 5,5 - AirGunsLP","isPartOf":{"@id":"https:\/\/airgunslp.com.ar\/home\/#website"},"primaryImageOfPage":{"@id":"https:\/\/airgunslp.com.ar\/home\/producto\/gamo-hpa-mi-igt-cal-55\/#primaryimage"},"image":{"@id":"https:\/\/airgunslp.com.ar\/home\/producto\/gamo-hpa-mi-igt-cal-55\/#primaryimage"},"thumbnailUrl":"https:\/\/airgunslp.com.ar\/home\/wp-content\/uploads\/Sin-titulo-1-11.jpg","datePublished":"2021-03-13T15:11:58+00:00","dateModified":"2023-02-13T13:08:47+00:00","description":"Importador de armas de aire comprimido. Venta mayorista y minorista de todas las marcas nacionales. Stock permanente de todos los modelos.","breadcrumb":{"@id":"https:\/\/airgunslp.com.ar\/home\/producto\/gamo-hpa-mi-igt-cal-55\/#breadcrumb"},"inLanguage":"es","potentialAction":[{"@type":"ReadAction","target":["https:\/\/airgunslp.com.ar\/home\/producto\/gamo-hpa-mi-igt-cal-55\/"]}]},{"@type":"ImageObject","inLanguage":"es","@id":"https:\/\/airgunslp.com.ar\/home\/producto\/gamo-hpa-mi-igt-cal-55\/#primaryimage","url":"https:\/\/airgunslp.com.ar\/home\/wp-content\/uploads\/Sin-titulo-1-11.jpg","contentUrl":"https:\/\/airgunslp.com.ar\/home\/wp-content\/uploads\/Sin-titulo-1-11.jpg","width":1200,"height":1200},{"@type":"BreadcrumbList","@id":"https:\/\/airgunslp.com.ar\/home\/producto\/gamo-hpa-mi-igt-cal-55\/#breadcrumb","itemListElement":[{"@type":"ListItem","position":1,"name":"Portada","item":"https:\/\/airgunslp.com.ar\/home\/"},{"@type":"ListItem","position":2,"name":"Productos","item":"https:\/\/airgunslp.com.ar\/home\/productos\/"},{"@type":"ListItem","position":3,"name":"Gamo HPA MI IGT Cal 5,5"}]},{"@type":"WebSite","@id":"https:\/\/airgunslp.com.ar\/home\/#website","url":"https:\/\/airgunslp.com.ar\/home\/","name":"AirGunsLP","description":"Venta de armas de aire comprimido","potentialAction":[{"@type":"SearchAction","target":{"@type":"EntryPoint","urlTemplate":"https:\/\/airgunslp.com.ar\/home\/?s={search_term_string}"},"query-input":"required name=search_term_string"}],"inLanguage":"es"}]}},"_links":{"self":[{"href":"https:\/\/airgunslp.com.ar\/home\/wp-json\/wp\/v2\/product\/1382"}],"collection":[{"href":"https:\/\/airgunslp.com.ar\/home\/wp-json\/wp\/v2\/product"}],"about":[{"href":"https:\/\/airgunslp.com.ar\/home\/wp-json\/wp\/v2\/types\/product"}],"wp:featuredmedia":[{"embeddable":true,"href":"https:\/\/airgunslp.com.ar\/home\/wp-json\/wp\/v2\/media\/1383"}],"wp:attachment":[{"href":"https:\/\/airgunslp.com.ar\/home\/wp-json\/wp\/v2\/media?parent=1382"}],"curies":[{"name":"wp","href":"https:\/\/api.w.org\/{rel}","templated":true}]}}