{"id":1026,"date":"2020-11-03T18:59:02","date_gmt":"2020-11-03T18:59:02","guid":{"rendered":"https:\/\/airgunslp.com.ar\/home\/?post_type=product&#038;p=1026"},"modified":"2024-04-17T14:57:56","modified_gmt":"2024-04-17T14:57:56","slug":"mira-telescopica-discovery-vt-r-4-16x44-sf","status":"publish","type":"product","link":"https:\/\/airgunslp.com.ar\/home\/producto\/mira-telescopica-discovery-vt-r-4-16x44-sf\/","title":{"rendered":"Mira Telesc\u00f3pica Discovery VT-R 4-16X44 SF"},"content":{"rendered":"<ul>\n<li>Modelo: VT-R 4-16X44 SF<\/li>\n<li>Aumentos: 4-16X<\/li>\n<li>Di\u00e1metro de Objetivo: 44mm<\/li>\n<li>Di\u00e1metro del Tubo: 30mm(1.1pulgadas)<\/li>\n<li>Largo: 31.7cm(12.48pulgadas)<\/li>\n<li>Peso: 450g(15.87oz)<\/li>\n<li>Ret\u00edculo: HMD SFP<\/li>\n<li>Plano Focal: Segundo Plano Focal<\/li>\n<li>Iluminaci\u00f3n: No<\/li>\n<li>Ajuste de Enfoque: Paralaje Lateral<\/li>\n<li>Ajuste del Paralaje(Yds): 10Yds-Infinito<\/li>\n<li>Zero Reset: Si<\/li>\n<li>Zero Stop: No<\/li>\n<li>Indicador de Revolucion: No<\/li>\n<li>Zero Lock: Si(Lock=Abajo)<\/li>\n<li>Valor de Ajuste por Click: 1\/10Mil<\/li>\n<li>Ajuste por Revolucion: 4.29Mil<\/li>\n<li>Rango de Ajuste de Elevacion: 14.54Mil<\/li>\n<li>Rango de Ajuste de Viento: 14.54Mil<\/li>\n<li>Recubrimiento: Lentes Multicapa<\/li>\n<li>Relleno de Nitr\u00f3geno: Si<\/li>\n<li>A Prueba de Golpes: Si<\/li>\n<li>A Prueba de Agua: si<\/li>\n<li>A Prueba de Niebla: Si<\/li>\n<\/ul>\n<h1 style=\"text-align: center;\"><\/h1>\n","protected":false},"excerpt":{"rendered":"<p>Modelo: VT-R 4-16X44 SF Aumentos: 4-16X Di\u00e1metro de Objetivo: 44mm Di\u00e1metro del Tubo: 30mm(1.1pulgadas) Largo: 31.7cm(12.48pulgadas) Peso: 450g(15.87oz) Ret\u00edculo: HMD SFP Plano Focal: Segundo Plano Focal Iluminaci\u00f3n: No Ajuste de Enfoque: Paralaje Lateral Ajuste del Paralaje(Yds): 10Yds-Infinito Zero Reset: Si Zero Stop: No Indicador de Revolucion: No Zero Lock: Si(Lock=Abajo) Valor de Ajuste por Click: [&#8230;]\n","protected":false},"featured_media":1030,"template":"","meta":{"_joinchat":[]},"yoast_head":"<!-- This site is optimized with the Yoast SEO plugin v23.3 - https:\/\/yoast.com\/wordpress\/plugins\/seo\/ -->\n<title>Mira Telesc\u00f3pica Discovery VT-R 4-16X44 SF - AirGunsLP<\/title>\n<meta name=\"description\" content=\"Importador de armas de aire comprimido. Venta mayorista y minorista de todas las marcas nacionales. Stock permanente de todos los modelos.\" \/>\n<meta name=\"robots\" content=\"index, follow, max-snippet:-1, max-image-preview:large, max-video-preview:-1\" \/>\n<link rel=\"canonical\" href=\"https:\/\/airgunslp.com.ar\/home\/producto\/mira-telescopica-discovery-vt-r-4-16x44-sf\/\" \/>\n<meta property=\"og:locale\" content=\"es_ES\" \/>\n<meta property=\"og:type\" content=\"article\" \/>\n<meta property=\"og:title\" content=\"Mira Telesc\u00f3pica Discovery VT-R 4-16X44 SF - AirGunsLP\" \/>\n<meta property=\"og:description\" content=\"Importador de armas de aire comprimido. Venta mayorista y minorista de todas las marcas nacionales. Stock permanente de todos los modelos.\" \/>\n<meta property=\"og:url\" content=\"https:\/\/airgunslp.com.ar\/home\/producto\/mira-telescopica-discovery-vt-r-4-16x44-sf\/\" \/>\n<meta property=\"og:site_name\" content=\"AirGunsLP\" \/>\n<meta property=\"article:publisher\" content=\"https:\/\/www.facebook.com\/airgunslp\/\" \/>\n<meta property=\"article:modified_time\" content=\"2024-04-17T14:57:56+00:00\" \/>\n<meta property=\"og:image\" content=\"https:\/\/airgunslp.com.ar\/home\/wp-content\/uploads\/1-200RR21944-50.jpg\" \/>\n\t<meta property=\"og:image:width\" content=\"900\" \/>\n\t<meta property=\"og:image:height\" content=\"900\" \/>\n\t<meta property=\"og:image:type\" content=\"image\/jpeg\" \/>\n<meta name=\"twitter:card\" content=\"summary_large_image\" \/>\n<meta name=\"twitter:site\" content=\"@airgunslp\" \/>\n<meta name=\"twitter:label1\" content=\"Tiempo de lectura\" \/>\n\t<meta name=\"twitter:data1\" content=\"1 minuto\" \/>\n<script type=\"application\/ld+json\" class=\"yoast-schema-graph\">{\"@context\":\"https:\/\/schema.org\",\"@graph\":[{\"@type\":\"WebPage\",\"@id\":\"https:\/\/airgunslp.com.ar\/home\/producto\/mira-telescopica-discovery-vt-r-4-16x44-sf\/\",\"url\":\"https:\/\/airgunslp.com.ar\/home\/producto\/mira-telescopica-discovery-vt-r-4-16x44-sf\/\",\"name\":\"Mira Telesc\u00f3pica Discovery VT-R 4-16X44 SF - AirGunsLP\",\"isPartOf\":{\"@id\":\"https:\/\/airgunslp.com.ar\/home\/#website\"},\"primaryImageOfPage\":{\"@id\":\"https:\/\/airgunslp.com.ar\/home\/producto\/mira-telescopica-discovery-vt-r-4-16x44-sf\/#primaryimage\"},\"image\":{\"@id\":\"https:\/\/airgunslp.com.ar\/home\/producto\/mira-telescopica-discovery-vt-r-4-16x44-sf\/#primaryimage\"},\"thumbnailUrl\":\"https:\/\/airgunslp.com.ar\/home\/wp-content\/uploads\/1-200RR21944-50.jpg\",\"datePublished\":\"2020-11-03T18:59:02+00:00\",\"dateModified\":\"2024-04-17T14:57:56+00:00\",\"description\":\"Importador de armas de aire comprimido. Venta mayorista y minorista de todas las marcas nacionales. Stock permanente de todos los modelos.\",\"breadcrumb\":{\"@id\":\"https:\/\/airgunslp.com.ar\/home\/producto\/mira-telescopica-discovery-vt-r-4-16x44-sf\/#breadcrumb\"},\"inLanguage\":\"es\",\"potentialAction\":[{\"@type\":\"ReadAction\",\"target\":[\"https:\/\/airgunslp.com.ar\/home\/producto\/mira-telescopica-discovery-vt-r-4-16x44-sf\/\"]}]},{\"@type\":\"ImageObject\",\"inLanguage\":\"es\",\"@id\":\"https:\/\/airgunslp.com.ar\/home\/producto\/mira-telescopica-discovery-vt-r-4-16x44-sf\/#primaryimage\",\"url\":\"https:\/\/airgunslp.com.ar\/home\/wp-content\/uploads\/1-200RR21944-50.jpg\",\"contentUrl\":\"https:\/\/airgunslp.com.ar\/home\/wp-content\/uploads\/1-200RR21944-50.jpg\",\"width\":900,\"height\":900},{\"@type\":\"BreadcrumbList\",\"@id\":\"https:\/\/airgunslp.com.ar\/home\/producto\/mira-telescopica-discovery-vt-r-4-16x44-sf\/#breadcrumb\",\"itemListElement\":[{\"@type\":\"ListItem\",\"position\":1,\"name\":\"Portada\",\"item\":\"https:\/\/airgunslp.com.ar\/home\/\"},{\"@type\":\"ListItem\",\"position\":2,\"name\":\"Productos\",\"item\":\"https:\/\/airgunslp.com.ar\/home\/productos\/\"},{\"@type\":\"ListItem\",\"position\":3,\"name\":\"Mira Telesc\u00f3pica Discovery VT-R 4-16X44 SF\"}]},{\"@type\":\"WebSite\",\"@id\":\"https:\/\/airgunslp.com.ar\/home\/#website\",\"url\":\"https:\/\/airgunslp.com.ar\/home\/\",\"name\":\"AirGunsLP\",\"description\":\"Venta de armas de aire comprimido\",\"potentialAction\":[{\"@type\":\"SearchAction\",\"target\":{\"@type\":\"EntryPoint\",\"urlTemplate\":\"https:\/\/airgunslp.com.ar\/home\/?s={search_term_string}\"},\"query-input\":\"required name=search_term_string\"}],\"inLanguage\":\"es\"}]}<\/script>\n<!-- \/ Yoast SEO plugin. -->","yoast_head_json":{"title":"Mira Telesc\u00f3pica Discovery VT-R 4-16X44 SF - AirGunsLP","description":"Importador de armas de aire comprimido. Venta mayorista y minorista de todas las marcas nacionales. Stock permanente de todos los modelos.","robots":{"index":"index","follow":"follow","max-snippet":"max-snippet:-1","max-image-preview":"max-image-preview:large","max-video-preview":"max-video-preview:-1"},"canonical":"https:\/\/airgunslp.com.ar\/home\/producto\/mira-telescopica-discovery-vt-r-4-16x44-sf\/","og_locale":"es_ES","og_type":"article","og_title":"Mira Telesc\u00f3pica Discovery VT-R 4-16X44 SF - AirGunsLP","og_description":"Importador de armas de aire comprimido. Venta mayorista y minorista de todas las marcas nacionales. Stock permanente de todos los modelos.","og_url":"https:\/\/airgunslp.com.ar\/home\/producto\/mira-telescopica-discovery-vt-r-4-16x44-sf\/","og_site_name":"AirGunsLP","article_publisher":"https:\/\/www.facebook.com\/airgunslp\/","article_modified_time":"2024-04-17T14:57:56+00:00","og_image":[{"width":900,"height":900,"url":"https:\/\/airgunslp.com.ar\/home\/wp-content\/uploads\/1-200RR21944-50.jpg","type":"image\/jpeg"}],"twitter_card":"summary_large_image","twitter_site":"@airgunslp","twitter_misc":{"Tiempo de lectura":"1 minuto"},"schema":{"@context":"https:\/\/schema.org","@graph":[{"@type":"WebPage","@id":"https:\/\/airgunslp.com.ar\/home\/producto\/mira-telescopica-discovery-vt-r-4-16x44-sf\/","url":"https:\/\/airgunslp.com.ar\/home\/producto\/mira-telescopica-discovery-vt-r-4-16x44-sf\/","name":"Mira Telesc\u00f3pica Discovery VT-R 4-16X44 SF - AirGunsLP","isPartOf":{"@id":"https:\/\/airgunslp.com.ar\/home\/#website"},"primaryImageOfPage":{"@id":"https:\/\/airgunslp.com.ar\/home\/producto\/mira-telescopica-discovery-vt-r-4-16x44-sf\/#primaryimage"},"image":{"@id":"https:\/\/airgunslp.com.ar\/home\/producto\/mira-telescopica-discovery-vt-r-4-16x44-sf\/#primaryimage"},"thumbnailUrl":"https:\/\/airgunslp.com.ar\/home\/wp-content\/uploads\/1-200RR21944-50.jpg","datePublished":"2020-11-03T18:59:02+00:00","dateModified":"2024-04-17T14:57:56+00:00","description":"Importador de armas de aire comprimido. Venta mayorista y minorista de todas las marcas nacionales. Stock permanente de todos los modelos.","breadcrumb":{"@id":"https:\/\/airgunslp.com.ar\/home\/producto\/mira-telescopica-discovery-vt-r-4-16x44-sf\/#breadcrumb"},"inLanguage":"es","potentialAction":[{"@type":"ReadAction","target":["https:\/\/airgunslp.com.ar\/home\/producto\/mira-telescopica-discovery-vt-r-4-16x44-sf\/"]}]},{"@type":"ImageObject","inLanguage":"es","@id":"https:\/\/airgunslp.com.ar\/home\/producto\/mira-telescopica-discovery-vt-r-4-16x44-sf\/#primaryimage","url":"https:\/\/airgunslp.com.ar\/home\/wp-content\/uploads\/1-200RR21944-50.jpg","contentUrl":"https:\/\/airgunslp.com.ar\/home\/wp-content\/uploads\/1-200RR21944-50.jpg","width":900,"height":900},{"@type":"BreadcrumbList","@id":"https:\/\/airgunslp.com.ar\/home\/producto\/mira-telescopica-discovery-vt-r-4-16x44-sf\/#breadcrumb","itemListElement":[{"@type":"ListItem","position":1,"name":"Portada","item":"https:\/\/airgunslp.com.ar\/home\/"},{"@type":"ListItem","position":2,"name":"Productos","item":"https:\/\/airgunslp.com.ar\/home\/productos\/"},{"@type":"ListItem","position":3,"name":"Mira Telesc\u00f3pica Discovery VT-R 4-16X44 SF"}]},{"@type":"WebSite","@id":"https:\/\/airgunslp.com.ar\/home\/#website","url":"https:\/\/airgunslp.com.ar\/home\/","name":"AirGunsLP","description":"Venta de armas de aire comprimido","potentialAction":[{"@type":"SearchAction","target":{"@type":"EntryPoint","urlTemplate":"https:\/\/airgunslp.com.ar\/home\/?s={search_term_string}"},"query-input":"required name=search_term_string"}],"inLanguage":"es"}]}},"_links":{"self":[{"href":"https:\/\/airgunslp.com.ar\/home\/wp-json\/wp\/v2\/product\/1026"}],"collection":[{"href":"https:\/\/airgunslp.com.ar\/home\/wp-json\/wp\/v2\/product"}],"about":[{"href":"https:\/\/airgunslp.com.ar\/home\/wp-json\/wp\/v2\/types\/product"}],"wp:featuredmedia":[{"embeddable":true,"href":"https:\/\/airgunslp.com.ar\/home\/wp-json\/wp\/v2\/media\/1030"}],"wp:attachment":[{"href":"https:\/\/airgunslp.com.ar\/home\/wp-json\/wp\/v2\/media?parent=1026"}],"curies":[{"name":"wp","href":"https:\/\/api.w.org\/{rel}","templated":true}]}}